{"id":8420,"date":"2025-02-17T18:54:38","date_gmt":"2025-02-17T17:54:38","guid":{"rendered":"https:\/\/detallesboda.com\/?product=lote-100-pantallas-faciales-infantil-animales"},"modified":"2025-05-14T11:20:49","modified_gmt":"2025-05-14T09:20:49","slug":"lote-100-pantallas-faciales-infantil-animales","status":"publish","type":"product","link":"https:\/\/detallesboda.com\/?product=lote-100-pantallas-faciales-infantil-animales","title":{"rendered":"LOTE 100 PANTALLAS FACIALES INFANTIL ANIMALES"},"content":{"rendered":"<p style=\"line-height:15.75pt;background:#FFFFFF;margin:0cm 0cm 4.5pt 0cm\"><span style=\"font-size:10.5pt;font-family:Arial, sans-serif\">Pantalla facial INFANTIL con dibujos Animales en PET y cart\u00f3n laminado extra-resistente de acabado mate -250g\/m2-. F\u00e1cil de desinfectar despu\u00e9s de cada uso, con cinta ajustable de velcro para la cabeza y almohadilla de protecci\u00f3n para un c\u00f3modo ajuste en la frente. Proporciona un amplio campo de visi\u00f3n a la vez que aislamiento frente a salpicaduras y part\u00edculas en zonas especialmente sensibles, como el \u00e1rea ocular, nariz y boca.<\/p>\n<p>Dise\u00f1ada especialmente para la protecci\u00f3n contra el COVID-19<\/span><span style=\"font-size:10.5pt;font-family:Arial, sans-serif\"><\/span><\/p>\n<\/p>\n<p style=\"line-height:15.75pt;background:#FFFFFF;margin:0cm 0cm 4.5pt 0cm\"><span style=\"font-size:10.5pt;font-family:Arial, sans-serif\">Id\u00f3nea como barrera de protecci\u00f3n higi\u00e9nica adicional a la distancia social y\/o al uso de mascarillas.<br \/>Fabricada con materiales aptos para el contacto con la piel, con terminaciones dise\u00f1adas para un uso prolongado, sin provocar incomodidad o irritaciones.<\/span><span style=\"font-size:10.5pt;font-family:Arial, sans-serif\"><\/span><\/p>\n<\/p>\n<p style=\"margin:0cm 0cm 4.5pt;line-height:15.75pt;background:#FFFFFF\"><span style=\"font-size:10.5pt;font-family:Arial, sans-serif\">8PET\/ Cart\u00f3n Laminado 250 g\/ m2<\/span><span style=\"font-size:10.5pt;font-family:Arial, sans-serif\"><\/span><\/p>\n<\/p>\n<p style=\"margin:0cm;line-height:13.5pt;background:#FFFFFF;vertical-align:baseline\">Medidas: 25,5 ancho x 20 alto cm<\/p><\/p>\n","protected":false},"excerpt":{"rendered":"<p>Pantalla facial INFANTIL con dibujos Animales en P<\/p>\n","protected":false},"featured_media":8466,"comment_status":"open","ping_status":"open","template":"","meta":{"_monsterinsights_skip_tracking":false,"_monsterinsights_sitenote_active":false,"_monsterinsights_sitenote_note":"","_monsterinsights_sitenote_category":0},"product_brand":[],"product_cat":[123],"product_tag":[],"class_list":{"0":"post-8420","1":"product","2":"type-product","3":"status-publish","4":"has-post-thumbnail","6":"product_cat-proteccion-higienica","8":"first","9":"instock","10":"shipping-taxable","11":"purchasable","12":"product-type-simple"},"yoast_head":"<!-- This site is optimized with the Yoast SEO Premium plugin v24.4 (Yoast SEO v24.4) - https:\/\/yoast.com\/wordpress\/plugins\/seo\/ -->\n<title>LOTE 100 PANTALLAS FACIALES INFANTIL ANIMALES - detallesboda.com<\/title>\n<meta name=\"robots\" content=\"index, follow, max-snippet:-1, max-image-preview:large, max-video-preview:-1\" \/>\n<link rel=\"canonical\" href=\"https:\/\/detallesboda.com\/?product=lote-100-pantallas-faciales-infantil-animales\" \/>\n<meta property=\"og:locale\" content=\"en_US\" \/>\n<meta property=\"og:type\" content=\"article\" \/>\n<meta property=\"og:title\" content=\"LOTE 100 PANTALLAS FACIALES INFANTIL ANIMALES\" \/>\n<meta property=\"og:description\" content=\"Pantalla facial INFANTIL con dibujos Animales en P\" \/>\n<meta property=\"og:url\" content=\"https:\/\/detallesboda.com\/?product=lote-100-pantallas-faciales-infantil-animales\" \/>\n<meta property=\"og:site_name\" content=\"detallesboda.com\" \/>\n<meta property=\"article:modified_time\" content=\"2025-05-14T09:20:49+00:00\" \/>\n<meta property=\"og:image\" content=\"https:\/\/detallesboda.com\/wp-content\/uploads\/2025\/02\/10115.jpg\" \/>\n\t<meta property=\"og:image:width\" content=\"700\" \/>\n\t<meta property=\"og:image:height\" content=\"700\" \/>\n\t<meta property=\"og:image:type\" content=\"image\/jpeg\" \/>\n<meta name=\"twitter:card\" content=\"summary_large_image\" \/>\n<meta name=\"twitter:label1\" content=\"Est. reading time\" \/>\n\t<meta name=\"twitter:data1\" content=\"1 minute\" \/>\n<script type=\"application\/ld+json\" class=\"yoast-schema-graph\">{\"@context\":\"https:\/\/schema.org\",\"@graph\":[{\"@type\":\"WebPage\",\"@id\":\"https:\/\/detallesboda.com\/?product=lote-100-pantallas-faciales-infantil-animales\",\"url\":\"https:\/\/detallesboda.com\/?product=lote-100-pantallas-faciales-infantil-animales\",\"name\":\"LOTE 100 PANTALLAS FACIALES INFANTIL ANIMALES - detallesboda.com\",\"isPartOf\":{\"@id\":\"https:\/\/detallesboda.com\/#website\"},\"primaryImageOfPage\":{\"@id\":\"https:\/\/detallesboda.com\/?product=lote-100-pantallas-faciales-infantil-animales#primaryimage\"},\"image\":{\"@id\":\"https:\/\/detallesboda.com\/?product=lote-100-pantallas-faciales-infantil-animales#primaryimage\"},\"thumbnailUrl\":\"https:\/\/detallesboda.com\/wp-content\/uploads\/2025\/02\/10115.jpg\",\"datePublished\":\"2025-02-17T17:54:38+00:00\",\"dateModified\":\"2025-05-14T09:20:49+00:00\",\"breadcrumb\":{\"@id\":\"https:\/\/detallesboda.com\/?product=lote-100-pantallas-faciales-infantil-animales#breadcrumb\"},\"inLanguage\":\"en-US\",\"potentialAction\":[{\"@type\":\"ReadAction\",\"target\":[\"https:\/\/detallesboda.com\/?product=lote-100-pantallas-faciales-infantil-animales\"]}]},{\"@type\":\"ImageObject\",\"inLanguage\":\"en-US\",\"@id\":\"https:\/\/detallesboda.com\/?product=lote-100-pantallas-faciales-infantil-animales#primaryimage\",\"url\":\"https:\/\/detallesboda.com\/wp-content\/uploads\/2025\/02\/10115.jpg\",\"contentUrl\":\"https:\/\/detallesboda.com\/wp-content\/uploads\/2025\/02\/10115.jpg\",\"width\":700,\"height\":700},{\"@type\":\"BreadcrumbList\",\"@id\":\"https:\/\/detallesboda.com\/?product=lote-100-pantallas-faciales-infantil-animales#breadcrumb\",\"itemListElement\":[{\"@type\":\"ListItem\",\"position\":1,\"name\":\"Home\",\"item\":\"https:\/\/www.detallesboda.com\/\"},{\"@type\":\"ListItem\",\"position\":2,\"name\":\"Shop\",\"item\":\"https:\/\/www.detallesboda.com\/?page_id=6\"},{\"@type\":\"ListItem\",\"position\":3,\"name\":\"LOTE 100 PANTALLAS FACIALES INFANTIL ANIMALES\"}]},{\"@type\":\"WebSite\",\"@id\":\"https:\/\/detallesboda.com\/#website\",\"url\":\"https:\/\/detallesboda.com\/\",\"name\":\"detallesboda.com\",\"description\":\"En detallesboda.com, tenemos una gran variedad de m\u00e1s de mil art\u00edculos para regalar como detalle a tus queridos invitados. Compra online y personaliza cualquiera de nuestro productos\",\"potentialAction\":[{\"@type\":\"SearchAction\",\"target\":{\"@type\":\"EntryPoint\",\"urlTemplate\":\"https:\/\/detallesboda.com\/?s={search_term_string}\"},\"query-input\":{\"@type\":\"PropertyValueSpecification\",\"valueRequired\":true,\"valueName\":\"search_term_string\"}}],\"inLanguage\":\"en-US\"}]}<\/script>\n<!-- \/ Yoast SEO Premium plugin. -->","yoast_head_json":{"title":"LOTE 100 PANTALLAS FACIALES INFANTIL ANIMALES - detallesboda.com","robots":{"index":"index","follow":"follow","max-snippet":"max-snippet:-1","max-image-preview":"max-image-preview:large","max-video-preview":"max-video-preview:-1"},"canonical":"https:\/\/detallesboda.com\/?product=lote-100-pantallas-faciales-infantil-animales","og_locale":"en_US","og_type":"article","og_title":"LOTE 100 PANTALLAS FACIALES INFANTIL ANIMALES","og_description":"Pantalla facial INFANTIL con dibujos Animales en P","og_url":"https:\/\/detallesboda.com\/?product=lote-100-pantallas-faciales-infantil-animales","og_site_name":"detallesboda.com","article_modified_time":"2025-05-14T09:20:49+00:00","og_image":[{"width":700,"height":700,"url":"https:\/\/detallesboda.com\/wp-content\/uploads\/2025\/02\/10115.jpg","type":"image\/jpeg"}],"twitter_card":"summary_large_image","twitter_misc":{"Est. reading time":"1 minute"},"schema":{"@context":"https:\/\/schema.org","@graph":[{"@type":"WebPage","@id":"https:\/\/detallesboda.com\/?product=lote-100-pantallas-faciales-infantil-animales","url":"https:\/\/detallesboda.com\/?product=lote-100-pantallas-faciales-infantil-animales","name":"LOTE 100 PANTALLAS FACIALES INFANTIL ANIMALES - detallesboda.com","isPartOf":{"@id":"https:\/\/detallesboda.com\/#website"},"primaryImageOfPage":{"@id":"https:\/\/detallesboda.com\/?product=lote-100-pantallas-faciales-infantil-animales#primaryimage"},"image":{"@id":"https:\/\/detallesboda.com\/?product=lote-100-pantallas-faciales-infantil-animales#primaryimage"},"thumbnailUrl":"https:\/\/detallesboda.com\/wp-content\/uploads\/2025\/02\/10115.jpg","datePublished":"2025-02-17T17:54:38+00:00","dateModified":"2025-05-14T09:20:49+00:00","breadcrumb":{"@id":"https:\/\/detallesboda.com\/?product=lote-100-pantallas-faciales-infantil-animales#breadcrumb"},"inLanguage":"en-US","potentialAction":[{"@type":"ReadAction","target":["https:\/\/detallesboda.com\/?product=lote-100-pantallas-faciales-infantil-animales"]}]},{"@type":"ImageObject","inLanguage":"en-US","@id":"https:\/\/detallesboda.com\/?product=lote-100-pantallas-faciales-infantil-animales#primaryimage","url":"https:\/\/detallesboda.com\/wp-content\/uploads\/2025\/02\/10115.jpg","contentUrl":"https:\/\/detallesboda.com\/wp-content\/uploads\/2025\/02\/10115.jpg","width":700,"height":700},{"@type":"BreadcrumbList","@id":"https:\/\/detallesboda.com\/?product=lote-100-pantallas-faciales-infantil-animales#breadcrumb","itemListElement":[{"@type":"ListItem","position":1,"name":"Home","item":"https:\/\/www.detallesboda.com\/"},{"@type":"ListItem","position":2,"name":"Shop","item":"https:\/\/www.detallesboda.com\/?page_id=6"},{"@type":"ListItem","position":3,"name":"LOTE 100 PANTALLAS FACIALES INFANTIL ANIMALES"}]},{"@type":"WebSite","@id":"https:\/\/detallesboda.com\/#website","url":"https:\/\/detallesboda.com\/","name":"detallesboda.com","description":"En detallesboda.com, tenemos una gran variedad de m\u00e1s de mil art\u00edculos para regalar como detalle a tus queridos invitados. Compra online y personaliza cualquiera de nuestro productos","potentialAction":[{"@type":"SearchAction","target":{"@type":"EntryPoint","urlTemplate":"https:\/\/detallesboda.com\/?s={search_term_string}"},"query-input":{"@type":"PropertyValueSpecification","valueRequired":true,"valueName":"search_term_string"}}],"inLanguage":"en-US"}]}},"_links":{"self":[{"href":"https:\/\/detallesboda.com\/index.php?rest_route=\/wp\/v2\/product\/8420","targetHints":{"allow":["GET"]}}],"collection":[{"href":"https:\/\/detallesboda.com\/index.php?rest_route=\/wp\/v2\/product"}],"about":[{"href":"https:\/\/detallesboda.com\/index.php?rest_route=\/wp\/v2\/types\/product"}],"replies":[{"embeddable":true,"href":"https:\/\/detallesboda.com\/index.php?rest_route=%2Fwp%2Fv2%2Fcomments&post=8420"}],"wp:featuredmedia":[{"embeddable":true,"href":"https:\/\/detallesboda.com\/index.php?rest_route=\/wp\/v2\/media\/8466"}],"wp:attachment":[{"href":"https:\/\/detallesboda.com\/index.php?rest_route=%2Fwp%2Fv2%2Fmedia&parent=8420"}],"wp:term":[{"taxonomy":"product_brand","embeddable":true,"href":"https:\/\/detallesboda.com\/index.php?rest_route=%2Fwp%2Fv2%2Fproduct_brand&post=8420"},{"taxonomy":"product_cat","embeddable":true,"href":"https:\/\/detallesboda.com\/index.php?rest_route=%2Fwp%2Fv2%2Fproduct_cat&post=8420"},{"taxonomy":"product_tag","embeddable":true,"href":"https:\/\/detallesboda.com\/index.php?rest_route=%2Fwp%2Fv2%2Fproduct_tag&post=8420"}],"curies":[{"name":"wp","href":"https:\/\/api.w.org\/{rel}","templated":true}]}}