{"id":8416,"date":"2025-02-17T18:54:37","date_gmt":"2025-02-17T17:54:37","guid":{"rendered":"https:\/\/detallesboda.com\/?product=lanyard-poliester-rojo"},"modified":"2025-05-14T11:20:48","modified_gmt":"2025-05-14T09:20:48","slug":"lanyard-poliester-rojo","status":"publish","type":"product","link":"https:\/\/detallesboda.com\/?product=lanyard-poliester-rojo","title":{"rendered":"LANYARD POLIESTER ROJO"},"content":{"rendered":"<p style=\"line-height:21px;margin:0px 0px 6px;padding:10px 0px;color:#343e44;font-family:HelveticaNeue, Helvetica, Arial, Verdana, sans-serif;font-size:14px;background-color:#ffffff\">Original lanyard portamascarillas con cord\u00f3n extra resistente, para acople de todo tipo de mascarillas. Dise\u00f1ado para un c\u00f3modo transporte de la mascarilla, siempre accesible. Accesorios de pl\u00e1stico en color blanco, con ganchos de seguridad muy f\u00e1ciles de poner y quitar. Incluye ajustador craneal. Es Ajustable.<\/p>\n<p style=\"line-height:21px;margin:0px 0px 6px;padding:10px 0px;color:#343e44;font-family:HelveticaNeue, Helvetica, Arial, Verdana, sans-serif;font-size:14px;background-color:#ffffff\">Medidas: 1,5 x 48 cm \/ Peso: 4 gr<\/p>\n<p style=\"line-height:21px;margin:0px 0px 6px;padding:10px 0px;color:#343e44;font-family:HelveticaNeue, Helvetica, Arial, Verdana, sans-serif;font-size:14px;background-color:#ffffff\">Material: Poli\u00e9ster<\/p>\n<p style=\"line-height:21px;margin:0px 0px 6px;padding:10px 0px;color:#343e44;font-family:HelveticaNeue, Helvetica, Arial, Verdana, sans-serif;font-size:14px;background-color:#ffffff\">Color: Rojo<\/p>\n","protected":false},"excerpt":{"rendered":"<p>Original lanyard portamascarillas con cord\u00f3n extra<\/p>\n","protected":false},"featured_media":8614,"comment_status":"open","ping_status":"open","template":"","meta":{"_monsterinsights_skip_tracking":false,"_monsterinsights_sitenote_active":false,"_monsterinsights_sitenote_note":"","_monsterinsights_sitenote_category":0},"product_brand":[],"product_cat":[123],"product_tag":[],"class_list":{"0":"post-8416","1":"product","2":"type-product","3":"status-publish","4":"has-post-thumbnail","6":"product_cat-proteccion-higienica","8":"first","9":"instock","10":"shipping-taxable","11":"purchasable","12":"product-type-simple"},"yoast_head":"<!-- This site is optimized with the Yoast SEO Premium plugin v24.4 (Yoast SEO v24.4) - https:\/\/yoast.com\/wordpress\/plugins\/seo\/ -->\n<title>LANYARD POLIESTER ROJO - detallesboda.com<\/title>\n<meta name=\"robots\" content=\"index, follow, max-snippet:-1, max-image-preview:large, max-video-preview:-1\" \/>\n<link rel=\"canonical\" href=\"https:\/\/detallesboda.com\/?product=lanyard-poliester-rojo\" \/>\n<meta property=\"og:locale\" content=\"en_US\" \/>\n<meta property=\"og:type\" content=\"article\" \/>\n<meta property=\"og:title\" content=\"LANYARD POLIESTER ROJO\" \/>\n<meta property=\"og:description\" content=\"Original lanyard portamascarillas con cord\u00f3n extra\" \/>\n<meta property=\"og:url\" content=\"https:\/\/detallesboda.com\/?product=lanyard-poliester-rojo\" \/>\n<meta property=\"og:site_name\" content=\"detallesboda.com\" \/>\n<meta property=\"article:modified_time\" content=\"2025-05-14T09:20:48+00:00\" \/>\n<meta property=\"og:image\" content=\"https:\/\/detallesboda.com\/wp-content\/uploads\/2025\/02\/9133.jpg\" \/>\n\t<meta property=\"og:image:width\" content=\"500\" \/>\n\t<meta property=\"og:image:height\" content=\"500\" \/>\n\t<meta property=\"og:image:type\" content=\"image\/jpeg\" \/>\n<meta name=\"twitter:card\" content=\"summary_large_image\" \/>\n<script type=\"application\/ld+json\" class=\"yoast-schema-graph\">{\"@context\":\"https:\/\/schema.org\",\"@graph\":[{\"@type\":\"WebPage\",\"@id\":\"https:\/\/detallesboda.com\/?product=lanyard-poliester-rojo\",\"url\":\"https:\/\/detallesboda.com\/?product=lanyard-poliester-rojo\",\"name\":\"LANYARD POLIESTER ROJO - detallesboda.com\",\"isPartOf\":{\"@id\":\"https:\/\/detallesboda.com\/#website\"},\"primaryImageOfPage\":{\"@id\":\"https:\/\/detallesboda.com\/?product=lanyard-poliester-rojo#primaryimage\"},\"image\":{\"@id\":\"https:\/\/detallesboda.com\/?product=lanyard-poliester-rojo#primaryimage\"},\"thumbnailUrl\":\"https:\/\/detallesboda.com\/wp-content\/uploads\/2025\/02\/9133.jpg\",\"datePublished\":\"2025-02-17T17:54:37+00:00\",\"dateModified\":\"2025-05-14T09:20:48+00:00\",\"breadcrumb\":{\"@id\":\"https:\/\/detallesboda.com\/?product=lanyard-poliester-rojo#breadcrumb\"},\"inLanguage\":\"en-US\",\"potentialAction\":[{\"@type\":\"ReadAction\",\"target\":[\"https:\/\/detallesboda.com\/?product=lanyard-poliester-rojo\"]}]},{\"@type\":\"ImageObject\",\"inLanguage\":\"en-US\",\"@id\":\"https:\/\/detallesboda.com\/?product=lanyard-poliester-rojo#primaryimage\",\"url\":\"https:\/\/detallesboda.com\/wp-content\/uploads\/2025\/02\/9133.jpg\",\"contentUrl\":\"https:\/\/detallesboda.com\/wp-content\/uploads\/2025\/02\/9133.jpg\",\"width\":500,\"height\":500},{\"@type\":\"BreadcrumbList\",\"@id\":\"https:\/\/detallesboda.com\/?product=lanyard-poliester-rojo#breadcrumb\",\"itemListElement\":[{\"@type\":\"ListItem\",\"position\":1,\"name\":\"Home\",\"item\":\"https:\/\/www.detallesboda.com\/\"},{\"@type\":\"ListItem\",\"position\":2,\"name\":\"Shop\",\"item\":\"https:\/\/www.detallesboda.com\/?page_id=6\"},{\"@type\":\"ListItem\",\"position\":3,\"name\":\"LANYARD POLIESTER ROJO\"}]},{\"@type\":\"WebSite\",\"@id\":\"https:\/\/detallesboda.com\/#website\",\"url\":\"https:\/\/detallesboda.com\/\",\"name\":\"detallesboda.com\",\"description\":\"En detallesboda.com, tenemos una gran variedad de m\u00e1s de mil art\u00edculos para regalar como detalle a tus queridos invitados. Compra online y personaliza cualquiera de nuestro productos\",\"potentialAction\":[{\"@type\":\"SearchAction\",\"target\":{\"@type\":\"EntryPoint\",\"urlTemplate\":\"https:\/\/detallesboda.com\/?s={search_term_string}\"},\"query-input\":{\"@type\":\"PropertyValueSpecification\",\"valueRequired\":true,\"valueName\":\"search_term_string\"}}],\"inLanguage\":\"en-US\"}]}<\/script>\n<!-- \/ Yoast SEO Premium plugin. -->","yoast_head_json":{"title":"LANYARD POLIESTER ROJO - detallesboda.com","robots":{"index":"index","follow":"follow","max-snippet":"max-snippet:-1","max-image-preview":"max-image-preview:large","max-video-preview":"max-video-preview:-1"},"canonical":"https:\/\/detallesboda.com\/?product=lanyard-poliester-rojo","og_locale":"en_US","og_type":"article","og_title":"LANYARD POLIESTER ROJO","og_description":"Original lanyard portamascarillas con cord\u00f3n extra","og_url":"https:\/\/detallesboda.com\/?product=lanyard-poliester-rojo","og_site_name":"detallesboda.com","article_modified_time":"2025-05-14T09:20:48+00:00","og_image":[{"width":500,"height":500,"url":"https:\/\/detallesboda.com\/wp-content\/uploads\/2025\/02\/9133.jpg","type":"image\/jpeg"}],"twitter_card":"summary_large_image","schema":{"@context":"https:\/\/schema.org","@graph":[{"@type":"WebPage","@id":"https:\/\/detallesboda.com\/?product=lanyard-poliester-rojo","url":"https:\/\/detallesboda.com\/?product=lanyard-poliester-rojo","name":"LANYARD POLIESTER ROJO - detallesboda.com","isPartOf":{"@id":"https:\/\/detallesboda.com\/#website"},"primaryImageOfPage":{"@id":"https:\/\/detallesboda.com\/?product=lanyard-poliester-rojo#primaryimage"},"image":{"@id":"https:\/\/detallesboda.com\/?product=lanyard-poliester-rojo#primaryimage"},"thumbnailUrl":"https:\/\/detallesboda.com\/wp-content\/uploads\/2025\/02\/9133.jpg","datePublished":"2025-02-17T17:54:37+00:00","dateModified":"2025-05-14T09:20:48+00:00","breadcrumb":{"@id":"https:\/\/detallesboda.com\/?product=lanyard-poliester-rojo#breadcrumb"},"inLanguage":"en-US","potentialAction":[{"@type":"ReadAction","target":["https:\/\/detallesboda.com\/?product=lanyard-poliester-rojo"]}]},{"@type":"ImageObject","inLanguage":"en-US","@id":"https:\/\/detallesboda.com\/?product=lanyard-poliester-rojo#primaryimage","url":"https:\/\/detallesboda.com\/wp-content\/uploads\/2025\/02\/9133.jpg","contentUrl":"https:\/\/detallesboda.com\/wp-content\/uploads\/2025\/02\/9133.jpg","width":500,"height":500},{"@type":"BreadcrumbList","@id":"https:\/\/detallesboda.com\/?product=lanyard-poliester-rojo#breadcrumb","itemListElement":[{"@type":"ListItem","position":1,"name":"Home","item":"https:\/\/www.detallesboda.com\/"},{"@type":"ListItem","position":2,"name":"Shop","item":"https:\/\/www.detallesboda.com\/?page_id=6"},{"@type":"ListItem","position":3,"name":"LANYARD POLIESTER ROJO"}]},{"@type":"WebSite","@id":"https:\/\/detallesboda.com\/#website","url":"https:\/\/detallesboda.com\/","name":"detallesboda.com","description":"En detallesboda.com, tenemos una gran variedad de m\u00e1s de mil art\u00edculos para regalar como detalle a tus queridos invitados. Compra online y personaliza cualquiera de nuestro productos","potentialAction":[{"@type":"SearchAction","target":{"@type":"EntryPoint","urlTemplate":"https:\/\/detallesboda.com\/?s={search_term_string}"},"query-input":{"@type":"PropertyValueSpecification","valueRequired":true,"valueName":"search_term_string"}}],"inLanguage":"en-US"}]}},"_links":{"self":[{"href":"https:\/\/detallesboda.com\/index.php?rest_route=\/wp\/v2\/product\/8416","targetHints":{"allow":["GET"]}}],"collection":[{"href":"https:\/\/detallesboda.com\/index.php?rest_route=\/wp\/v2\/product"}],"about":[{"href":"https:\/\/detallesboda.com\/index.php?rest_route=\/wp\/v2\/types\/product"}],"replies":[{"embeddable":true,"href":"https:\/\/detallesboda.com\/index.php?rest_route=%2Fwp%2Fv2%2Fcomments&post=8416"}],"wp:featuredmedia":[{"embeddable":true,"href":"https:\/\/detallesboda.com\/index.php?rest_route=\/wp\/v2\/media\/8614"}],"wp:attachment":[{"href":"https:\/\/detallesboda.com\/index.php?rest_route=%2Fwp%2Fv2%2Fmedia&parent=8416"}],"wp:term":[{"taxonomy":"product_brand","embeddable":true,"href":"https:\/\/detallesboda.com\/index.php?rest_route=%2Fwp%2Fv2%2Fproduct_brand&post=8416"},{"taxonomy":"product_cat","embeddable":true,"href":"https:\/\/detallesboda.com\/index.php?rest_route=%2Fwp%2Fv2%2Fproduct_cat&post=8416"},{"taxonomy":"product_tag","embeddable":true,"href":"https:\/\/detallesboda.com\/index.php?rest_route=%2Fwp%2Fv2%2Fproduct_tag&post=8416"}],"curies":[{"name":"wp","href":"https:\/\/api.w.org\/{rel}","templated":true}]}}