{"id":8395,"date":"2025-02-17T18:54:33","date_gmt":"2025-02-17T17:54:33","guid":{"rendered":"https:\/\/detallesboda.com\/?product=pulsera-autodispensador-gel-manosbotella-vacia"},"modified":"2025-05-14T11:20:42","modified_gmt":"2025-05-14T09:20:42","slug":"pulsera-autodispensador-gel-manosbotella-vacia","status":"publish","type":"product","link":"https:\/\/detallesboda.com\/?product=pulsera-autodispensador-gel-manosbotella-vacia","title":{"rendered":"PULSERA AUTODISPENSADOR GEL MANOS+BOTELLA VACIA"},"content":{"rendered":"<p>Caracter\u00edsticas:<\/p>\n<p>1. Es lavable, reutilizable y para l\u00edquidos sueltos y geles l\u00edquidos.<\/p>\n<p>2. Llena con tu propio l\u00edquido de elecci\u00f3n y presiona el dispensador de la pulsera cu\u00e1ndo necesites gel.<\/p>\n<p>3. Esta pulsera es ideal para aquellos que viajan, trabajan en el cuidado de la salud, ni\u00f1os y todos los p\u00fablicos<\/p>\n<\/p>\n<p>Descripci\u00f3n:<\/p>\n<p>1. Es el regalo perfecto para t\u00ed o para cualquier celebraci\u00f3n o evento.<\/p>\n<\/p>\n<p>Especificaciones:<\/p>\n<p>Material: Silicona<\/p>\n<p>Color: Surtidos<\/p>\n<p>Tama\u00f1o: 24 x 2,3 cm<\/p>\n<p>SE SIRVE VAC\u00cdA<\/p>\n<\/p>\n<p>Cada paquete contiene;<\/p>\n<p>1x Unidad pulsera de mano con dispensador<\/p>\n<p>1x botella rellenadora<\/p>\n<p>1x Bolsa PVC presentaci\u00f3n<\/p>\n","protected":false},"excerpt":{"rendered":"<p>Caracter\u00edsticas:<br \/>\n1. Es lavable, reutilizable y par<\/p>\n","protected":false},"featured_media":8463,"comment_status":"open","ping_status":"open","template":"","meta":{"_monsterinsights_skip_tracking":false,"_monsterinsights_sitenote_active":false,"_monsterinsights_sitenote_note":"","_monsterinsights_sitenote_category":0},"product_brand":[],"product_cat":[123],"product_tag":[],"class_list":{"0":"post-8395","1":"product","2":"type-product","3":"status-publish","4":"has-post-thumbnail","6":"product_cat-proteccion-higienica","8":"first","9":"instock","10":"shipping-taxable","11":"purchasable","12":"product-type-simple"},"yoast_head":"<!-- This site is optimized with the Yoast SEO Premium plugin v24.4 (Yoast SEO v24.4) - https:\/\/yoast.com\/wordpress\/plugins\/seo\/ -->\n<title>PULSERA AUTODISPENSADOR GEL MANOS+BOTELLA VACIA - detallesboda.com<\/title>\n<meta name=\"robots\" content=\"index, follow, max-snippet:-1, max-image-preview:large, max-video-preview:-1\" \/>\n<link rel=\"canonical\" href=\"https:\/\/detallesboda.com\/?product=pulsera-autodispensador-gel-manosbotella-vacia\" \/>\n<meta property=\"og:locale\" content=\"en_US\" \/>\n<meta property=\"og:type\" content=\"article\" \/>\n<meta property=\"og:title\" content=\"PULSERA AUTODISPENSADOR GEL MANOS+BOTELLA VACIA\" \/>\n<meta property=\"og:description\" content=\"Caracter\u00edsticas: 1. Es lavable, reutilizable y par\" \/>\n<meta property=\"og:url\" content=\"https:\/\/detallesboda.com\/?product=pulsera-autodispensador-gel-manosbotella-vacia\" \/>\n<meta property=\"og:site_name\" content=\"detallesboda.com\" \/>\n<meta property=\"article:modified_time\" content=\"2025-05-14T09:20:42+00:00\" \/>\n<meta property=\"og:image\" content=\"https:\/\/detallesboda.com\/wp-content\/uploads\/2025\/02\/8664.jpg\" \/>\n\t<meta property=\"og:image:width\" content=\"1000\" \/>\n\t<meta property=\"og:image:height\" content=\"1000\" \/>\n\t<meta property=\"og:image:type\" content=\"image\/jpeg\" \/>\n<meta name=\"twitter:card\" content=\"summary_large_image\" \/>\n<meta name=\"twitter:label1\" content=\"Est. reading time\" \/>\n\t<meta name=\"twitter:data1\" content=\"1 minute\" \/>\n<script type=\"application\/ld+json\" class=\"yoast-schema-graph\">{\"@context\":\"https:\/\/schema.org\",\"@graph\":[{\"@type\":\"WebPage\",\"@id\":\"https:\/\/detallesboda.com\/?product=pulsera-autodispensador-gel-manosbotella-vacia\",\"url\":\"https:\/\/detallesboda.com\/?product=pulsera-autodispensador-gel-manosbotella-vacia\",\"name\":\"PULSERA AUTODISPENSADOR GEL MANOS+BOTELLA VACIA - detallesboda.com\",\"isPartOf\":{\"@id\":\"https:\/\/detallesboda.com\/#website\"},\"primaryImageOfPage\":{\"@id\":\"https:\/\/detallesboda.com\/?product=pulsera-autodispensador-gel-manosbotella-vacia#primaryimage\"},\"image\":{\"@id\":\"https:\/\/detallesboda.com\/?product=pulsera-autodispensador-gel-manosbotella-vacia#primaryimage\"},\"thumbnailUrl\":\"https:\/\/detallesboda.com\/wp-content\/uploads\/2025\/02\/8664.jpg\",\"datePublished\":\"2025-02-17T17:54:33+00:00\",\"dateModified\":\"2025-05-14T09:20:42+00:00\",\"breadcrumb\":{\"@id\":\"https:\/\/detallesboda.com\/?product=pulsera-autodispensador-gel-manosbotella-vacia#breadcrumb\"},\"inLanguage\":\"en-US\",\"potentialAction\":[{\"@type\":\"ReadAction\",\"target\":[\"https:\/\/detallesboda.com\/?product=pulsera-autodispensador-gel-manosbotella-vacia\"]}]},{\"@type\":\"ImageObject\",\"inLanguage\":\"en-US\",\"@id\":\"https:\/\/detallesboda.com\/?product=pulsera-autodispensador-gel-manosbotella-vacia#primaryimage\",\"url\":\"https:\/\/detallesboda.com\/wp-content\/uploads\/2025\/02\/8664.jpg\",\"contentUrl\":\"https:\/\/detallesboda.com\/wp-content\/uploads\/2025\/02\/8664.jpg\",\"width\":1000,\"height\":1000},{\"@type\":\"BreadcrumbList\",\"@id\":\"https:\/\/detallesboda.com\/?product=pulsera-autodispensador-gel-manosbotella-vacia#breadcrumb\",\"itemListElement\":[{\"@type\":\"ListItem\",\"position\":1,\"name\":\"Home\",\"item\":\"https:\/\/www.detallesboda.com\/\"},{\"@type\":\"ListItem\",\"position\":2,\"name\":\"Shop\",\"item\":\"https:\/\/www.detallesboda.com\/?page_id=6\"},{\"@type\":\"ListItem\",\"position\":3,\"name\":\"PULSERA AUTODISPENSADOR GEL MANOS+BOTELLA VACIA\"}]},{\"@type\":\"WebSite\",\"@id\":\"https:\/\/detallesboda.com\/#website\",\"url\":\"https:\/\/detallesboda.com\/\",\"name\":\"detallesboda.com\",\"description\":\"En detallesboda.com, tenemos una gran variedad de m\u00e1s de mil art\u00edculos para regalar como detalle a tus queridos invitados. Compra online y personaliza cualquiera de nuestro productos\",\"potentialAction\":[{\"@type\":\"SearchAction\",\"target\":{\"@type\":\"EntryPoint\",\"urlTemplate\":\"https:\/\/detallesboda.com\/?s={search_term_string}\"},\"query-input\":{\"@type\":\"PropertyValueSpecification\",\"valueRequired\":true,\"valueName\":\"search_term_string\"}}],\"inLanguage\":\"en-US\"}]}<\/script>\n<!-- \/ Yoast SEO Premium plugin. -->","yoast_head_json":{"title":"PULSERA AUTODISPENSADOR GEL MANOS+BOTELLA VACIA - detallesboda.com","robots":{"index":"index","follow":"follow","max-snippet":"max-snippet:-1","max-image-preview":"max-image-preview:large","max-video-preview":"max-video-preview:-1"},"canonical":"https:\/\/detallesboda.com\/?product=pulsera-autodispensador-gel-manosbotella-vacia","og_locale":"en_US","og_type":"article","og_title":"PULSERA AUTODISPENSADOR GEL MANOS+BOTELLA VACIA","og_description":"Caracter\u00edsticas: 1. Es lavable, reutilizable y par","og_url":"https:\/\/detallesboda.com\/?product=pulsera-autodispensador-gel-manosbotella-vacia","og_site_name":"detallesboda.com","article_modified_time":"2025-05-14T09:20:42+00:00","og_image":[{"width":1000,"height":1000,"url":"https:\/\/detallesboda.com\/wp-content\/uploads\/2025\/02\/8664.jpg","type":"image\/jpeg"}],"twitter_card":"summary_large_image","twitter_misc":{"Est. reading time":"1 minute"},"schema":{"@context":"https:\/\/schema.org","@graph":[{"@type":"WebPage","@id":"https:\/\/detallesboda.com\/?product=pulsera-autodispensador-gel-manosbotella-vacia","url":"https:\/\/detallesboda.com\/?product=pulsera-autodispensador-gel-manosbotella-vacia","name":"PULSERA AUTODISPENSADOR GEL MANOS+BOTELLA VACIA - detallesboda.com","isPartOf":{"@id":"https:\/\/detallesboda.com\/#website"},"primaryImageOfPage":{"@id":"https:\/\/detallesboda.com\/?product=pulsera-autodispensador-gel-manosbotella-vacia#primaryimage"},"image":{"@id":"https:\/\/detallesboda.com\/?product=pulsera-autodispensador-gel-manosbotella-vacia#primaryimage"},"thumbnailUrl":"https:\/\/detallesboda.com\/wp-content\/uploads\/2025\/02\/8664.jpg","datePublished":"2025-02-17T17:54:33+00:00","dateModified":"2025-05-14T09:20:42+00:00","breadcrumb":{"@id":"https:\/\/detallesboda.com\/?product=pulsera-autodispensador-gel-manosbotella-vacia#breadcrumb"},"inLanguage":"en-US","potentialAction":[{"@type":"ReadAction","target":["https:\/\/detallesboda.com\/?product=pulsera-autodispensador-gel-manosbotella-vacia"]}]},{"@type":"ImageObject","inLanguage":"en-US","@id":"https:\/\/detallesboda.com\/?product=pulsera-autodispensador-gel-manosbotella-vacia#primaryimage","url":"https:\/\/detallesboda.com\/wp-content\/uploads\/2025\/02\/8664.jpg","contentUrl":"https:\/\/detallesboda.com\/wp-content\/uploads\/2025\/02\/8664.jpg","width":1000,"height":1000},{"@type":"BreadcrumbList","@id":"https:\/\/detallesboda.com\/?product=pulsera-autodispensador-gel-manosbotella-vacia#breadcrumb","itemListElement":[{"@type":"ListItem","position":1,"name":"Home","item":"https:\/\/www.detallesboda.com\/"},{"@type":"ListItem","position":2,"name":"Shop","item":"https:\/\/www.detallesboda.com\/?page_id=6"},{"@type":"ListItem","position":3,"name":"PULSERA AUTODISPENSADOR GEL MANOS+BOTELLA VACIA"}]},{"@type":"WebSite","@id":"https:\/\/detallesboda.com\/#website","url":"https:\/\/detallesboda.com\/","name":"detallesboda.com","description":"En detallesboda.com, tenemos una gran variedad de m\u00e1s de mil art\u00edculos para regalar como detalle a tus queridos invitados. Compra online y personaliza cualquiera de nuestro productos","potentialAction":[{"@type":"SearchAction","target":{"@type":"EntryPoint","urlTemplate":"https:\/\/detallesboda.com\/?s={search_term_string}"},"query-input":{"@type":"PropertyValueSpecification","valueRequired":true,"valueName":"search_term_string"}}],"inLanguage":"en-US"}]}},"_links":{"self":[{"href":"https:\/\/detallesboda.com\/index.php?rest_route=\/wp\/v2\/product\/8395","targetHints":{"allow":["GET"]}}],"collection":[{"href":"https:\/\/detallesboda.com\/index.php?rest_route=\/wp\/v2\/product"}],"about":[{"href":"https:\/\/detallesboda.com\/index.php?rest_route=\/wp\/v2\/types\/product"}],"replies":[{"embeddable":true,"href":"https:\/\/detallesboda.com\/index.php?rest_route=%2Fwp%2Fv2%2Fcomments&post=8395"}],"wp:featuredmedia":[{"embeddable":true,"href":"https:\/\/detallesboda.com\/index.php?rest_route=\/wp\/v2\/media\/8463"}],"wp:attachment":[{"href":"https:\/\/detallesboda.com\/index.php?rest_route=%2Fwp%2Fv2%2Fmedia&parent=8395"}],"wp:term":[{"taxonomy":"product_brand","embeddable":true,"href":"https:\/\/detallesboda.com\/index.php?rest_route=%2Fwp%2Fv2%2Fproduct_brand&post=8395"},{"taxonomy":"product_cat","embeddable":true,"href":"https:\/\/detallesboda.com\/index.php?rest_route=%2Fwp%2Fv2%2Fproduct_cat&post=8395"},{"taxonomy":"product_tag","embeddable":true,"href":"https:\/\/detallesboda.com\/index.php?rest_route=%2Fwp%2Fv2%2Fproduct_tag&post=8395"}],"curies":[{"name":"wp","href":"https:\/\/api.w.org\/{rel}","templated":true}]}}