{"id":7531,"date":"2025-02-17T14:00:13","date_gmt":"2025-02-17T13:00:13","guid":{"rendered":"https:\/\/detallesboda.com\/?product=percha-ceramica-decoracion-buhos"},"modified":"2025-05-14T11:16:14","modified_gmt":"2025-05-14T09:16:14","slug":"percha-ceramica-decoracion-buhos","status":"publish","type":"product","link":"https:\/\/detallesboda.com\/?product=percha-ceramica-decoracion-buhos","title":{"rendered":"PERCHA CER\u00c1MICA DECORACI\u00d3N &#8220;BUHOS&#8221;"},"content":{"rendered":"<p>Decorativas perchas de buhos, que le dar\u00e1n un toque divertido a cualquier rinc\u00f3n.<\/p>\n<p>Es uno de los detalles que no puede faltar en la decoraci\u00f3n de una casa.<\/p>\n<p>Vienen presentadas en una bolsita decorada con un lazo. Se sirven en dos modelos.<\/p>\n<p>Medidas: 10 x 18,5 x 5 cm<\/p>\n","protected":false},"excerpt":{"rendered":"<p>Decorativas perchas de buhos, que le dar\u00e1n un toqu<\/p>\n","protected":false},"featured_media":8651,"comment_status":"open","ping_status":"open","template":"","meta":{"_monsterinsights_skip_tracking":false,"_monsterinsights_sitenote_active":false,"_monsterinsights_sitenote_note":"","_monsterinsights_sitenote_category":0},"product_brand":[],"product_cat":[104],"product_tag":[],"class_list":{"0":"post-7531","1":"product","2":"type-product","3":"status-publish","4":"has-post-thumbnail","6":"product_cat-detalles-vintage-y-retro","8":"first","9":"instock","10":"shipping-taxable","11":"purchasable","12":"product-type-simple"},"yoast_head":"<!-- This site is optimized with the Yoast SEO Premium plugin v24.4 (Yoast SEO v24.4) - https:\/\/yoast.com\/wordpress\/plugins\/seo\/ -->\n<title>PERCHA CER\u00c1MICA DECORACI\u00d3N &quot;BUHOS&quot; - detallesboda.com<\/title>\n<meta name=\"robots\" content=\"index, follow, max-snippet:-1, max-image-preview:large, max-video-preview:-1\" \/>\n<link rel=\"canonical\" href=\"https:\/\/detallesboda.com\/?product=percha-ceramica-decoracion-buhos\" \/>\n<meta property=\"og:locale\" content=\"en_US\" \/>\n<meta property=\"og:type\" content=\"article\" \/>\n<meta property=\"og:title\" content=\"PERCHA CER\u00c1MICA DECORACI\u00d3N &quot;BUHOS&quot;\" \/>\n<meta property=\"og:description\" content=\"Decorativas perchas de buhos, que le dar\u00e1n un toqu\" \/>\n<meta property=\"og:url\" content=\"https:\/\/detallesboda.com\/?product=percha-ceramica-decoracion-buhos\" \/>\n<meta property=\"og:site_name\" content=\"detallesboda.com\" \/>\n<meta property=\"article:modified_time\" content=\"2025-05-14T09:16:14+00:00\" \/>\n<meta property=\"og:image\" content=\"https:\/\/detallesboda.com\/wp-content\/uploads\/2025\/02\/3801.jpg\" \/>\n\t<meta property=\"og:image:width\" content=\"450\" \/>\n\t<meta property=\"og:image:height\" content=\"432\" \/>\n\t<meta property=\"og:image:type\" content=\"image\/jpeg\" \/>\n<meta name=\"twitter:card\" content=\"summary_large_image\" \/>\n<script type=\"application\/ld+json\" class=\"yoast-schema-graph\">{\"@context\":\"https:\/\/schema.org\",\"@graph\":[{\"@type\":\"WebPage\",\"@id\":\"https:\/\/detallesboda.com\/?product=percha-ceramica-decoracion-buhos\",\"url\":\"https:\/\/detallesboda.com\/?product=percha-ceramica-decoracion-buhos\",\"name\":\"PERCHA CER\u00c1MICA DECORACI\u00d3N \\\"BUHOS\\\" - detallesboda.com\",\"isPartOf\":{\"@id\":\"https:\/\/detallesboda.com\/#website\"},\"primaryImageOfPage\":{\"@id\":\"https:\/\/detallesboda.com\/?product=percha-ceramica-decoracion-buhos#primaryimage\"},\"image\":{\"@id\":\"https:\/\/detallesboda.com\/?product=percha-ceramica-decoracion-buhos#primaryimage\"},\"thumbnailUrl\":\"https:\/\/detallesboda.com\/wp-content\/uploads\/2025\/02\/3801.jpg\",\"datePublished\":\"2025-02-17T13:00:13+00:00\",\"dateModified\":\"2025-05-14T09:16:14+00:00\",\"breadcrumb\":{\"@id\":\"https:\/\/detallesboda.com\/?product=percha-ceramica-decoracion-buhos#breadcrumb\"},\"inLanguage\":\"en-US\",\"potentialAction\":[{\"@type\":\"ReadAction\",\"target\":[\"https:\/\/detallesboda.com\/?product=percha-ceramica-decoracion-buhos\"]}]},{\"@type\":\"ImageObject\",\"inLanguage\":\"en-US\",\"@id\":\"https:\/\/detallesboda.com\/?product=percha-ceramica-decoracion-buhos#primaryimage\",\"url\":\"https:\/\/detallesboda.com\/wp-content\/uploads\/2025\/02\/3801.jpg\",\"contentUrl\":\"https:\/\/detallesboda.com\/wp-content\/uploads\/2025\/02\/3801.jpg\",\"width\":450,\"height\":432},{\"@type\":\"BreadcrumbList\",\"@id\":\"https:\/\/detallesboda.com\/?product=percha-ceramica-decoracion-buhos#breadcrumb\",\"itemListElement\":[{\"@type\":\"ListItem\",\"position\":1,\"name\":\"Home\",\"item\":\"https:\/\/www.detallesboda.com\/\"},{\"@type\":\"ListItem\",\"position\":2,\"name\":\"Shop\",\"item\":\"https:\/\/www.detallesboda.com\/?page_id=6\"},{\"@type\":\"ListItem\",\"position\":3,\"name\":\"PERCHA CER\u00c1MICA DECORACI\u00d3N &#8220;BUHOS&#8221;\"}]},{\"@type\":\"WebSite\",\"@id\":\"https:\/\/detallesboda.com\/#website\",\"url\":\"https:\/\/detallesboda.com\/\",\"name\":\"detallesboda.com\",\"description\":\"En detallesboda.com, tenemos una gran variedad de m\u00e1s de mil art\u00edculos para regalar como detalle a tus queridos invitados. Compra online y personaliza cualquiera de nuestro productos\",\"potentialAction\":[{\"@type\":\"SearchAction\",\"target\":{\"@type\":\"EntryPoint\",\"urlTemplate\":\"https:\/\/detallesboda.com\/?s={search_term_string}\"},\"query-input\":{\"@type\":\"PropertyValueSpecification\",\"valueRequired\":true,\"valueName\":\"search_term_string\"}}],\"inLanguage\":\"en-US\"}]}<\/script>\n<!-- \/ Yoast SEO Premium plugin. -->","yoast_head_json":{"title":"PERCHA CER\u00c1MICA DECORACI\u00d3N \"BUHOS\" - detallesboda.com","robots":{"index":"index","follow":"follow","max-snippet":"max-snippet:-1","max-image-preview":"max-image-preview:large","max-video-preview":"max-video-preview:-1"},"canonical":"https:\/\/detallesboda.com\/?product=percha-ceramica-decoracion-buhos","og_locale":"en_US","og_type":"article","og_title":"PERCHA CER\u00c1MICA DECORACI\u00d3N \"BUHOS\"","og_description":"Decorativas perchas de buhos, que le dar\u00e1n un toqu","og_url":"https:\/\/detallesboda.com\/?product=percha-ceramica-decoracion-buhos","og_site_name":"detallesboda.com","article_modified_time":"2025-05-14T09:16:14+00:00","og_image":[{"width":450,"height":432,"url":"https:\/\/detallesboda.com\/wp-content\/uploads\/2025\/02\/3801.jpg","type":"image\/jpeg"}],"twitter_card":"summary_large_image","schema":{"@context":"https:\/\/schema.org","@graph":[{"@type":"WebPage","@id":"https:\/\/detallesboda.com\/?product=percha-ceramica-decoracion-buhos","url":"https:\/\/detallesboda.com\/?product=percha-ceramica-decoracion-buhos","name":"PERCHA CER\u00c1MICA DECORACI\u00d3N \"BUHOS\" - detallesboda.com","isPartOf":{"@id":"https:\/\/detallesboda.com\/#website"},"primaryImageOfPage":{"@id":"https:\/\/detallesboda.com\/?product=percha-ceramica-decoracion-buhos#primaryimage"},"image":{"@id":"https:\/\/detallesboda.com\/?product=percha-ceramica-decoracion-buhos#primaryimage"},"thumbnailUrl":"https:\/\/detallesboda.com\/wp-content\/uploads\/2025\/02\/3801.jpg","datePublished":"2025-02-17T13:00:13+00:00","dateModified":"2025-05-14T09:16:14+00:00","breadcrumb":{"@id":"https:\/\/detallesboda.com\/?product=percha-ceramica-decoracion-buhos#breadcrumb"},"inLanguage":"en-US","potentialAction":[{"@type":"ReadAction","target":["https:\/\/detallesboda.com\/?product=percha-ceramica-decoracion-buhos"]}]},{"@type":"ImageObject","inLanguage":"en-US","@id":"https:\/\/detallesboda.com\/?product=percha-ceramica-decoracion-buhos#primaryimage","url":"https:\/\/detallesboda.com\/wp-content\/uploads\/2025\/02\/3801.jpg","contentUrl":"https:\/\/detallesboda.com\/wp-content\/uploads\/2025\/02\/3801.jpg","width":450,"height":432},{"@type":"BreadcrumbList","@id":"https:\/\/detallesboda.com\/?product=percha-ceramica-decoracion-buhos#breadcrumb","itemListElement":[{"@type":"ListItem","position":1,"name":"Home","item":"https:\/\/www.detallesboda.com\/"},{"@type":"ListItem","position":2,"name":"Shop","item":"https:\/\/www.detallesboda.com\/?page_id=6"},{"@type":"ListItem","position":3,"name":"PERCHA CER\u00c1MICA DECORACI\u00d3N &#8220;BUHOS&#8221;"}]},{"@type":"WebSite","@id":"https:\/\/detallesboda.com\/#website","url":"https:\/\/detallesboda.com\/","name":"detallesboda.com","description":"En detallesboda.com, tenemos una gran variedad de m\u00e1s de mil art\u00edculos para regalar como detalle a tus queridos invitados. Compra online y personaliza cualquiera de nuestro productos","potentialAction":[{"@type":"SearchAction","target":{"@type":"EntryPoint","urlTemplate":"https:\/\/detallesboda.com\/?s={search_term_string}"},"query-input":{"@type":"PropertyValueSpecification","valueRequired":true,"valueName":"search_term_string"}}],"inLanguage":"en-US"}]}},"_links":{"self":[{"href":"https:\/\/detallesboda.com\/index.php?rest_route=\/wp\/v2\/product\/7531","targetHints":{"allow":["GET"]}}],"collection":[{"href":"https:\/\/detallesboda.com\/index.php?rest_route=\/wp\/v2\/product"}],"about":[{"href":"https:\/\/detallesboda.com\/index.php?rest_route=\/wp\/v2\/types\/product"}],"replies":[{"embeddable":true,"href":"https:\/\/detallesboda.com\/index.php?rest_route=%2Fwp%2Fv2%2Fcomments&post=7531"}],"wp:featuredmedia":[{"embeddable":true,"href":"https:\/\/detallesboda.com\/index.php?rest_route=\/wp\/v2\/media\/8651"}],"wp:attachment":[{"href":"https:\/\/detallesboda.com\/index.php?rest_route=%2Fwp%2Fv2%2Fmedia&parent=7531"}],"wp:term":[{"taxonomy":"product_brand","embeddable":true,"href":"https:\/\/detallesboda.com\/index.php?rest_route=%2Fwp%2Fv2%2Fproduct_brand&post=7531"},{"taxonomy":"product_cat","embeddable":true,"href":"https:\/\/detallesboda.com\/index.php?rest_route=%2Fwp%2Fv2%2Fproduct_cat&post=7531"},{"taxonomy":"product_tag","embeddable":true,"href":"https:\/\/detallesboda.com\/index.php?rest_route=%2Fwp%2Fv2%2Fproduct_tag&post=7531"}],"curies":[{"name":"wp","href":"https:\/\/api.w.org\/{rel}","templated":true}]}}