{"id":7507,"date":"2025-02-17T14:00:03","date_gmt":"2025-02-17T13:00:03","guid":{"rendered":"https:\/\/detallesboda.com\/?product=lote-5-piezas-cumpleanos-buhos"},"modified":"2025-05-14T12:06:56","modified_gmt":"2025-05-14T10:06:56","slug":"lote-5-piezas-cumpleanos-buhos","status":"publish","type":"product","link":"https:\/\/detallesboda.com\/?product=lote-5-piezas-cumpleanos-buhos","title":{"rendered":"LOTE 5 PIEZAS CUMPLEA\u00d1OS BUHOS"},"content":{"rendered":"<ul>\n<li>\n<p>Pack de 8 platos de papel con dise\u00f1o de b\u00fahos sobre banderines de colores y fondo floreado.<\/p>\n<\/li>\n<\/ul>\n<p>Ideales para celebrar baby showers, primer cumplea\u00f1os y cumplea\u00f1os de ni\u00f1as. Medidas: 23 cm. de di\u00e1metro.<\/p>\n<\/p>\n<ul>\n<li>\n<p>Pack de 20 servilletas de papel con bonito dise\u00f1o de b\u00fahos sobre banderines de colores y fondo floreado.<\/p>\n<\/li>\n<\/ul>\n<p>Ideales para celebrar baby showers y cumplea\u00f1os de ni\u00f1os peque\u00f1os y de ni\u00f1as. Medidas: 33 x 33 cm (abiertas)<\/p>\n<\/p>\n<ul>\n<li>\n<p>Pack de 8 vasos de papel con dise\u00f1o de b\u00fahos sobre banderines de colores.<\/p>\n<\/li>\n<\/ul>\n<p>Capacidad: 147 ml.<\/p>\n<\/p>\n<ul>\n<li>Envoltorios y toppers para cupcakes B\u00fahos\n<\/p>\n<\/li>\n<\/ul>\n<p>Pack de 50 envoltorios y 20 toppers para cupcakes con dise\u00f1o de b\u00fahos. Cada topper mide aproximadamente 4.5 cm de altura.<\/p>\n<\/p>\n<ul>\n<li>Pack de 25 pajitas de papel con dise\u00f1o que combina b\u00fahos y banderitas de colores.<\/li>\n<\/ul>\n","protected":false},"excerpt":{"rendered":"<p>Pack de 8 platos de papel con dise\u00f1o de b\u00fahos so<\/p>\n","protected":false},"featured_media":8239,"comment_status":"open","ping_status":"open","template":"","meta":{"_monsterinsights_skip_tracking":false,"_monsterinsights_sitenote_active":false,"_monsterinsights_sitenote_note":"","_monsterinsights_sitenote_category":0},"product_brand":[],"product_cat":[101],"product_tag":[],"class_list":{"0":"post-7507","1":"product","2":"type-product","3":"status-publish","4":"has-post-thumbnail","6":"product_cat-decoracion-de-bodas-y-eventos","8":"first","9":"instock","10":"shipping-taxable","11":"purchasable","12":"product-type-simple"},"yoast_head":"<!-- This site is optimized with the Yoast SEO Premium plugin v24.4 (Yoast SEO v24.4) - https:\/\/yoast.com\/wordpress\/plugins\/seo\/ -->\n<title>LOTE 5 PIEZAS CUMPLEA\u00d1OS BUHOS - detallesboda.com<\/title>\n<meta name=\"robots\" content=\"index, follow, max-snippet:-1, max-image-preview:large, max-video-preview:-1\" \/>\n<link rel=\"canonical\" href=\"https:\/\/detallesboda.com\/?product=lote-5-piezas-cumpleanos-buhos\" \/>\n<meta property=\"og:locale\" content=\"en_US\" \/>\n<meta property=\"og:type\" content=\"article\" \/>\n<meta property=\"og:title\" content=\"LOTE 5 PIEZAS CUMPLEA\u00d1OS BUHOS\" \/>\n<meta property=\"og:description\" content=\"Pack de 8 platos de papel con dise\u00f1o de b\u00fahos so\" \/>\n<meta property=\"og:url\" content=\"https:\/\/detallesboda.com\/?product=lote-5-piezas-cumpleanos-buhos\" \/>\n<meta property=\"og:site_name\" content=\"detallesboda.com\" \/>\n<meta property=\"article:modified_time\" content=\"2025-05-14T10:06:56+00:00\" \/>\n<meta property=\"og:image\" content=\"https:\/\/detallesboda.com\/wp-content\/uploads\/2025\/02\/9095.jpg\" \/>\n\t<meta property=\"og:image:width\" content=\"340\" \/>\n\t<meta property=\"og:image:height\" content=\"340\" \/>\n\t<meta property=\"og:image:type\" content=\"image\/jpeg\" \/>\n<meta name=\"twitter:card\" content=\"summary_large_image\" \/>\n<meta name=\"twitter:label1\" content=\"Est. reading time\" \/>\n\t<meta name=\"twitter:data1\" content=\"1 minute\" \/>\n<script type=\"application\/ld+json\" class=\"yoast-schema-graph\">{\"@context\":\"https:\/\/schema.org\",\"@graph\":[{\"@type\":\"WebPage\",\"@id\":\"https:\/\/detallesboda.com\/?product=lote-5-piezas-cumpleanos-buhos\",\"url\":\"https:\/\/detallesboda.com\/?product=lote-5-piezas-cumpleanos-buhos\",\"name\":\"LOTE 5 PIEZAS CUMPLEA\u00d1OS BUHOS - detallesboda.com\",\"isPartOf\":{\"@id\":\"https:\/\/detallesboda.com\/#website\"},\"primaryImageOfPage\":{\"@id\":\"https:\/\/detallesboda.com\/?product=lote-5-piezas-cumpleanos-buhos#primaryimage\"},\"image\":{\"@id\":\"https:\/\/detallesboda.com\/?product=lote-5-piezas-cumpleanos-buhos#primaryimage\"},\"thumbnailUrl\":\"https:\/\/detallesboda.com\/wp-content\/uploads\/2025\/02\/9095.jpg\",\"datePublished\":\"2025-02-17T13:00:03+00:00\",\"dateModified\":\"2025-05-14T10:06:56+00:00\",\"breadcrumb\":{\"@id\":\"https:\/\/detallesboda.com\/?product=lote-5-piezas-cumpleanos-buhos#breadcrumb\"},\"inLanguage\":\"en-US\",\"potentialAction\":[{\"@type\":\"ReadAction\",\"target\":[\"https:\/\/detallesboda.com\/?product=lote-5-piezas-cumpleanos-buhos\"]}]},{\"@type\":\"ImageObject\",\"inLanguage\":\"en-US\",\"@id\":\"https:\/\/detallesboda.com\/?product=lote-5-piezas-cumpleanos-buhos#primaryimage\",\"url\":\"https:\/\/detallesboda.com\/wp-content\/uploads\/2025\/02\/9095.jpg\",\"contentUrl\":\"https:\/\/detallesboda.com\/wp-content\/uploads\/2025\/02\/9095.jpg\",\"width\":340,\"height\":340},{\"@type\":\"BreadcrumbList\",\"@id\":\"https:\/\/detallesboda.com\/?product=lote-5-piezas-cumpleanos-buhos#breadcrumb\",\"itemListElement\":[{\"@type\":\"ListItem\",\"position\":1,\"name\":\"Home\",\"item\":\"https:\/\/www.detallesboda.com\/\"},{\"@type\":\"ListItem\",\"position\":2,\"name\":\"Shop\",\"item\":\"https:\/\/www.detallesboda.com\/?page_id=6\"},{\"@type\":\"ListItem\",\"position\":3,\"name\":\"LOTE 5 PIEZAS CUMPLEA\u00d1OS BUHOS\"}]},{\"@type\":\"WebSite\",\"@id\":\"https:\/\/detallesboda.com\/#website\",\"url\":\"https:\/\/detallesboda.com\/\",\"name\":\"detallesboda.com\",\"description\":\"En detallesboda.com, tenemos una gran variedad de m\u00e1s de mil art\u00edculos para regalar como detalle a tus queridos invitados. Compra online y personaliza cualquiera de nuestro productos\",\"potentialAction\":[{\"@type\":\"SearchAction\",\"target\":{\"@type\":\"EntryPoint\",\"urlTemplate\":\"https:\/\/detallesboda.com\/?s={search_term_string}\"},\"query-input\":{\"@type\":\"PropertyValueSpecification\",\"valueRequired\":true,\"valueName\":\"search_term_string\"}}],\"inLanguage\":\"en-US\"}]}<\/script>\n<!-- \/ Yoast SEO Premium plugin. -->","yoast_head_json":{"title":"LOTE 5 PIEZAS CUMPLEA\u00d1OS BUHOS - detallesboda.com","robots":{"index":"index","follow":"follow","max-snippet":"max-snippet:-1","max-image-preview":"max-image-preview:large","max-video-preview":"max-video-preview:-1"},"canonical":"https:\/\/detallesboda.com\/?product=lote-5-piezas-cumpleanos-buhos","og_locale":"en_US","og_type":"article","og_title":"LOTE 5 PIEZAS CUMPLEA\u00d1OS BUHOS","og_description":"Pack de 8 platos de papel con dise\u00f1o de b\u00fahos so","og_url":"https:\/\/detallesboda.com\/?product=lote-5-piezas-cumpleanos-buhos","og_site_name":"detallesboda.com","article_modified_time":"2025-05-14T10:06:56+00:00","og_image":[{"width":340,"height":340,"url":"https:\/\/detallesboda.com\/wp-content\/uploads\/2025\/02\/9095.jpg","type":"image\/jpeg"}],"twitter_card":"summary_large_image","twitter_misc":{"Est. reading time":"1 minute"},"schema":{"@context":"https:\/\/schema.org","@graph":[{"@type":"WebPage","@id":"https:\/\/detallesboda.com\/?product=lote-5-piezas-cumpleanos-buhos","url":"https:\/\/detallesboda.com\/?product=lote-5-piezas-cumpleanos-buhos","name":"LOTE 5 PIEZAS CUMPLEA\u00d1OS BUHOS - detallesboda.com","isPartOf":{"@id":"https:\/\/detallesboda.com\/#website"},"primaryImageOfPage":{"@id":"https:\/\/detallesboda.com\/?product=lote-5-piezas-cumpleanos-buhos#primaryimage"},"image":{"@id":"https:\/\/detallesboda.com\/?product=lote-5-piezas-cumpleanos-buhos#primaryimage"},"thumbnailUrl":"https:\/\/detallesboda.com\/wp-content\/uploads\/2025\/02\/9095.jpg","datePublished":"2025-02-17T13:00:03+00:00","dateModified":"2025-05-14T10:06:56+00:00","breadcrumb":{"@id":"https:\/\/detallesboda.com\/?product=lote-5-piezas-cumpleanos-buhos#breadcrumb"},"inLanguage":"en-US","potentialAction":[{"@type":"ReadAction","target":["https:\/\/detallesboda.com\/?product=lote-5-piezas-cumpleanos-buhos"]}]},{"@type":"ImageObject","inLanguage":"en-US","@id":"https:\/\/detallesboda.com\/?product=lote-5-piezas-cumpleanos-buhos#primaryimage","url":"https:\/\/detallesboda.com\/wp-content\/uploads\/2025\/02\/9095.jpg","contentUrl":"https:\/\/detallesboda.com\/wp-content\/uploads\/2025\/02\/9095.jpg","width":340,"height":340},{"@type":"BreadcrumbList","@id":"https:\/\/detallesboda.com\/?product=lote-5-piezas-cumpleanos-buhos#breadcrumb","itemListElement":[{"@type":"ListItem","position":1,"name":"Home","item":"https:\/\/www.detallesboda.com\/"},{"@type":"ListItem","position":2,"name":"Shop","item":"https:\/\/www.detallesboda.com\/?page_id=6"},{"@type":"ListItem","position":3,"name":"LOTE 5 PIEZAS CUMPLEA\u00d1OS BUHOS"}]},{"@type":"WebSite","@id":"https:\/\/detallesboda.com\/#website","url":"https:\/\/detallesboda.com\/","name":"detallesboda.com","description":"En detallesboda.com, tenemos una gran variedad de m\u00e1s de mil art\u00edculos para regalar como detalle a tus queridos invitados. Compra online y personaliza cualquiera de nuestro productos","potentialAction":[{"@type":"SearchAction","target":{"@type":"EntryPoint","urlTemplate":"https:\/\/detallesboda.com\/?s={search_term_string}"},"query-input":{"@type":"PropertyValueSpecification","valueRequired":true,"valueName":"search_term_string"}}],"inLanguage":"en-US"}]}},"_links":{"self":[{"href":"https:\/\/detallesboda.com\/index.php?rest_route=\/wp\/v2\/product\/7507","targetHints":{"allow":["GET"]}}],"collection":[{"href":"https:\/\/detallesboda.com\/index.php?rest_route=\/wp\/v2\/product"}],"about":[{"href":"https:\/\/detallesboda.com\/index.php?rest_route=\/wp\/v2\/types\/product"}],"replies":[{"embeddable":true,"href":"https:\/\/detallesboda.com\/index.php?rest_route=%2Fwp%2Fv2%2Fcomments&post=7507"}],"wp:featuredmedia":[{"embeddable":true,"href":"https:\/\/detallesboda.com\/index.php?rest_route=\/wp\/v2\/media\/8239"}],"wp:attachment":[{"href":"https:\/\/detallesboda.com\/index.php?rest_route=%2Fwp%2Fv2%2Fmedia&parent=7507"}],"wp:term":[{"taxonomy":"product_brand","embeddable":true,"href":"https:\/\/detallesboda.com\/index.php?rest_route=%2Fwp%2Fv2%2Fproduct_brand&post=7507"},{"taxonomy":"product_cat","embeddable":true,"href":"https:\/\/detallesboda.com\/index.php?rest_route=%2Fwp%2Fv2%2Fproduct_cat&post=7507"},{"taxonomy":"product_tag","embeddable":true,"href":"https:\/\/detallesboda.com\/index.php?rest_route=%2Fwp%2Fv2%2Fproduct_tag&post=7507"}],"curies":[{"name":"wp","href":"https:\/\/api.w.org\/{rel}","templated":true}]}}