{"id":7504,"date":"2025-02-17T14:00:02","date_gmt":"2025-02-17T13:00:02","guid":{"rendered":"https:\/\/detallesboda.com\/?product=pack-8-piezas-decoracion-fiesta-rosa-y-dorado"},"modified":"2025-05-14T12:06:55","modified_gmt":"2025-05-14T10:06:55","slug":"pack-8-piezas-decoracion-fiesta-rosa-y-dorado","status":"publish","type":"product","link":"https:\/\/detallesboda.com\/?product=pack-8-piezas-decoracion-fiesta-rosa-y-dorado","title":{"rendered":"PACK 8 PIEZAS DECORACION FIESTA ROSA Y DORADO"},"content":{"rendered":"<ul>\n<li>2 unidades de Tarjetas rosa y dorado (10 uds.)\u00a0<\/li>\n<\/ul>\n<p>Preciosas tarjetas en rosa pastel y dorado. Son ideales para utilizar como marcasitios sobre servilletas, para utilizar en mesas de dulces, en \u00e1rboles de los deseos o para personalizar detalles.<\/p>\n<p>Las tarjetas vienen en blanco por ambos lados, y el decorado de color dorado viene s\u00f3lo en uno de los lados de la tarjeta.<\/p>\n<p>Cada tarjeta trae con un cord\u00f3n con hilo dorado para que pueda ser atada.\u00a0<\/p>\n<p>Medidas: 7.5cm.<\/p>\n<ul>\n<li>Banderitas Just Married en rosa y dorado\u00a0<\/li>\n<\/ul>\n<p>Elegantes banderitas con las palabras Just Married, dise\u00f1adas con letras de purpurina en color dorado sobre fondo rosa pastel. Son ideales para decorar el lugar de celebraci\u00f3n de la boda. Pueden ser colgadas en la pared, detr\u00e1s de la mesa de los novios\u00a0 o incluso en el frontal de la mesa, si se trata de una mesa alargada.<\/p>\n<p>Medidas: 3.5m de largo\u00a0 (de extremo a extremo).<\/p>\n<ul>\n<li>2 pack Confeti dorado brillantina + 1 pack GRATIS<\/li>\n<\/ul>\n<p>A\u00f1ade un toque especial a las mesas de tu boda o evento con este precioso confeti de color dorado.<\/p>\n<p>Cada bolsita contiene 14 gramos de confeti.<\/p>\n<ul>\n<li>Pompones rosa pastel (5 uds)<\/li>\n<\/ul>\n<p>Pack de 5 pompones de diferentes tama\u00f1os en color rosa pastel. Son ideales para decorar una boda o cualquier ocasi\u00f3n especial.<\/p>\n<p>El pack contiene 3 pompones grandes (32.5cm) y 2 peque\u00f1os\u00a0(25.5cm).<\/p>\n<ul>\n<li>Letras de madera doradas Mr &amp; Mrs<\/li>\n<\/ul>\n<p>Letras de madera Mr &amp; Mrs en color dorado, ideales para decorar la mesa de los novios.<\/p>\n<p>Este producto tambi\u00e9n puede ser un bonito detalle para regalar a los novios, para utilizar como accesorio en las fotograf\u00edas de la boda o para decorar vuestro nuevo hogar con un recuerdo de vuestro gran d\u00eda.<\/p>\n<p>Medidas: 45.2\u00a0 (ancho) x 10 (alto) x\u00a0 2.5 (grosor)cm<\/p>\n<ul>\n<li>Accesorios photocall rosa y dorado<\/li>\n<\/ul>\n<p>Pack de accesorios para photocall compuesto de 10 accesorios de cartulina gruesa.<\/p>\n<p>El pack contiene: cartel con las palabras &#8220;Team Bride&#8221; (equipo de la novia), cartel con las palabras &#8220;Team Groom&#8221; (equipo del novio), cartel #Selfie, un micr\u00f3fono brillante, 2 labios brillantes, botella de champ\u00e1n, 2 gafas de dise\u00f1o y un cartel de pizarra para poder escribirmensajes personalizados.<\/p><\/p>\n","protected":false},"excerpt":{"rendered":"<p>2 unidades de Tarjetas rosa y dorado (10 uds.)\u00a0<\/p>\n","protected":false},"featured_media":8665,"comment_status":"open","ping_status":"open","template":"","meta":{"_monsterinsights_skip_tracking":false,"_monsterinsights_sitenote_active":false,"_monsterinsights_sitenote_note":"","_monsterinsights_sitenote_category":0},"product_brand":[],"product_cat":[101],"product_tag":[],"class_list":{"0":"post-7504","1":"product","2":"type-product","3":"status-publish","4":"has-post-thumbnail","6":"product_cat-decoracion-de-bodas-y-eventos","8":"first","9":"instock","10":"shipping-taxable","11":"purchasable","12":"product-type-simple"},"yoast_head":"<!-- This site is optimized with the Yoast SEO Premium plugin v24.4 (Yoast SEO v24.4) - https:\/\/yoast.com\/wordpress\/plugins\/seo\/ -->\n<title>PACK 8 PIEZAS DECORACION FIESTA ROSA Y DORADO - detallesboda.com<\/title>\n<meta name=\"robots\" content=\"index, follow, max-snippet:-1, max-image-preview:large, max-video-preview:-1\" \/>\n<link rel=\"canonical\" href=\"https:\/\/detallesboda.com\/?product=pack-8-piezas-decoracion-fiesta-rosa-y-dorado\" \/>\n<meta property=\"og:locale\" content=\"en_US\" \/>\n<meta property=\"og:type\" content=\"article\" \/>\n<meta property=\"og:title\" content=\"PACK 8 PIEZAS DECORACION FIESTA ROSA Y DORADO\" \/>\n<meta property=\"og:description\" content=\"2 unidades de Tarjetas rosa y dorado (10 uds.)\u00a0\" \/>\n<meta property=\"og:url\" content=\"https:\/\/detallesboda.com\/?product=pack-8-piezas-decoracion-fiesta-rosa-y-dorado\" \/>\n<meta property=\"og:site_name\" content=\"detallesboda.com\" \/>\n<meta property=\"article:modified_time\" content=\"2025-05-14T10:06:55+00:00\" \/>\n<meta property=\"og:image\" content=\"https:\/\/detallesboda.com\/wp-content\/uploads\/2025\/02\/8897.jpg\" \/>\n\t<meta property=\"og:image:width\" content=\"79\" \/>\n\t<meta property=\"og:image:height\" content=\"94\" \/>\n\t<meta property=\"og:image:type\" content=\"image\/jpeg\" \/>\n<meta name=\"twitter:card\" content=\"summary_large_image\" \/>\n<meta name=\"twitter:label1\" content=\"Est. reading time\" \/>\n\t<meta name=\"twitter:data1\" content=\"2 minutes\" \/>\n<script type=\"application\/ld+json\" class=\"yoast-schema-graph\">{\"@context\":\"https:\/\/schema.org\",\"@graph\":[{\"@type\":\"WebPage\",\"@id\":\"https:\/\/detallesboda.com\/?product=pack-8-piezas-decoracion-fiesta-rosa-y-dorado\",\"url\":\"https:\/\/detallesboda.com\/?product=pack-8-piezas-decoracion-fiesta-rosa-y-dorado\",\"name\":\"PACK 8 PIEZAS DECORACION FIESTA ROSA Y DORADO - detallesboda.com\",\"isPartOf\":{\"@id\":\"https:\/\/detallesboda.com\/#website\"},\"primaryImageOfPage\":{\"@id\":\"https:\/\/detallesboda.com\/?product=pack-8-piezas-decoracion-fiesta-rosa-y-dorado#primaryimage\"},\"image\":{\"@id\":\"https:\/\/detallesboda.com\/?product=pack-8-piezas-decoracion-fiesta-rosa-y-dorado#primaryimage\"},\"thumbnailUrl\":\"https:\/\/detallesboda.com\/wp-content\/uploads\/2025\/02\/8897.jpg\",\"datePublished\":\"2025-02-17T13:00:02+00:00\",\"dateModified\":\"2025-05-14T10:06:55+00:00\",\"breadcrumb\":{\"@id\":\"https:\/\/detallesboda.com\/?product=pack-8-piezas-decoracion-fiesta-rosa-y-dorado#breadcrumb\"},\"inLanguage\":\"en-US\",\"potentialAction\":[{\"@type\":\"ReadAction\",\"target\":[\"https:\/\/detallesboda.com\/?product=pack-8-piezas-decoracion-fiesta-rosa-y-dorado\"]}]},{\"@type\":\"ImageObject\",\"inLanguage\":\"en-US\",\"@id\":\"https:\/\/detallesboda.com\/?product=pack-8-piezas-decoracion-fiesta-rosa-y-dorado#primaryimage\",\"url\":\"https:\/\/detallesboda.com\/wp-content\/uploads\/2025\/02\/8897.jpg\",\"contentUrl\":\"https:\/\/detallesboda.com\/wp-content\/uploads\/2025\/02\/8897.jpg\",\"width\":79,\"height\":94},{\"@type\":\"BreadcrumbList\",\"@id\":\"https:\/\/detallesboda.com\/?product=pack-8-piezas-decoracion-fiesta-rosa-y-dorado#breadcrumb\",\"itemListElement\":[{\"@type\":\"ListItem\",\"position\":1,\"name\":\"Home\",\"item\":\"https:\/\/www.detallesboda.com\/\"},{\"@type\":\"ListItem\",\"position\":2,\"name\":\"Shop\",\"item\":\"https:\/\/www.detallesboda.com\/?page_id=6\"},{\"@type\":\"ListItem\",\"position\":3,\"name\":\"PACK 8 PIEZAS DECORACION FIESTA ROSA Y DORADO\"}]},{\"@type\":\"WebSite\",\"@id\":\"https:\/\/detallesboda.com\/#website\",\"url\":\"https:\/\/detallesboda.com\/\",\"name\":\"detallesboda.com\",\"description\":\"En detallesboda.com, tenemos una gran variedad de m\u00e1s de mil art\u00edculos para regalar como detalle a tus queridos invitados. Compra online y personaliza cualquiera de nuestro productos\",\"potentialAction\":[{\"@type\":\"SearchAction\",\"target\":{\"@type\":\"EntryPoint\",\"urlTemplate\":\"https:\/\/detallesboda.com\/?s={search_term_string}\"},\"query-input\":{\"@type\":\"PropertyValueSpecification\",\"valueRequired\":true,\"valueName\":\"search_term_string\"}}],\"inLanguage\":\"en-US\"}]}<\/script>\n<!-- \/ Yoast SEO Premium plugin. -->","yoast_head_json":{"title":"PACK 8 PIEZAS DECORACION FIESTA ROSA Y DORADO - detallesboda.com","robots":{"index":"index","follow":"follow","max-snippet":"max-snippet:-1","max-image-preview":"max-image-preview:large","max-video-preview":"max-video-preview:-1"},"canonical":"https:\/\/detallesboda.com\/?product=pack-8-piezas-decoracion-fiesta-rosa-y-dorado","og_locale":"en_US","og_type":"article","og_title":"PACK 8 PIEZAS DECORACION FIESTA ROSA Y DORADO","og_description":"2 unidades de Tarjetas rosa y dorado (10 uds.)\u00a0","og_url":"https:\/\/detallesboda.com\/?product=pack-8-piezas-decoracion-fiesta-rosa-y-dorado","og_site_name":"detallesboda.com","article_modified_time":"2025-05-14T10:06:55+00:00","og_image":[{"width":79,"height":94,"url":"https:\/\/detallesboda.com\/wp-content\/uploads\/2025\/02\/8897.jpg","type":"image\/jpeg"}],"twitter_card":"summary_large_image","twitter_misc":{"Est. reading time":"2 minutes"},"schema":{"@context":"https:\/\/schema.org","@graph":[{"@type":"WebPage","@id":"https:\/\/detallesboda.com\/?product=pack-8-piezas-decoracion-fiesta-rosa-y-dorado","url":"https:\/\/detallesboda.com\/?product=pack-8-piezas-decoracion-fiesta-rosa-y-dorado","name":"PACK 8 PIEZAS DECORACION FIESTA ROSA Y DORADO - detallesboda.com","isPartOf":{"@id":"https:\/\/detallesboda.com\/#website"},"primaryImageOfPage":{"@id":"https:\/\/detallesboda.com\/?product=pack-8-piezas-decoracion-fiesta-rosa-y-dorado#primaryimage"},"image":{"@id":"https:\/\/detallesboda.com\/?product=pack-8-piezas-decoracion-fiesta-rosa-y-dorado#primaryimage"},"thumbnailUrl":"https:\/\/detallesboda.com\/wp-content\/uploads\/2025\/02\/8897.jpg","datePublished":"2025-02-17T13:00:02+00:00","dateModified":"2025-05-14T10:06:55+00:00","breadcrumb":{"@id":"https:\/\/detallesboda.com\/?product=pack-8-piezas-decoracion-fiesta-rosa-y-dorado#breadcrumb"},"inLanguage":"en-US","potentialAction":[{"@type":"ReadAction","target":["https:\/\/detallesboda.com\/?product=pack-8-piezas-decoracion-fiesta-rosa-y-dorado"]}]},{"@type":"ImageObject","inLanguage":"en-US","@id":"https:\/\/detallesboda.com\/?product=pack-8-piezas-decoracion-fiesta-rosa-y-dorado#primaryimage","url":"https:\/\/detallesboda.com\/wp-content\/uploads\/2025\/02\/8897.jpg","contentUrl":"https:\/\/detallesboda.com\/wp-content\/uploads\/2025\/02\/8897.jpg","width":79,"height":94},{"@type":"BreadcrumbList","@id":"https:\/\/detallesboda.com\/?product=pack-8-piezas-decoracion-fiesta-rosa-y-dorado#breadcrumb","itemListElement":[{"@type":"ListItem","position":1,"name":"Home","item":"https:\/\/www.detallesboda.com\/"},{"@type":"ListItem","position":2,"name":"Shop","item":"https:\/\/www.detallesboda.com\/?page_id=6"},{"@type":"ListItem","position":3,"name":"PACK 8 PIEZAS DECORACION FIESTA ROSA Y DORADO"}]},{"@type":"WebSite","@id":"https:\/\/detallesboda.com\/#website","url":"https:\/\/detallesboda.com\/","name":"detallesboda.com","description":"En detallesboda.com, tenemos una gran variedad de m\u00e1s de mil art\u00edculos para regalar como detalle a tus queridos invitados. Compra online y personaliza cualquiera de nuestro productos","potentialAction":[{"@type":"SearchAction","target":{"@type":"EntryPoint","urlTemplate":"https:\/\/detallesboda.com\/?s={search_term_string}"},"query-input":{"@type":"PropertyValueSpecification","valueRequired":true,"valueName":"search_term_string"}}],"inLanguage":"en-US"}]}},"_links":{"self":[{"href":"https:\/\/detallesboda.com\/index.php?rest_route=\/wp\/v2\/product\/7504","targetHints":{"allow":["GET"]}}],"collection":[{"href":"https:\/\/detallesboda.com\/index.php?rest_route=\/wp\/v2\/product"}],"about":[{"href":"https:\/\/detallesboda.com\/index.php?rest_route=\/wp\/v2\/types\/product"}],"replies":[{"embeddable":true,"href":"https:\/\/detallesboda.com\/index.php?rest_route=%2Fwp%2Fv2%2Fcomments&post=7504"}],"wp:featuredmedia":[{"embeddable":true,"href":"https:\/\/detallesboda.com\/index.php?rest_route=\/wp\/v2\/media\/8665"}],"wp:attachment":[{"href":"https:\/\/detallesboda.com\/index.php?rest_route=%2Fwp%2Fv2%2Fmedia&parent=7504"}],"wp:term":[{"taxonomy":"product_brand","embeddable":true,"href":"https:\/\/detallesboda.com\/index.php?rest_route=%2Fwp%2Fv2%2Fproduct_brand&post=7504"},{"taxonomy":"product_cat","embeddable":true,"href":"https:\/\/detallesboda.com\/index.php?rest_route=%2Fwp%2Fv2%2Fproduct_cat&post=7504"},{"taxonomy":"product_tag","embeddable":true,"href":"https:\/\/detallesboda.com\/index.php?rest_route=%2Fwp%2Fv2%2Fproduct_tag&post=7504"}],"curies":[{"name":"wp","href":"https:\/\/api.w.org\/{rel}","templated":true}]}}