{"id":7306,"date":"2025-02-17T13:59:00","date_gmt":"2025-02-17T12:59:00","guid":{"rendered":"https:\/\/detallesboda.com\/?product=monedero-mi-primera-comunion-nino"},"modified":"2025-05-14T12:05:22","modified_gmt":"2025-05-14T10:05:22","slug":"monedero-mi-primera-comunion-nino","status":"publish","type":"product","link":"https:\/\/detallesboda.com\/?product=monedero-mi-primera-comunion-nino","title":{"rendered":"MONEDERO MI PRIMERA COMUNI\u00d3N NI\u00d1O"},"content":{"rendered":"<p>MONEDERO MI PRIMERA COMUNI\u00d3N NI\u00d1O<\/p>\n<p>Original\u00a0monedero de polipiel con cierre de\u00a0cremallera con anilla,\u00a0decorado con motivos de comuni\u00f3n.<\/p>\n<p>Presentado en bolsa de celof\u00e1n transparente con cierre adhesivo.<\/p>\n<p>Medidas: 12 x 9,5 cm.<\/p>\n","protected":false},"excerpt":{"rendered":"<p>MONEDERO MI PRIMERA COMUNI\u00d3N NI\u00d1O<br \/>\nOriginal\u00a0moneder<\/p>\n","protected":false},"featured_media":8167,"comment_status":"open","ping_status":"open","template":"","meta":{"_monsterinsights_skip_tracking":false,"_monsterinsights_sitenote_active":false,"_monsterinsights_sitenote_note":"","_monsterinsights_sitenote_category":0},"product_brand":[],"product_cat":[94],"product_tag":[],"class_list":{"0":"post-7306","1":"product","2":"type-product","3":"status-publish","4":"has-post-thumbnail","6":"product_cat-detalles-originales","8":"first","9":"instock","10":"shipping-taxable","11":"purchasable","12":"product-type-simple"},"yoast_head":"<!-- This site is optimized with the Yoast SEO Premium plugin v24.4 (Yoast SEO v24.4) - https:\/\/yoast.com\/wordpress\/plugins\/seo\/ -->\n<title>MONEDERO MI PRIMERA COMUNI\u00d3N NI\u00d1O - detallesboda.com<\/title>\n<meta name=\"robots\" content=\"index, follow, max-snippet:-1, max-image-preview:large, max-video-preview:-1\" \/>\n<link rel=\"canonical\" href=\"https:\/\/detallesboda.com\/?product=monedero-mi-primera-comunion-nino\" \/>\n<meta property=\"og:locale\" content=\"en_US\" \/>\n<meta property=\"og:type\" content=\"article\" \/>\n<meta property=\"og:title\" content=\"MONEDERO MI PRIMERA COMUNI\u00d3N NI\u00d1O\" \/>\n<meta property=\"og:description\" content=\"MONEDERO MI PRIMERA COMUNI\u00d3N NI\u00d1O Original\u00a0moneder\" \/>\n<meta property=\"og:url\" content=\"https:\/\/detallesboda.com\/?product=monedero-mi-primera-comunion-nino\" \/>\n<meta property=\"og:site_name\" content=\"detallesboda.com\" \/>\n<meta property=\"article:modified_time\" content=\"2025-05-14T10:05:22+00:00\" \/>\n<meta property=\"og:image\" content=\"https:\/\/detallesboda.com\/wp-content\/uploads\/2025\/02\/7022.jpg\" \/>\n\t<meta property=\"og:image:width\" content=\"600\" \/>\n\t<meta property=\"og:image:height\" content=\"459\" \/>\n\t<meta property=\"og:image:type\" content=\"image\/jpeg\" \/>\n<meta name=\"twitter:card\" content=\"summary_large_image\" \/>\n<script type=\"application\/ld+json\" class=\"yoast-schema-graph\">{\"@context\":\"https:\/\/schema.org\",\"@graph\":[{\"@type\":\"WebPage\",\"@id\":\"https:\/\/detallesboda.com\/?product=monedero-mi-primera-comunion-nino\",\"url\":\"https:\/\/detallesboda.com\/?product=monedero-mi-primera-comunion-nino\",\"name\":\"MONEDERO MI PRIMERA COMUNI\u00d3N NI\u00d1O - detallesboda.com\",\"isPartOf\":{\"@id\":\"https:\/\/detallesboda.com\/#website\"},\"primaryImageOfPage\":{\"@id\":\"https:\/\/detallesboda.com\/?product=monedero-mi-primera-comunion-nino#primaryimage\"},\"image\":{\"@id\":\"https:\/\/detallesboda.com\/?product=monedero-mi-primera-comunion-nino#primaryimage\"},\"thumbnailUrl\":\"https:\/\/detallesboda.com\/wp-content\/uploads\/2025\/02\/7022.jpg\",\"datePublished\":\"2025-02-17T12:59:00+00:00\",\"dateModified\":\"2025-05-14T10:05:22+00:00\",\"breadcrumb\":{\"@id\":\"https:\/\/detallesboda.com\/?product=monedero-mi-primera-comunion-nino#breadcrumb\"},\"inLanguage\":\"en-US\",\"potentialAction\":[{\"@type\":\"ReadAction\",\"target\":[\"https:\/\/detallesboda.com\/?product=monedero-mi-primera-comunion-nino\"]}]},{\"@type\":\"ImageObject\",\"inLanguage\":\"en-US\",\"@id\":\"https:\/\/detallesboda.com\/?product=monedero-mi-primera-comunion-nino#primaryimage\",\"url\":\"https:\/\/detallesboda.com\/wp-content\/uploads\/2025\/02\/7022.jpg\",\"contentUrl\":\"https:\/\/detallesboda.com\/wp-content\/uploads\/2025\/02\/7022.jpg\",\"width\":600,\"height\":459},{\"@type\":\"BreadcrumbList\",\"@id\":\"https:\/\/detallesboda.com\/?product=monedero-mi-primera-comunion-nino#breadcrumb\",\"itemListElement\":[{\"@type\":\"ListItem\",\"position\":1,\"name\":\"Home\",\"item\":\"https:\/\/www.detallesboda.com\/\"},{\"@type\":\"ListItem\",\"position\":2,\"name\":\"Shop\",\"item\":\"https:\/\/www.detallesboda.com\/?page_id=6\"},{\"@type\":\"ListItem\",\"position\":3,\"name\":\"MONEDERO MI PRIMERA COMUNI\u00d3N NI\u00d1O\"}]},{\"@type\":\"WebSite\",\"@id\":\"https:\/\/detallesboda.com\/#website\",\"url\":\"https:\/\/detallesboda.com\/\",\"name\":\"detallesboda.com\",\"description\":\"En detallesboda.com, tenemos una gran variedad de m\u00e1s de mil art\u00edculos para regalar como detalle a tus queridos invitados. Compra online y personaliza cualquiera de nuestro productos\",\"potentialAction\":[{\"@type\":\"SearchAction\",\"target\":{\"@type\":\"EntryPoint\",\"urlTemplate\":\"https:\/\/detallesboda.com\/?s={search_term_string}\"},\"query-input\":{\"@type\":\"PropertyValueSpecification\",\"valueRequired\":true,\"valueName\":\"search_term_string\"}}],\"inLanguage\":\"en-US\"}]}<\/script>\n<!-- \/ Yoast SEO Premium plugin. -->","yoast_head_json":{"title":"MONEDERO MI PRIMERA COMUNI\u00d3N NI\u00d1O - detallesboda.com","robots":{"index":"index","follow":"follow","max-snippet":"max-snippet:-1","max-image-preview":"max-image-preview:large","max-video-preview":"max-video-preview:-1"},"canonical":"https:\/\/detallesboda.com\/?product=monedero-mi-primera-comunion-nino","og_locale":"en_US","og_type":"article","og_title":"MONEDERO MI PRIMERA COMUNI\u00d3N NI\u00d1O","og_description":"MONEDERO MI PRIMERA COMUNI\u00d3N NI\u00d1O Original\u00a0moneder","og_url":"https:\/\/detallesboda.com\/?product=monedero-mi-primera-comunion-nino","og_site_name":"detallesboda.com","article_modified_time":"2025-05-14T10:05:22+00:00","og_image":[{"width":600,"height":459,"url":"https:\/\/detallesboda.com\/wp-content\/uploads\/2025\/02\/7022.jpg","type":"image\/jpeg"}],"twitter_card":"summary_large_image","schema":{"@context":"https:\/\/schema.org","@graph":[{"@type":"WebPage","@id":"https:\/\/detallesboda.com\/?product=monedero-mi-primera-comunion-nino","url":"https:\/\/detallesboda.com\/?product=monedero-mi-primera-comunion-nino","name":"MONEDERO MI PRIMERA COMUNI\u00d3N NI\u00d1O - detallesboda.com","isPartOf":{"@id":"https:\/\/detallesboda.com\/#website"},"primaryImageOfPage":{"@id":"https:\/\/detallesboda.com\/?product=monedero-mi-primera-comunion-nino#primaryimage"},"image":{"@id":"https:\/\/detallesboda.com\/?product=monedero-mi-primera-comunion-nino#primaryimage"},"thumbnailUrl":"https:\/\/detallesboda.com\/wp-content\/uploads\/2025\/02\/7022.jpg","datePublished":"2025-02-17T12:59:00+00:00","dateModified":"2025-05-14T10:05:22+00:00","breadcrumb":{"@id":"https:\/\/detallesboda.com\/?product=monedero-mi-primera-comunion-nino#breadcrumb"},"inLanguage":"en-US","potentialAction":[{"@type":"ReadAction","target":["https:\/\/detallesboda.com\/?product=monedero-mi-primera-comunion-nino"]}]},{"@type":"ImageObject","inLanguage":"en-US","@id":"https:\/\/detallesboda.com\/?product=monedero-mi-primera-comunion-nino#primaryimage","url":"https:\/\/detallesboda.com\/wp-content\/uploads\/2025\/02\/7022.jpg","contentUrl":"https:\/\/detallesboda.com\/wp-content\/uploads\/2025\/02\/7022.jpg","width":600,"height":459},{"@type":"BreadcrumbList","@id":"https:\/\/detallesboda.com\/?product=monedero-mi-primera-comunion-nino#breadcrumb","itemListElement":[{"@type":"ListItem","position":1,"name":"Home","item":"https:\/\/www.detallesboda.com\/"},{"@type":"ListItem","position":2,"name":"Shop","item":"https:\/\/www.detallesboda.com\/?page_id=6"},{"@type":"ListItem","position":3,"name":"MONEDERO MI PRIMERA COMUNI\u00d3N NI\u00d1O"}]},{"@type":"WebSite","@id":"https:\/\/detallesboda.com\/#website","url":"https:\/\/detallesboda.com\/","name":"detallesboda.com","description":"En detallesboda.com, tenemos una gran variedad de m\u00e1s de mil art\u00edculos para regalar como detalle a tus queridos invitados. Compra online y personaliza cualquiera de nuestro productos","potentialAction":[{"@type":"SearchAction","target":{"@type":"EntryPoint","urlTemplate":"https:\/\/detallesboda.com\/?s={search_term_string}"},"query-input":{"@type":"PropertyValueSpecification","valueRequired":true,"valueName":"search_term_string"}}],"inLanguage":"en-US"}]}},"_links":{"self":[{"href":"https:\/\/detallesboda.com\/index.php?rest_route=\/wp\/v2\/product\/7306","targetHints":{"allow":["GET"]}}],"collection":[{"href":"https:\/\/detallesboda.com\/index.php?rest_route=\/wp\/v2\/product"}],"about":[{"href":"https:\/\/detallesboda.com\/index.php?rest_route=\/wp\/v2\/types\/product"}],"replies":[{"embeddable":true,"href":"https:\/\/detallesboda.com\/index.php?rest_route=%2Fwp%2Fv2%2Fcomments&post=7306"}],"wp:featuredmedia":[{"embeddable":true,"href":"https:\/\/detallesboda.com\/index.php?rest_route=\/wp\/v2\/media\/8167"}],"wp:attachment":[{"href":"https:\/\/detallesboda.com\/index.php?rest_route=%2Fwp%2Fv2%2Fmedia&parent=7306"}],"wp:term":[{"taxonomy":"product_brand","embeddable":true,"href":"https:\/\/detallesboda.com\/index.php?rest_route=%2Fwp%2Fv2%2Fproduct_brand&post=7306"},{"taxonomy":"product_cat","embeddable":true,"href":"https:\/\/detallesboda.com\/index.php?rest_route=%2Fwp%2Fv2%2Fproduct_cat&post=7306"},{"taxonomy":"product_tag","embeddable":true,"href":"https:\/\/detallesboda.com\/index.php?rest_route=%2Fwp%2Fv2%2Fproduct_tag&post=7306"}],"curies":[{"name":"wp","href":"https:\/\/api.w.org\/{rel}","templated":true}]}}