{"id":7078,"date":"2025-02-17T13:57:26","date_gmt":"2025-02-17T12:57:26","guid":{"rendered":"https:\/\/detallesboda.com\/?product=power-bank-usb-metalizado-2200-mah-5"},"modified":"2025-05-14T12:00:07","modified_gmt":"2025-05-14T10:00:07","slug":"power-bank-usb-metalizado-2200-mah-5","status":"publish","type":"product","link":"https:\/\/detallesboda.com\/?product=power-bank-usb-metalizado-2200-mah-5","title":{"rendered":"POWER BANK USB METALIZADO 2200 mAh"},"content":{"rendered":"<p><strong>\u00bfQuieres tener m\u00e1s bater\u00eda extra en tu Smartphone?<\/strong><\/p>\n<p>Bater\u00eda auxiliar externa de aluminio, con bot\u00f3n y ledes indicadores de carga. Cable micro USB incluido y amplia superficie. Presentada en atractiva caja de dise\u00f1o. Las capacidades mostradas en todas nuestras bater\u00edas auxiliares externas son reales, incorporando todas ellas bater\u00edas de grado A y no recicladas, con una vida \u00fatil de al menos 500 ciclos de carga y seg\u00fan normativa CE. Adem\u00e1s, est\u00e1n fabricadas conforme a los est\u00e1ndares RoHS y en cumplimiento con los siguientes requisitos de seguridad: Sistema de protecci\u00f3n contra sobrecarga del power bank. Sistema de protecci\u00f3n contra descarga completa que proporciona una mayor durabilidad del power bank. Sistema de bloqueo para evitar cortocircuitos. Sistema de transferencia de carga constante, acorde con la capacidad del dispositivo de destino.<\/p>\n<p>Salida USB. Entrada Micro USB.<\/p>\n<p>Material: Aluminio<\/p>\n<p>Color:\u00a0Rojo<\/p>\n<p>Medidas:\u00a02.2 x 9.4 x 2.2 cm\u00a0<\/p>\n<p>Peso: 69 gr.<\/p>\n<p><strong>Capacidad: 2200 mAh<\/strong><\/p>\n<\/p>\n<p><strong>** POSIBILIDAD DE GRABACI\u00d3N EN L\u00c1SER **<\/strong><\/p>\n","protected":false},"excerpt":{"rendered":"<p>\u00bfQuieres tener m\u00e1s bater\u00eda extra en tu Smartphone?<\/p>\n","protected":false},"featured_media":8821,"comment_status":"open","ping_status":"open","template":"","meta":{"_monsterinsights_skip_tracking":false,"_monsterinsights_sitenote_active":false,"_monsterinsights_sitenote_note":"","_monsterinsights_sitenote_category":0},"product_brand":[],"product_cat":[91],"product_tag":[],"class_list":{"0":"post-7078","1":"product","2":"type-product","3":"status-publish","4":"has-post-thumbnail","6":"product_cat-detalles-para-hombres","8":"first","9":"instock","10":"shipping-taxable","11":"purchasable","12":"product-type-simple"},"yoast_head":"<!-- This site is optimized with the Yoast SEO Premium plugin v24.4 (Yoast SEO v24.4) - https:\/\/yoast.com\/wordpress\/plugins\/seo\/ -->\n<title>POWER BANK USB METALIZADO 2200 mAh - detallesboda.com<\/title>\n<meta name=\"robots\" content=\"index, follow, max-snippet:-1, max-image-preview:large, max-video-preview:-1\" \/>\n<link rel=\"canonical\" href=\"https:\/\/detallesboda.com\/?product=power-bank-usb-metalizado-2200-mah-5\" \/>\n<meta property=\"og:locale\" content=\"en_US\" \/>\n<meta property=\"og:type\" content=\"article\" \/>\n<meta property=\"og:title\" content=\"POWER BANK USB METALIZADO 2200 mAh\" \/>\n<meta property=\"og:description\" content=\"\u00bfQuieres tener m\u00e1s bater\u00eda extra en tu Smartphone?\" \/>\n<meta property=\"og:url\" content=\"https:\/\/detallesboda.com\/?product=power-bank-usb-metalizado-2200-mah-5\" \/>\n<meta property=\"og:site_name\" content=\"detallesboda.com\" \/>\n<meta property=\"article:modified_time\" content=\"2025-05-14T10:00:07+00:00\" \/>\n<meta property=\"og:image\" content=\"https:\/\/detallesboda.com\/wp-content\/uploads\/2025\/02\/10524.jpg\" \/>\n\t<meta property=\"og:image:width\" content=\"500\" \/>\n\t<meta property=\"og:image:height\" content=\"500\" \/>\n\t<meta property=\"og:image:type\" content=\"image\/jpeg\" \/>\n<meta name=\"twitter:card\" content=\"summary_large_image\" \/>\n<meta name=\"twitter:label1\" content=\"Est. reading time\" \/>\n\t<meta name=\"twitter:data1\" content=\"1 minute\" \/>\n<script type=\"application\/ld+json\" class=\"yoast-schema-graph\">{\"@context\":\"https:\/\/schema.org\",\"@graph\":[{\"@type\":\"WebPage\",\"@id\":\"https:\/\/detallesboda.com\/?product=power-bank-usb-metalizado-2200-mah-5\",\"url\":\"https:\/\/detallesboda.com\/?product=power-bank-usb-metalizado-2200-mah-5\",\"name\":\"POWER BANK USB METALIZADO 2200 mAh - detallesboda.com\",\"isPartOf\":{\"@id\":\"https:\/\/detallesboda.com\/#website\"},\"primaryImageOfPage\":{\"@id\":\"https:\/\/detallesboda.com\/?product=power-bank-usb-metalizado-2200-mah-5#primaryimage\"},\"image\":{\"@id\":\"https:\/\/detallesboda.com\/?product=power-bank-usb-metalizado-2200-mah-5#primaryimage\"},\"thumbnailUrl\":\"https:\/\/detallesboda.com\/wp-content\/uploads\/2025\/02\/10524.jpg\",\"datePublished\":\"2025-02-17T12:57:26+00:00\",\"dateModified\":\"2025-05-14T10:00:07+00:00\",\"breadcrumb\":{\"@id\":\"https:\/\/detallesboda.com\/?product=power-bank-usb-metalizado-2200-mah-5#breadcrumb\"},\"inLanguage\":\"en-US\",\"potentialAction\":[{\"@type\":\"ReadAction\",\"target\":[\"https:\/\/detallesboda.com\/?product=power-bank-usb-metalizado-2200-mah-5\"]}]},{\"@type\":\"ImageObject\",\"inLanguage\":\"en-US\",\"@id\":\"https:\/\/detallesboda.com\/?product=power-bank-usb-metalizado-2200-mah-5#primaryimage\",\"url\":\"https:\/\/detallesboda.com\/wp-content\/uploads\/2025\/02\/10524.jpg\",\"contentUrl\":\"https:\/\/detallesboda.com\/wp-content\/uploads\/2025\/02\/10524.jpg\",\"width\":500,\"height\":500},{\"@type\":\"BreadcrumbList\",\"@id\":\"https:\/\/detallesboda.com\/?product=power-bank-usb-metalizado-2200-mah-5#breadcrumb\",\"itemListElement\":[{\"@type\":\"ListItem\",\"position\":1,\"name\":\"Home\",\"item\":\"https:\/\/www.detallesboda.com\/\"},{\"@type\":\"ListItem\",\"position\":2,\"name\":\"Shop\",\"item\":\"https:\/\/www.detallesboda.com\/?page_id=6\"},{\"@type\":\"ListItem\",\"position\":3,\"name\":\"POWER BANK USB METALIZADO 2200 mAh\"}]},{\"@type\":\"WebSite\",\"@id\":\"https:\/\/detallesboda.com\/#website\",\"url\":\"https:\/\/detallesboda.com\/\",\"name\":\"detallesboda.com\",\"description\":\"En detallesboda.com, tenemos una gran variedad de m\u00e1s de mil art\u00edculos para regalar como detalle a tus queridos invitados. Compra online y personaliza cualquiera de nuestro productos\",\"potentialAction\":[{\"@type\":\"SearchAction\",\"target\":{\"@type\":\"EntryPoint\",\"urlTemplate\":\"https:\/\/detallesboda.com\/?s={search_term_string}\"},\"query-input\":{\"@type\":\"PropertyValueSpecification\",\"valueRequired\":true,\"valueName\":\"search_term_string\"}}],\"inLanguage\":\"en-US\"}]}<\/script>\n<!-- \/ Yoast SEO Premium plugin. -->","yoast_head_json":{"title":"POWER BANK USB METALIZADO 2200 mAh - detallesboda.com","robots":{"index":"index","follow":"follow","max-snippet":"max-snippet:-1","max-image-preview":"max-image-preview:large","max-video-preview":"max-video-preview:-1"},"canonical":"https:\/\/detallesboda.com\/?product=power-bank-usb-metalizado-2200-mah-5","og_locale":"en_US","og_type":"article","og_title":"POWER BANK USB METALIZADO 2200 mAh","og_description":"\u00bfQuieres tener m\u00e1s bater\u00eda extra en tu Smartphone?","og_url":"https:\/\/detallesboda.com\/?product=power-bank-usb-metalizado-2200-mah-5","og_site_name":"detallesboda.com","article_modified_time":"2025-05-14T10:00:07+00:00","og_image":[{"width":500,"height":500,"url":"https:\/\/detallesboda.com\/wp-content\/uploads\/2025\/02\/10524.jpg","type":"image\/jpeg"}],"twitter_card":"summary_large_image","twitter_misc":{"Est. reading time":"1 minute"},"schema":{"@context":"https:\/\/schema.org","@graph":[{"@type":"WebPage","@id":"https:\/\/detallesboda.com\/?product=power-bank-usb-metalizado-2200-mah-5","url":"https:\/\/detallesboda.com\/?product=power-bank-usb-metalizado-2200-mah-5","name":"POWER BANK USB METALIZADO 2200 mAh - detallesboda.com","isPartOf":{"@id":"https:\/\/detallesboda.com\/#website"},"primaryImageOfPage":{"@id":"https:\/\/detallesboda.com\/?product=power-bank-usb-metalizado-2200-mah-5#primaryimage"},"image":{"@id":"https:\/\/detallesboda.com\/?product=power-bank-usb-metalizado-2200-mah-5#primaryimage"},"thumbnailUrl":"https:\/\/detallesboda.com\/wp-content\/uploads\/2025\/02\/10524.jpg","datePublished":"2025-02-17T12:57:26+00:00","dateModified":"2025-05-14T10:00:07+00:00","breadcrumb":{"@id":"https:\/\/detallesboda.com\/?product=power-bank-usb-metalizado-2200-mah-5#breadcrumb"},"inLanguage":"en-US","potentialAction":[{"@type":"ReadAction","target":["https:\/\/detallesboda.com\/?product=power-bank-usb-metalizado-2200-mah-5"]}]},{"@type":"ImageObject","inLanguage":"en-US","@id":"https:\/\/detallesboda.com\/?product=power-bank-usb-metalizado-2200-mah-5#primaryimage","url":"https:\/\/detallesboda.com\/wp-content\/uploads\/2025\/02\/10524.jpg","contentUrl":"https:\/\/detallesboda.com\/wp-content\/uploads\/2025\/02\/10524.jpg","width":500,"height":500},{"@type":"BreadcrumbList","@id":"https:\/\/detallesboda.com\/?product=power-bank-usb-metalizado-2200-mah-5#breadcrumb","itemListElement":[{"@type":"ListItem","position":1,"name":"Home","item":"https:\/\/www.detallesboda.com\/"},{"@type":"ListItem","position":2,"name":"Shop","item":"https:\/\/www.detallesboda.com\/?page_id=6"},{"@type":"ListItem","position":3,"name":"POWER BANK USB METALIZADO 2200 mAh"}]},{"@type":"WebSite","@id":"https:\/\/detallesboda.com\/#website","url":"https:\/\/detallesboda.com\/","name":"detallesboda.com","description":"En detallesboda.com, tenemos una gran variedad de m\u00e1s de mil art\u00edculos para regalar como detalle a tus queridos invitados. Compra online y personaliza cualquiera de nuestro productos","potentialAction":[{"@type":"SearchAction","target":{"@type":"EntryPoint","urlTemplate":"https:\/\/detallesboda.com\/?s={search_term_string}"},"query-input":{"@type":"PropertyValueSpecification","valueRequired":true,"valueName":"search_term_string"}}],"inLanguage":"en-US"}]}},"_links":{"self":[{"href":"https:\/\/detallesboda.com\/index.php?rest_route=\/wp\/v2\/product\/7078","targetHints":{"allow":["GET"]}}],"collection":[{"href":"https:\/\/detallesboda.com\/index.php?rest_route=\/wp\/v2\/product"}],"about":[{"href":"https:\/\/detallesboda.com\/index.php?rest_route=\/wp\/v2\/types\/product"}],"replies":[{"embeddable":true,"href":"https:\/\/detallesboda.com\/index.php?rest_route=%2Fwp%2Fv2%2Fcomments&post=7078"}],"wp:featuredmedia":[{"embeddable":true,"href":"https:\/\/detallesboda.com\/index.php?rest_route=\/wp\/v2\/media\/8821"}],"wp:attachment":[{"href":"https:\/\/detallesboda.com\/index.php?rest_route=%2Fwp%2Fv2%2Fmedia&parent=7078"}],"wp:term":[{"taxonomy":"product_brand","embeddable":true,"href":"https:\/\/detallesboda.com\/index.php?rest_route=%2Fwp%2Fv2%2Fproduct_brand&post=7078"},{"taxonomy":"product_cat","embeddable":true,"href":"https:\/\/detallesboda.com\/index.php?rest_route=%2Fwp%2Fv2%2Fproduct_cat&post=7078"},{"taxonomy":"product_tag","embeddable":true,"href":"https:\/\/detallesboda.com\/index.php?rest_route=%2Fwp%2Fv2%2Fproduct_tag&post=7078"}],"curies":[{"name":"wp","href":"https:\/\/api.w.org\/{rel}","templated":true}]}}