{"id":6980,"date":"2025-02-17T13:56:41","date_gmt":"2025-02-17T12:56:41","guid":{"rendered":"https:\/\/detallesboda.com\/?product=set-vino-union-de-corazones"},"modified":"2025-05-14T11:55:58","modified_gmt":"2025-05-14T09:55:58","slug":"set-vino-union-de-corazones","status":"publish","type":"product","link":"https:\/\/detallesboda.com\/?product=set-vino-union-de-corazones","title":{"rendered":"SET VINO UNI\u00d3N DE CORAZONES"},"content":{"rendered":"<p>\u00bfQu\u00e9 mejor manera de conmemorar la uni\u00f3n de dos corazones? Agradece a tus invitados con estilo, regalando este pr\u00e1ctico set de vino compuesto por 2 piezas de metal y de alta calidad. El set est\u00e1 compuesto por un tap\u00f3n para botellas y sacacorchos con forma de coraz\u00f3n, presentados en eleganta cajita de regalo con base de terciopelo y parte superior transparente con el dibujo de los novios. El estuche de regalo, tamb\u00eden incluye lazo de organza blanco, y tarjetita con forma de coraz\u00f3n.<\/p>\n<p>Tanto el tap\u00f3n de vino, como el sacacorchos tienen la parte superior extra\u00edble, permitiendo desenroscar cada uno de sus respectivas bases para una f\u00e1cil limpieza. Cada uno est\u00e1 hecha de metal s\u00f3lido. El tap\u00f3n para botella tiene anillos de goma, para un encaje perfecto en cualquier tama\u00f1o de botella.<\/p>\n<p>Un aut\u00e9ntico regalo original para el d\u00eda de tu boda. PRESENTADO EN CAJITA DE REGALO Y CON TARJETA INCLUIDA tal como muestra la fotograf\u00eda.<\/p>\n<p>Medidas set: 17 x 12 cm<\/p>\n<p>*Las tarjetas se entregan sin imprimir<\/p>\n","protected":false},"excerpt":{"rendered":"<p>\u00bfQu\u00e9 mejor manera de conmemorar la uni\u00f3n de dos co<\/p>\n","protected":false},"featured_media":7675,"comment_status":"open","ping_status":"open","template":"","meta":{"_monsterinsights_skip_tracking":false,"_monsterinsights_sitenote_active":false,"_monsterinsights_sitenote_note":"","_monsterinsights_sitenote_category":0},"product_brand":[],"product_cat":[91],"product_tag":[],"class_list":{"0":"post-6980","1":"product","2":"type-product","3":"status-publish","4":"has-post-thumbnail","6":"product_cat-detalles-para-hombres","8":"first","9":"instock","10":"shipping-taxable","11":"purchasable","12":"product-type-simple"},"yoast_head":"<!-- This site is optimized with the Yoast SEO Premium plugin v24.4 (Yoast SEO v24.4) - https:\/\/yoast.com\/wordpress\/plugins\/seo\/ -->\n<title>SET VINO UNI\u00d3N DE CORAZONES - detallesboda.com<\/title>\n<meta name=\"robots\" content=\"index, follow, max-snippet:-1, max-image-preview:large, max-video-preview:-1\" \/>\n<link rel=\"canonical\" href=\"https:\/\/detallesboda.com\/?product=set-vino-union-de-corazones\" \/>\n<meta property=\"og:locale\" content=\"en_US\" \/>\n<meta property=\"og:type\" content=\"article\" \/>\n<meta property=\"og:title\" content=\"SET VINO UNI\u00d3N DE CORAZONES\" \/>\n<meta property=\"og:description\" content=\"\u00bfQu\u00e9 mejor manera de conmemorar la uni\u00f3n de dos co\" \/>\n<meta property=\"og:url\" content=\"https:\/\/detallesboda.com\/?product=set-vino-union-de-corazones\" \/>\n<meta property=\"og:site_name\" content=\"detallesboda.com\" \/>\n<meta property=\"article:modified_time\" content=\"2025-05-14T09:55:58+00:00\" \/>\n<meta property=\"og:image\" content=\"https:\/\/detallesboda.com\/wp-content\/uploads\/2025\/02\/120.jpg\" \/>\n\t<meta property=\"og:image:width\" content=\"600\" \/>\n\t<meta property=\"og:image:height\" content=\"480\" \/>\n\t<meta property=\"og:image:type\" content=\"image\/jpeg\" \/>\n<meta name=\"twitter:card\" content=\"summary_large_image\" \/>\n<meta name=\"twitter:label1\" content=\"Est. reading time\" \/>\n\t<meta name=\"twitter:data1\" content=\"1 minute\" \/>\n<script type=\"application\/ld+json\" class=\"yoast-schema-graph\">{\"@context\":\"https:\/\/schema.org\",\"@graph\":[{\"@type\":\"WebPage\",\"@id\":\"https:\/\/detallesboda.com\/?product=set-vino-union-de-corazones\",\"url\":\"https:\/\/detallesboda.com\/?product=set-vino-union-de-corazones\",\"name\":\"SET VINO UNI\u00d3N DE CORAZONES - detallesboda.com\",\"isPartOf\":{\"@id\":\"https:\/\/detallesboda.com\/#website\"},\"primaryImageOfPage\":{\"@id\":\"https:\/\/detallesboda.com\/?product=set-vino-union-de-corazones#primaryimage\"},\"image\":{\"@id\":\"https:\/\/detallesboda.com\/?product=set-vino-union-de-corazones#primaryimage\"},\"thumbnailUrl\":\"https:\/\/detallesboda.com\/wp-content\/uploads\/2025\/02\/120.jpg\",\"datePublished\":\"2025-02-17T12:56:41+00:00\",\"dateModified\":\"2025-05-14T09:55:58+00:00\",\"breadcrumb\":{\"@id\":\"https:\/\/detallesboda.com\/?product=set-vino-union-de-corazones#breadcrumb\"},\"inLanguage\":\"en-US\",\"potentialAction\":[{\"@type\":\"ReadAction\",\"target\":[\"https:\/\/detallesboda.com\/?product=set-vino-union-de-corazones\"]}]},{\"@type\":\"ImageObject\",\"inLanguage\":\"en-US\",\"@id\":\"https:\/\/detallesboda.com\/?product=set-vino-union-de-corazones#primaryimage\",\"url\":\"https:\/\/detallesboda.com\/wp-content\/uploads\/2025\/02\/120.jpg\",\"contentUrl\":\"https:\/\/detallesboda.com\/wp-content\/uploads\/2025\/02\/120.jpg\",\"width\":600,\"height\":480},{\"@type\":\"BreadcrumbList\",\"@id\":\"https:\/\/detallesboda.com\/?product=set-vino-union-de-corazones#breadcrumb\",\"itemListElement\":[{\"@type\":\"ListItem\",\"position\":1,\"name\":\"Home\",\"item\":\"https:\/\/www.detallesboda.com\/\"},{\"@type\":\"ListItem\",\"position\":2,\"name\":\"Shop\",\"item\":\"https:\/\/www.detallesboda.com\/?page_id=6\"},{\"@type\":\"ListItem\",\"position\":3,\"name\":\"SET VINO UNI\u00d3N DE CORAZONES\"}]},{\"@type\":\"WebSite\",\"@id\":\"https:\/\/detallesboda.com\/#website\",\"url\":\"https:\/\/detallesboda.com\/\",\"name\":\"detallesboda.com\",\"description\":\"En detallesboda.com, tenemos una gran variedad de m\u00e1s de mil art\u00edculos para regalar como detalle a tus queridos invitados. Compra online y personaliza cualquiera de nuestro productos\",\"potentialAction\":[{\"@type\":\"SearchAction\",\"target\":{\"@type\":\"EntryPoint\",\"urlTemplate\":\"https:\/\/detallesboda.com\/?s={search_term_string}\"},\"query-input\":{\"@type\":\"PropertyValueSpecification\",\"valueRequired\":true,\"valueName\":\"search_term_string\"}}],\"inLanguage\":\"en-US\"}]}<\/script>\n<!-- \/ Yoast SEO Premium plugin. -->","yoast_head_json":{"title":"SET VINO UNI\u00d3N DE CORAZONES - detallesboda.com","robots":{"index":"index","follow":"follow","max-snippet":"max-snippet:-1","max-image-preview":"max-image-preview:large","max-video-preview":"max-video-preview:-1"},"canonical":"https:\/\/detallesboda.com\/?product=set-vino-union-de-corazones","og_locale":"en_US","og_type":"article","og_title":"SET VINO UNI\u00d3N DE CORAZONES","og_description":"\u00bfQu\u00e9 mejor manera de conmemorar la uni\u00f3n de dos co","og_url":"https:\/\/detallesboda.com\/?product=set-vino-union-de-corazones","og_site_name":"detallesboda.com","article_modified_time":"2025-05-14T09:55:58+00:00","og_image":[{"width":600,"height":480,"url":"https:\/\/detallesboda.com\/wp-content\/uploads\/2025\/02\/120.jpg","type":"image\/jpeg"}],"twitter_card":"summary_large_image","twitter_misc":{"Est. reading time":"1 minute"},"schema":{"@context":"https:\/\/schema.org","@graph":[{"@type":"WebPage","@id":"https:\/\/detallesboda.com\/?product=set-vino-union-de-corazones","url":"https:\/\/detallesboda.com\/?product=set-vino-union-de-corazones","name":"SET VINO UNI\u00d3N DE CORAZONES - detallesboda.com","isPartOf":{"@id":"https:\/\/detallesboda.com\/#website"},"primaryImageOfPage":{"@id":"https:\/\/detallesboda.com\/?product=set-vino-union-de-corazones#primaryimage"},"image":{"@id":"https:\/\/detallesboda.com\/?product=set-vino-union-de-corazones#primaryimage"},"thumbnailUrl":"https:\/\/detallesboda.com\/wp-content\/uploads\/2025\/02\/120.jpg","datePublished":"2025-02-17T12:56:41+00:00","dateModified":"2025-05-14T09:55:58+00:00","breadcrumb":{"@id":"https:\/\/detallesboda.com\/?product=set-vino-union-de-corazones#breadcrumb"},"inLanguage":"en-US","potentialAction":[{"@type":"ReadAction","target":["https:\/\/detallesboda.com\/?product=set-vino-union-de-corazones"]}]},{"@type":"ImageObject","inLanguage":"en-US","@id":"https:\/\/detallesboda.com\/?product=set-vino-union-de-corazones#primaryimage","url":"https:\/\/detallesboda.com\/wp-content\/uploads\/2025\/02\/120.jpg","contentUrl":"https:\/\/detallesboda.com\/wp-content\/uploads\/2025\/02\/120.jpg","width":600,"height":480},{"@type":"BreadcrumbList","@id":"https:\/\/detallesboda.com\/?product=set-vino-union-de-corazones#breadcrumb","itemListElement":[{"@type":"ListItem","position":1,"name":"Home","item":"https:\/\/www.detallesboda.com\/"},{"@type":"ListItem","position":2,"name":"Shop","item":"https:\/\/www.detallesboda.com\/?page_id=6"},{"@type":"ListItem","position":3,"name":"SET VINO UNI\u00d3N DE CORAZONES"}]},{"@type":"WebSite","@id":"https:\/\/detallesboda.com\/#website","url":"https:\/\/detallesboda.com\/","name":"detallesboda.com","description":"En detallesboda.com, tenemos una gran variedad de m\u00e1s de mil art\u00edculos para regalar como detalle a tus queridos invitados. Compra online y personaliza cualquiera de nuestro productos","potentialAction":[{"@type":"SearchAction","target":{"@type":"EntryPoint","urlTemplate":"https:\/\/detallesboda.com\/?s={search_term_string}"},"query-input":{"@type":"PropertyValueSpecification","valueRequired":true,"valueName":"search_term_string"}}],"inLanguage":"en-US"}]}},"_links":{"self":[{"href":"https:\/\/detallesboda.com\/index.php?rest_route=\/wp\/v2\/product\/6980","targetHints":{"allow":["GET"]}}],"collection":[{"href":"https:\/\/detallesboda.com\/index.php?rest_route=\/wp\/v2\/product"}],"about":[{"href":"https:\/\/detallesboda.com\/index.php?rest_route=\/wp\/v2\/types\/product"}],"replies":[{"embeddable":true,"href":"https:\/\/detallesboda.com\/index.php?rest_route=%2Fwp%2Fv2%2Fcomments&post=6980"}],"wp:featuredmedia":[{"embeddable":true,"href":"https:\/\/detallesboda.com\/index.php?rest_route=\/wp\/v2\/media\/7675"}],"wp:attachment":[{"href":"https:\/\/detallesboda.com\/index.php?rest_route=%2Fwp%2Fv2%2Fmedia&parent=6980"}],"wp:term":[{"taxonomy":"product_brand","embeddable":true,"href":"https:\/\/detallesboda.com\/index.php?rest_route=%2Fwp%2Fv2%2Fproduct_brand&post=6980"},{"taxonomy":"product_cat","embeddable":true,"href":"https:\/\/detallesboda.com\/index.php?rest_route=%2Fwp%2Fv2%2Fproduct_cat&post=6980"},{"taxonomy":"product_tag","embeddable":true,"href":"https:\/\/detallesboda.com\/index.php?rest_route=%2Fwp%2Fv2%2Fproduct_tag&post=6980"}],"curies":[{"name":"wp","href":"https:\/\/api.w.org\/{rel}","templated":true}]}}