{"id":6926,"date":"2025-02-17T13:56:19","date_gmt":"2025-02-17T12:56:19","guid":{"rendered":"https:\/\/detallesboda.com\/?product=pantuflas-de-algodon-mujer-talla-40"},"modified":"2025-05-14T11:55:27","modified_gmt":"2025-05-14T09:55:27","slug":"pantuflas-de-algodon-mujer-talla-40","status":"publish","type":"product","link":"https:\/\/detallesboda.com\/?product=pantuflas-de-algodon-mujer-talla-40","title":{"rendered":"PANTUFLAS DE ALGOD\u00d3N MUJER -Talla 40"},"content":{"rendered":"<p>PANTUFLAS DE ALGOD\u00d3N &#8220;GRACIAS POR ACOMPA\u00d1ARNOS&#8221;<\/p>\n<p>\u00a0<\/p>\n<p>Originales y practicas zapatillas de algod\u00f3n con dise\u00f1o de esmoquin y vestido novia, acompa\u00f1ada de la frase &#8220;Gracias por acompa\u00f1arnos&#8221;<\/p>\n<p>Un detalle que sin duda agradeceran los invitados.<\/p>\n<p><span>Modelo : Novia<\/span><\/p>\n<p><span>Equivale a una talla 40<\/span><\/p>\n<p><span>Presentado en bolsita de celof\u00e1n transparente.<\/span><\/p>\n","protected":false},"excerpt":{"rendered":"<p>PANTUFLAS DE ALGOD\u00d3N &#8220;GRACIAS POR ACOMPA\u00d1ARNOS&#8221;<br \/>\n\u00a0<\/p>\n","protected":false},"featured_media":7715,"comment_status":"open","ping_status":"open","template":"","meta":{"_monsterinsights_skip_tracking":false,"_monsterinsights_sitenote_active":false,"_monsterinsights_sitenote_note":"","_monsterinsights_sitenote_category":0},"product_brand":[],"product_cat":[88],"product_tag":[],"class_list":{"0":"post-6926","1":"product","2":"type-product","3":"status-publish","4":"has-post-thumbnail","6":"product_cat-complementos-y-accesorios","8":"first","9":"instock","10":"shipping-taxable","11":"purchasable","12":"product-type-simple"},"yoast_head":"<!-- This site is optimized with the Yoast SEO Premium plugin v24.4 (Yoast SEO v24.4) - https:\/\/yoast.com\/wordpress\/plugins\/seo\/ -->\n<title>PANTUFLAS DE ALGOD\u00d3N MUJER -Talla 40 - detallesboda.com<\/title>\n<meta name=\"robots\" content=\"index, follow, max-snippet:-1, max-image-preview:large, max-video-preview:-1\" \/>\n<link rel=\"canonical\" href=\"https:\/\/detallesboda.com\/?product=pantuflas-de-algodon-mujer-talla-40\" \/>\n<meta property=\"og:locale\" content=\"en_US\" \/>\n<meta property=\"og:type\" content=\"article\" \/>\n<meta property=\"og:title\" content=\"PANTUFLAS DE ALGOD\u00d3N MUJER -Talla 40\" \/>\n<meta property=\"og:description\" content=\"PANTUFLAS DE ALGOD\u00d3N &quot;GRACIAS POR ACOMPA\u00d1ARNOS&quot; \u00a0\" \/>\n<meta property=\"og:url\" content=\"https:\/\/detallesboda.com\/?product=pantuflas-de-algodon-mujer-talla-40\" \/>\n<meta property=\"og:site_name\" content=\"detallesboda.com\" \/>\n<meta property=\"article:modified_time\" content=\"2025-05-14T09:55:27+00:00\" \/>\n<meta property=\"og:image\" content=\"https:\/\/detallesboda.com\/wp-content\/uploads\/2025\/02\/3578.jpg\" \/>\n\t<meta property=\"og:image:width\" content=\"628\" \/>\n\t<meta property=\"og:image:height\" content=\"1200\" \/>\n\t<meta property=\"og:image:type\" content=\"image\/jpeg\" \/>\n<meta name=\"twitter:card\" content=\"summary_large_image\" \/>\n<script type=\"application\/ld+json\" class=\"yoast-schema-graph\">{\"@context\":\"https:\/\/schema.org\",\"@graph\":[{\"@type\":\"WebPage\",\"@id\":\"https:\/\/detallesboda.com\/?product=pantuflas-de-algodon-mujer-talla-40\",\"url\":\"https:\/\/detallesboda.com\/?product=pantuflas-de-algodon-mujer-talla-40\",\"name\":\"PANTUFLAS DE ALGOD\u00d3N MUJER -Talla 40 - detallesboda.com\",\"isPartOf\":{\"@id\":\"https:\/\/detallesboda.com\/#website\"},\"primaryImageOfPage\":{\"@id\":\"https:\/\/detallesboda.com\/?product=pantuflas-de-algodon-mujer-talla-40#primaryimage\"},\"image\":{\"@id\":\"https:\/\/detallesboda.com\/?product=pantuflas-de-algodon-mujer-talla-40#primaryimage\"},\"thumbnailUrl\":\"https:\/\/detallesboda.com\/wp-content\/uploads\/2025\/02\/3578.jpg\",\"datePublished\":\"2025-02-17T12:56:19+00:00\",\"dateModified\":\"2025-05-14T09:55:27+00:00\",\"breadcrumb\":{\"@id\":\"https:\/\/detallesboda.com\/?product=pantuflas-de-algodon-mujer-talla-40#breadcrumb\"},\"inLanguage\":\"en-US\",\"potentialAction\":[{\"@type\":\"ReadAction\",\"target\":[\"https:\/\/detallesboda.com\/?product=pantuflas-de-algodon-mujer-talla-40\"]}]},{\"@type\":\"ImageObject\",\"inLanguage\":\"en-US\",\"@id\":\"https:\/\/detallesboda.com\/?product=pantuflas-de-algodon-mujer-talla-40#primaryimage\",\"url\":\"https:\/\/detallesboda.com\/wp-content\/uploads\/2025\/02\/3578.jpg\",\"contentUrl\":\"https:\/\/detallesboda.com\/wp-content\/uploads\/2025\/02\/3578.jpg\",\"width\":628,\"height\":1200},{\"@type\":\"BreadcrumbList\",\"@id\":\"https:\/\/detallesboda.com\/?product=pantuflas-de-algodon-mujer-talla-40#breadcrumb\",\"itemListElement\":[{\"@type\":\"ListItem\",\"position\":1,\"name\":\"Home\",\"item\":\"https:\/\/www.detallesboda.com\/\"},{\"@type\":\"ListItem\",\"position\":2,\"name\":\"Shop\",\"item\":\"https:\/\/www.detallesboda.com\/?page_id=6\"},{\"@type\":\"ListItem\",\"position\":3,\"name\":\"PANTUFLAS DE ALGOD\u00d3N MUJER -Talla 40\"}]},{\"@type\":\"WebSite\",\"@id\":\"https:\/\/detallesboda.com\/#website\",\"url\":\"https:\/\/detallesboda.com\/\",\"name\":\"detallesboda.com\",\"description\":\"En detallesboda.com, tenemos una gran variedad de m\u00e1s de mil art\u00edculos para regalar como detalle a tus queridos invitados. Compra online y personaliza cualquiera de nuestro productos\",\"potentialAction\":[{\"@type\":\"SearchAction\",\"target\":{\"@type\":\"EntryPoint\",\"urlTemplate\":\"https:\/\/detallesboda.com\/?s={search_term_string}\"},\"query-input\":{\"@type\":\"PropertyValueSpecification\",\"valueRequired\":true,\"valueName\":\"search_term_string\"}}],\"inLanguage\":\"en-US\"}]}<\/script>\n<!-- \/ Yoast SEO Premium plugin. -->","yoast_head_json":{"title":"PANTUFLAS DE ALGOD\u00d3N MUJER -Talla 40 - detallesboda.com","robots":{"index":"index","follow":"follow","max-snippet":"max-snippet:-1","max-image-preview":"max-image-preview:large","max-video-preview":"max-video-preview:-1"},"canonical":"https:\/\/detallesboda.com\/?product=pantuflas-de-algodon-mujer-talla-40","og_locale":"en_US","og_type":"article","og_title":"PANTUFLAS DE ALGOD\u00d3N MUJER -Talla 40","og_description":"PANTUFLAS DE ALGOD\u00d3N \"GRACIAS POR ACOMPA\u00d1ARNOS\" \u00a0","og_url":"https:\/\/detallesboda.com\/?product=pantuflas-de-algodon-mujer-talla-40","og_site_name":"detallesboda.com","article_modified_time":"2025-05-14T09:55:27+00:00","og_image":[{"width":628,"height":1200,"url":"https:\/\/detallesboda.com\/wp-content\/uploads\/2025\/02\/3578.jpg","type":"image\/jpeg"}],"twitter_card":"summary_large_image","schema":{"@context":"https:\/\/schema.org","@graph":[{"@type":"WebPage","@id":"https:\/\/detallesboda.com\/?product=pantuflas-de-algodon-mujer-talla-40","url":"https:\/\/detallesboda.com\/?product=pantuflas-de-algodon-mujer-talla-40","name":"PANTUFLAS DE ALGOD\u00d3N MUJER -Talla 40 - detallesboda.com","isPartOf":{"@id":"https:\/\/detallesboda.com\/#website"},"primaryImageOfPage":{"@id":"https:\/\/detallesboda.com\/?product=pantuflas-de-algodon-mujer-talla-40#primaryimage"},"image":{"@id":"https:\/\/detallesboda.com\/?product=pantuflas-de-algodon-mujer-talla-40#primaryimage"},"thumbnailUrl":"https:\/\/detallesboda.com\/wp-content\/uploads\/2025\/02\/3578.jpg","datePublished":"2025-02-17T12:56:19+00:00","dateModified":"2025-05-14T09:55:27+00:00","breadcrumb":{"@id":"https:\/\/detallesboda.com\/?product=pantuflas-de-algodon-mujer-talla-40#breadcrumb"},"inLanguage":"en-US","potentialAction":[{"@type":"ReadAction","target":["https:\/\/detallesboda.com\/?product=pantuflas-de-algodon-mujer-talla-40"]}]},{"@type":"ImageObject","inLanguage":"en-US","@id":"https:\/\/detallesboda.com\/?product=pantuflas-de-algodon-mujer-talla-40#primaryimage","url":"https:\/\/detallesboda.com\/wp-content\/uploads\/2025\/02\/3578.jpg","contentUrl":"https:\/\/detallesboda.com\/wp-content\/uploads\/2025\/02\/3578.jpg","width":628,"height":1200},{"@type":"BreadcrumbList","@id":"https:\/\/detallesboda.com\/?product=pantuflas-de-algodon-mujer-talla-40#breadcrumb","itemListElement":[{"@type":"ListItem","position":1,"name":"Home","item":"https:\/\/www.detallesboda.com\/"},{"@type":"ListItem","position":2,"name":"Shop","item":"https:\/\/www.detallesboda.com\/?page_id=6"},{"@type":"ListItem","position":3,"name":"PANTUFLAS DE ALGOD\u00d3N MUJER -Talla 40"}]},{"@type":"WebSite","@id":"https:\/\/detallesboda.com\/#website","url":"https:\/\/detallesboda.com\/","name":"detallesboda.com","description":"En detallesboda.com, tenemos una gran variedad de m\u00e1s de mil art\u00edculos para regalar como detalle a tus queridos invitados. Compra online y personaliza cualquiera de nuestro productos","potentialAction":[{"@type":"SearchAction","target":{"@type":"EntryPoint","urlTemplate":"https:\/\/detallesboda.com\/?s={search_term_string}"},"query-input":{"@type":"PropertyValueSpecification","valueRequired":true,"valueName":"search_term_string"}}],"inLanguage":"en-US"}]}},"_links":{"self":[{"href":"https:\/\/detallesboda.com\/index.php?rest_route=\/wp\/v2\/product\/6926","targetHints":{"allow":["GET"]}}],"collection":[{"href":"https:\/\/detallesboda.com\/index.php?rest_route=\/wp\/v2\/product"}],"about":[{"href":"https:\/\/detallesboda.com\/index.php?rest_route=\/wp\/v2\/types\/product"}],"replies":[{"embeddable":true,"href":"https:\/\/detallesboda.com\/index.php?rest_route=%2Fwp%2Fv2%2Fcomments&post=6926"}],"wp:featuredmedia":[{"embeddable":true,"href":"https:\/\/detallesboda.com\/index.php?rest_route=\/wp\/v2\/media\/7715"}],"wp:attachment":[{"href":"https:\/\/detallesboda.com\/index.php?rest_route=%2Fwp%2Fv2%2Fmedia&parent=6926"}],"wp:term":[{"taxonomy":"product_brand","embeddable":true,"href":"https:\/\/detallesboda.com\/index.php?rest_route=%2Fwp%2Fv2%2Fproduct_brand&post=6926"},{"taxonomy":"product_cat","embeddable":true,"href":"https:\/\/detallesboda.com\/index.php?rest_route=%2Fwp%2Fv2%2Fproduct_cat&post=6926"},{"taxonomy":"product_tag","embeddable":true,"href":"https:\/\/detallesboda.com\/index.php?rest_route=%2Fwp%2Fv2%2Fproduct_tag&post=6926"}],"curies":[{"name":"wp","href":"https:\/\/api.w.org\/{rel}","templated":true}]}}