{"id":6908,"date":"2025-02-17T13:56:12","date_gmt":"2025-02-17T12:56:12","guid":{"rendered":"https:\/\/detallesboda.com\/?product=bolsa-de-organza-75-x-10-rojo"},"modified":"2025-05-14T11:55:15","modified_gmt":"2025-05-14T09:55:15","slug":"bolsa-de-organza-75-x-10-rojo","status":"publish","type":"product","link":"https:\/\/detallesboda.com\/?product=bolsa-de-organza-75-x-10-rojo","title":{"rendered":"BOLSA DE ORGANZA 7,5 X 10 ROJO"},"content":{"rendered":"<p>Bolsa de Organza para presentaci\u00f3n de detalles. Est\u00e1n disponibles en 8 colores para presentar cualquier tono de detalle. Este tama\u00f1o es ideal para el arroz<\/p>\n<p><strong>Color: Rojo<\/strong><\/p>\n<p><span>Medidas: 7,5 x 10 cm<\/span><\/p>\n","protected":false},"excerpt":{"rendered":"<p>Bolsa de Organza para presentaci\u00f3n de detalles. Es<\/p>\n","protected":false},"featured_media":8064,"comment_status":"open","ping_status":"open","template":"","meta":{"_monsterinsights_skip_tracking":false,"_monsterinsights_sitenote_active":false,"_monsterinsights_sitenote_note":"","_monsterinsights_sitenote_category":0},"product_brand":[],"product_cat":[88],"product_tag":[],"class_list":{"0":"post-6908","1":"product","2":"type-product","3":"status-publish","4":"has-post-thumbnail","6":"product_cat-complementos-y-accesorios","8":"first","9":"instock","10":"shipping-taxable","11":"purchasable","12":"product-type-simple"},"yoast_head":"<!-- This site is optimized with the Yoast SEO Premium plugin v24.4 (Yoast SEO v24.4) - https:\/\/yoast.com\/wordpress\/plugins\/seo\/ -->\n<title>BOLSA DE ORGANZA 7,5 X 10 ROJO - detallesboda.com<\/title>\n<meta name=\"robots\" content=\"index, follow, max-snippet:-1, max-image-preview:large, max-video-preview:-1\" \/>\n<link rel=\"canonical\" href=\"https:\/\/detallesboda.com\/?product=bolsa-de-organza-75-x-10-rojo\" \/>\n<meta property=\"og:locale\" content=\"en_US\" \/>\n<meta property=\"og:type\" content=\"article\" \/>\n<meta property=\"og:title\" content=\"BOLSA DE ORGANZA 7,5 X 10 ROJO\" \/>\n<meta property=\"og:description\" content=\"Bolsa de Organza para presentaci\u00f3n de detalles. Es\" \/>\n<meta property=\"og:url\" content=\"https:\/\/detallesboda.com\/?product=bolsa-de-organza-75-x-10-rojo\" \/>\n<meta property=\"og:site_name\" content=\"detallesboda.com\" \/>\n<meta property=\"article:modified_time\" content=\"2025-05-14T09:55:15+00:00\" \/>\n<meta property=\"og:image\" content=\"https:\/\/detallesboda.com\/wp-content\/uploads\/2025\/02\/2955.jpg\" \/>\n\t<meta property=\"og:image:width\" content=\"300\" \/>\n\t<meta property=\"og:image:height\" content=\"300\" \/>\n\t<meta property=\"og:image:type\" content=\"image\/jpeg\" \/>\n<meta name=\"twitter:card\" content=\"summary_large_image\" \/>\n<script type=\"application\/ld+json\" class=\"yoast-schema-graph\">{\"@context\":\"https:\/\/schema.org\",\"@graph\":[{\"@type\":\"WebPage\",\"@id\":\"https:\/\/detallesboda.com\/?product=bolsa-de-organza-75-x-10-rojo\",\"url\":\"https:\/\/detallesboda.com\/?product=bolsa-de-organza-75-x-10-rojo\",\"name\":\"BOLSA DE ORGANZA 7,5 X 10 ROJO - detallesboda.com\",\"isPartOf\":{\"@id\":\"https:\/\/detallesboda.com\/#website\"},\"primaryImageOfPage\":{\"@id\":\"https:\/\/detallesboda.com\/?product=bolsa-de-organza-75-x-10-rojo#primaryimage\"},\"image\":{\"@id\":\"https:\/\/detallesboda.com\/?product=bolsa-de-organza-75-x-10-rojo#primaryimage\"},\"thumbnailUrl\":\"https:\/\/detallesboda.com\/wp-content\/uploads\/2025\/02\/2955.jpg\",\"datePublished\":\"2025-02-17T12:56:12+00:00\",\"dateModified\":\"2025-05-14T09:55:15+00:00\",\"breadcrumb\":{\"@id\":\"https:\/\/detallesboda.com\/?product=bolsa-de-organza-75-x-10-rojo#breadcrumb\"},\"inLanguage\":\"en-US\",\"potentialAction\":[{\"@type\":\"ReadAction\",\"target\":[\"https:\/\/detallesboda.com\/?product=bolsa-de-organza-75-x-10-rojo\"]}]},{\"@type\":\"ImageObject\",\"inLanguage\":\"en-US\",\"@id\":\"https:\/\/detallesboda.com\/?product=bolsa-de-organza-75-x-10-rojo#primaryimage\",\"url\":\"https:\/\/detallesboda.com\/wp-content\/uploads\/2025\/02\/2955.jpg\",\"contentUrl\":\"https:\/\/detallesboda.com\/wp-content\/uploads\/2025\/02\/2955.jpg\",\"width\":300,\"height\":300},{\"@type\":\"BreadcrumbList\",\"@id\":\"https:\/\/detallesboda.com\/?product=bolsa-de-organza-75-x-10-rojo#breadcrumb\",\"itemListElement\":[{\"@type\":\"ListItem\",\"position\":1,\"name\":\"Home\",\"item\":\"https:\/\/www.detallesboda.com\/\"},{\"@type\":\"ListItem\",\"position\":2,\"name\":\"Shop\",\"item\":\"https:\/\/www.detallesboda.com\/?page_id=6\"},{\"@type\":\"ListItem\",\"position\":3,\"name\":\"BOLSA DE ORGANZA 7,5 X 10 ROJO\"}]},{\"@type\":\"WebSite\",\"@id\":\"https:\/\/detallesboda.com\/#website\",\"url\":\"https:\/\/detallesboda.com\/\",\"name\":\"detallesboda.com\",\"description\":\"En detallesboda.com, tenemos una gran variedad de m\u00e1s de mil art\u00edculos para regalar como detalle a tus queridos invitados. Compra online y personaliza cualquiera de nuestro productos\",\"potentialAction\":[{\"@type\":\"SearchAction\",\"target\":{\"@type\":\"EntryPoint\",\"urlTemplate\":\"https:\/\/detallesboda.com\/?s={search_term_string}\"},\"query-input\":{\"@type\":\"PropertyValueSpecification\",\"valueRequired\":true,\"valueName\":\"search_term_string\"}}],\"inLanguage\":\"en-US\"}]}<\/script>\n<!-- \/ Yoast SEO Premium plugin. -->","yoast_head_json":{"title":"BOLSA DE ORGANZA 7,5 X 10 ROJO - detallesboda.com","robots":{"index":"index","follow":"follow","max-snippet":"max-snippet:-1","max-image-preview":"max-image-preview:large","max-video-preview":"max-video-preview:-1"},"canonical":"https:\/\/detallesboda.com\/?product=bolsa-de-organza-75-x-10-rojo","og_locale":"en_US","og_type":"article","og_title":"BOLSA DE ORGANZA 7,5 X 10 ROJO","og_description":"Bolsa de Organza para presentaci\u00f3n de detalles. Es","og_url":"https:\/\/detallesboda.com\/?product=bolsa-de-organza-75-x-10-rojo","og_site_name":"detallesboda.com","article_modified_time":"2025-05-14T09:55:15+00:00","og_image":[{"width":300,"height":300,"url":"https:\/\/detallesboda.com\/wp-content\/uploads\/2025\/02\/2955.jpg","type":"image\/jpeg"}],"twitter_card":"summary_large_image","schema":{"@context":"https:\/\/schema.org","@graph":[{"@type":"WebPage","@id":"https:\/\/detallesboda.com\/?product=bolsa-de-organza-75-x-10-rojo","url":"https:\/\/detallesboda.com\/?product=bolsa-de-organza-75-x-10-rojo","name":"BOLSA DE ORGANZA 7,5 X 10 ROJO - detallesboda.com","isPartOf":{"@id":"https:\/\/detallesboda.com\/#website"},"primaryImageOfPage":{"@id":"https:\/\/detallesboda.com\/?product=bolsa-de-organza-75-x-10-rojo#primaryimage"},"image":{"@id":"https:\/\/detallesboda.com\/?product=bolsa-de-organza-75-x-10-rojo#primaryimage"},"thumbnailUrl":"https:\/\/detallesboda.com\/wp-content\/uploads\/2025\/02\/2955.jpg","datePublished":"2025-02-17T12:56:12+00:00","dateModified":"2025-05-14T09:55:15+00:00","breadcrumb":{"@id":"https:\/\/detallesboda.com\/?product=bolsa-de-organza-75-x-10-rojo#breadcrumb"},"inLanguage":"en-US","potentialAction":[{"@type":"ReadAction","target":["https:\/\/detallesboda.com\/?product=bolsa-de-organza-75-x-10-rojo"]}]},{"@type":"ImageObject","inLanguage":"en-US","@id":"https:\/\/detallesboda.com\/?product=bolsa-de-organza-75-x-10-rojo#primaryimage","url":"https:\/\/detallesboda.com\/wp-content\/uploads\/2025\/02\/2955.jpg","contentUrl":"https:\/\/detallesboda.com\/wp-content\/uploads\/2025\/02\/2955.jpg","width":300,"height":300},{"@type":"BreadcrumbList","@id":"https:\/\/detallesboda.com\/?product=bolsa-de-organza-75-x-10-rojo#breadcrumb","itemListElement":[{"@type":"ListItem","position":1,"name":"Home","item":"https:\/\/www.detallesboda.com\/"},{"@type":"ListItem","position":2,"name":"Shop","item":"https:\/\/www.detallesboda.com\/?page_id=6"},{"@type":"ListItem","position":3,"name":"BOLSA DE ORGANZA 7,5 X 10 ROJO"}]},{"@type":"WebSite","@id":"https:\/\/detallesboda.com\/#website","url":"https:\/\/detallesboda.com\/","name":"detallesboda.com","description":"En detallesboda.com, tenemos una gran variedad de m\u00e1s de mil art\u00edculos para regalar como detalle a tus queridos invitados. Compra online y personaliza cualquiera de nuestro productos","potentialAction":[{"@type":"SearchAction","target":{"@type":"EntryPoint","urlTemplate":"https:\/\/detallesboda.com\/?s={search_term_string}"},"query-input":{"@type":"PropertyValueSpecification","valueRequired":true,"valueName":"search_term_string"}}],"inLanguage":"en-US"}]}},"_links":{"self":[{"href":"https:\/\/detallesboda.com\/index.php?rest_route=\/wp\/v2\/product\/6908","targetHints":{"allow":["GET"]}}],"collection":[{"href":"https:\/\/detallesboda.com\/index.php?rest_route=\/wp\/v2\/product"}],"about":[{"href":"https:\/\/detallesboda.com\/index.php?rest_route=\/wp\/v2\/types\/product"}],"replies":[{"embeddable":true,"href":"https:\/\/detallesboda.com\/index.php?rest_route=%2Fwp%2Fv2%2Fcomments&post=6908"}],"wp:featuredmedia":[{"embeddable":true,"href":"https:\/\/detallesboda.com\/index.php?rest_route=\/wp\/v2\/media\/8064"}],"wp:attachment":[{"href":"https:\/\/detallesboda.com\/index.php?rest_route=%2Fwp%2Fv2%2Fmedia&parent=6908"}],"wp:term":[{"taxonomy":"product_brand","embeddable":true,"href":"https:\/\/detallesboda.com\/index.php?rest_route=%2Fwp%2Fv2%2Fproduct_brand&post=6908"},{"taxonomy":"product_cat","embeddable":true,"href":"https:\/\/detallesboda.com\/index.php?rest_route=%2Fwp%2Fv2%2Fproduct_cat&post=6908"},{"taxonomy":"product_tag","embeddable":true,"href":"https:\/\/detallesboda.com\/index.php?rest_route=%2Fwp%2Fv2%2Fproduct_tag&post=6908"}],"curies":[{"name":"wp","href":"https:\/\/api.w.org\/{rel}","templated":true}]}}