{"id":6309,"date":"2025-02-17T13:44:32","date_gmt":"2025-02-17T12:44:32","guid":{"rendered":"https:\/\/detallesboda.com\/?product=cascos-auriculares-orejas-inalambricos-azulcaja"},"modified":"2025-05-14T11:41:47","modified_gmt":"2025-05-14T09:41:47","slug":"cascos-auriculares-orejas-inalambricos-azulcaja","status":"publish","type":"product","link":"https:\/\/detallesboda.com\/?product=cascos-auriculares-orejas-inalambricos-azulcaja","title":{"rendered":"CASCOS AURICULARES OREJAS INAL\u00c1MBRICOS AZUL+CAJA"},"content":{"rendered":"<p>Auriculares Bluetooth inal\u00e1mbricos oreja de gato con luz led. Los auriculares inal\u00e1mbricos dise\u00f1ados con un color \u00fanico, perfectos para ni\u00f1os y adultos, con diadema ajustable con almohadilla suave que aliviar\u00e1 la presi\u00f3n para garantizar un uso prolongado c\u00f3modo sin estr\u00e9s, adecuado para personas con diferentes edades.<\/p>\n<p><strong>Caracter\u00edsticas<\/strong>:<\/p>\n<p>Ajustable y Plegable: Los auriculares tienen una diadema ajustable que lo hace perfecto para cabezas de todos los tama\u00f1os. Los auriculares se ajustar\u00e1n c\u00f3modamente sin caerse. Son plegables, acolchados y giratorios para mayor comodidad.<\/p>\n<p>Fuente de Alimentaci\u00f3n: bater\u00eda recargable incorporada de 400 mAh.<\/p>\n<p>Durabilidad de carga aproximadamente: 5 horas en modo reproducci\u00f3n y 6 horas de juego con luces LED.<\/p>\n<p>Funciones: Ajuste el volumen, cambie las canciones, responda llamadas, rechace llamadas, cuelgue llamadas, reproducci\u00f3n Bluetooth, reproducci\u00f3n de llamadas, conexi\u00f3n Bluetooth, indicaciones de voz, pantalla de bater\u00eda, FM. TF, EQ, luces LED.<\/p>\n<p>Adecuado en: Trabajo, oficina \/ deporte \/ escuela \/ viajes, PC, consola etc.<\/p>\n<p><strong>Especificaciones:<\/strong><\/p>\n<p>Material: ABS<\/p>\n<p>Bater\u00eda recargable incorporada de 400 mAh<\/p>\n<p>5 horas en modo reproducci\u00f3n<\/p>\n<p>6 horas de juego con luces LED<\/p>\n<p>Color:\u00a0Azul<\/p>\n<p>*Regalos para Hombres, mujeres, ni\u00f1os, ni\u00f1as. Detalles para bodas, comuniones, cumplea\u00f1os, navidades originales, para adolescentes y adultos invitados*<\/p>\n","protected":false},"excerpt":{"rendered":"<p>Auriculares Bluetooth inal\u00e1mbricos oreja de gato c<\/p>\n","protected":false},"featured_media":7793,"comment_status":"open","ping_status":"open","template":"","meta":{"_monsterinsights_skip_tracking":false,"_monsterinsights_sitenote_active":false,"_monsterinsights_sitenote_note":"","_monsterinsights_sitenote_category":0},"product_brand":[],"product_cat":[74],"product_tag":[],"class_list":{"0":"post-6309","1":"product","2":"type-product","3":"status-publish","4":"has-post-thumbnail","6":"product_cat-detalles-de-boda","8":"first","9":"instock","10":"shipping-taxable","11":"purchasable","12":"product-type-simple"},"yoast_head":"<!-- This site is optimized with the Yoast SEO Premium plugin v24.4 (Yoast SEO v24.4) - https:\/\/yoast.com\/wordpress\/plugins\/seo\/ -->\n<title>CASCOS AURICULARES OREJAS INAL\u00c1MBRICOS AZUL+CAJA - detallesboda.com<\/title>\n<meta name=\"robots\" content=\"index, follow, max-snippet:-1, max-image-preview:large, max-video-preview:-1\" \/>\n<link rel=\"canonical\" href=\"https:\/\/detallesboda.com\/?product=cascos-auriculares-orejas-inalambricos-azulcaja\" \/>\n<meta property=\"og:locale\" content=\"en_US\" \/>\n<meta property=\"og:type\" content=\"article\" \/>\n<meta property=\"og:title\" content=\"CASCOS AURICULARES OREJAS INAL\u00c1MBRICOS AZUL+CAJA\" \/>\n<meta property=\"og:description\" content=\"Auriculares Bluetooth inal\u00e1mbricos oreja de gato c\" \/>\n<meta property=\"og:url\" content=\"https:\/\/detallesboda.com\/?product=cascos-auriculares-orejas-inalambricos-azulcaja\" \/>\n<meta property=\"og:site_name\" content=\"detallesboda.com\" \/>\n<meta property=\"article:modified_time\" content=\"2025-05-14T09:41:47+00:00\" \/>\n<meta property=\"og:image\" content=\"https:\/\/detallesboda.com\/wp-content\/uploads\/2025\/02\/12879.jpg\" \/>\n\t<meta property=\"og:image:width\" content=\"737\" \/>\n\t<meta property=\"og:image:height\" content=\"735\" \/>\n\t<meta property=\"og:image:type\" content=\"image\/jpeg\" \/>\n<meta name=\"twitter:card\" content=\"summary_large_image\" \/>\n<meta name=\"twitter:label1\" content=\"Est. reading time\" \/>\n\t<meta name=\"twitter:data1\" content=\"1 minute\" \/>\n<script type=\"application\/ld+json\" class=\"yoast-schema-graph\">{\"@context\":\"https:\/\/schema.org\",\"@graph\":[{\"@type\":\"WebPage\",\"@id\":\"https:\/\/detallesboda.com\/?product=cascos-auriculares-orejas-inalambricos-azulcaja\",\"url\":\"https:\/\/detallesboda.com\/?product=cascos-auriculares-orejas-inalambricos-azulcaja\",\"name\":\"CASCOS AURICULARES OREJAS INAL\u00c1MBRICOS AZUL+CAJA - detallesboda.com\",\"isPartOf\":{\"@id\":\"https:\/\/detallesboda.com\/#website\"},\"primaryImageOfPage\":{\"@id\":\"https:\/\/detallesboda.com\/?product=cascos-auriculares-orejas-inalambricos-azulcaja#primaryimage\"},\"image\":{\"@id\":\"https:\/\/detallesboda.com\/?product=cascos-auriculares-orejas-inalambricos-azulcaja#primaryimage\"},\"thumbnailUrl\":\"https:\/\/detallesboda.com\/wp-content\/uploads\/2025\/02\/12879.jpg\",\"datePublished\":\"2025-02-17T12:44:32+00:00\",\"dateModified\":\"2025-05-14T09:41:47+00:00\",\"breadcrumb\":{\"@id\":\"https:\/\/detallesboda.com\/?product=cascos-auriculares-orejas-inalambricos-azulcaja#breadcrumb\"},\"inLanguage\":\"en-US\",\"potentialAction\":[{\"@type\":\"ReadAction\",\"target\":[\"https:\/\/detallesboda.com\/?product=cascos-auriculares-orejas-inalambricos-azulcaja\"]}]},{\"@type\":\"ImageObject\",\"inLanguage\":\"en-US\",\"@id\":\"https:\/\/detallesboda.com\/?product=cascos-auriculares-orejas-inalambricos-azulcaja#primaryimage\",\"url\":\"https:\/\/detallesboda.com\/wp-content\/uploads\/2025\/02\/12879.jpg\",\"contentUrl\":\"https:\/\/detallesboda.com\/wp-content\/uploads\/2025\/02\/12879.jpg\",\"width\":737,\"height\":735},{\"@type\":\"BreadcrumbList\",\"@id\":\"https:\/\/detallesboda.com\/?product=cascos-auriculares-orejas-inalambricos-azulcaja#breadcrumb\",\"itemListElement\":[{\"@type\":\"ListItem\",\"position\":1,\"name\":\"Home\",\"item\":\"https:\/\/www.detallesboda.com\/\"},{\"@type\":\"ListItem\",\"position\":2,\"name\":\"Shop\",\"item\":\"https:\/\/www.detallesboda.com\/?page_id=6\"},{\"@type\":\"ListItem\",\"position\":3,\"name\":\"CASCOS AURICULARES OREJAS INAL\u00c1MBRICOS AZUL+CAJA\"}]},{\"@type\":\"WebSite\",\"@id\":\"https:\/\/detallesboda.com\/#website\",\"url\":\"https:\/\/detallesboda.com\/\",\"name\":\"detallesboda.com\",\"description\":\"En detallesboda.com, tenemos una gran variedad de m\u00e1s de mil art\u00edculos para regalar como detalle a tus queridos invitados. Compra online y personaliza cualquiera de nuestro productos\",\"potentialAction\":[{\"@type\":\"SearchAction\",\"target\":{\"@type\":\"EntryPoint\",\"urlTemplate\":\"https:\/\/detallesboda.com\/?s={search_term_string}\"},\"query-input\":{\"@type\":\"PropertyValueSpecification\",\"valueRequired\":true,\"valueName\":\"search_term_string\"}}],\"inLanguage\":\"en-US\"}]}<\/script>\n<!-- \/ Yoast SEO Premium plugin. -->","yoast_head_json":{"title":"CASCOS AURICULARES OREJAS INAL\u00c1MBRICOS AZUL+CAJA - detallesboda.com","robots":{"index":"index","follow":"follow","max-snippet":"max-snippet:-1","max-image-preview":"max-image-preview:large","max-video-preview":"max-video-preview:-1"},"canonical":"https:\/\/detallesboda.com\/?product=cascos-auriculares-orejas-inalambricos-azulcaja","og_locale":"en_US","og_type":"article","og_title":"CASCOS AURICULARES OREJAS INAL\u00c1MBRICOS AZUL+CAJA","og_description":"Auriculares Bluetooth inal\u00e1mbricos oreja de gato c","og_url":"https:\/\/detallesboda.com\/?product=cascos-auriculares-orejas-inalambricos-azulcaja","og_site_name":"detallesboda.com","article_modified_time":"2025-05-14T09:41:47+00:00","og_image":[{"width":737,"height":735,"url":"https:\/\/detallesboda.com\/wp-content\/uploads\/2025\/02\/12879.jpg","type":"image\/jpeg"}],"twitter_card":"summary_large_image","twitter_misc":{"Est. reading time":"1 minute"},"schema":{"@context":"https:\/\/schema.org","@graph":[{"@type":"WebPage","@id":"https:\/\/detallesboda.com\/?product=cascos-auriculares-orejas-inalambricos-azulcaja","url":"https:\/\/detallesboda.com\/?product=cascos-auriculares-orejas-inalambricos-azulcaja","name":"CASCOS AURICULARES OREJAS INAL\u00c1MBRICOS AZUL+CAJA - detallesboda.com","isPartOf":{"@id":"https:\/\/detallesboda.com\/#website"},"primaryImageOfPage":{"@id":"https:\/\/detallesboda.com\/?product=cascos-auriculares-orejas-inalambricos-azulcaja#primaryimage"},"image":{"@id":"https:\/\/detallesboda.com\/?product=cascos-auriculares-orejas-inalambricos-azulcaja#primaryimage"},"thumbnailUrl":"https:\/\/detallesboda.com\/wp-content\/uploads\/2025\/02\/12879.jpg","datePublished":"2025-02-17T12:44:32+00:00","dateModified":"2025-05-14T09:41:47+00:00","breadcrumb":{"@id":"https:\/\/detallesboda.com\/?product=cascos-auriculares-orejas-inalambricos-azulcaja#breadcrumb"},"inLanguage":"en-US","potentialAction":[{"@type":"ReadAction","target":["https:\/\/detallesboda.com\/?product=cascos-auriculares-orejas-inalambricos-azulcaja"]}]},{"@type":"ImageObject","inLanguage":"en-US","@id":"https:\/\/detallesboda.com\/?product=cascos-auriculares-orejas-inalambricos-azulcaja#primaryimage","url":"https:\/\/detallesboda.com\/wp-content\/uploads\/2025\/02\/12879.jpg","contentUrl":"https:\/\/detallesboda.com\/wp-content\/uploads\/2025\/02\/12879.jpg","width":737,"height":735},{"@type":"BreadcrumbList","@id":"https:\/\/detallesboda.com\/?product=cascos-auriculares-orejas-inalambricos-azulcaja#breadcrumb","itemListElement":[{"@type":"ListItem","position":1,"name":"Home","item":"https:\/\/www.detallesboda.com\/"},{"@type":"ListItem","position":2,"name":"Shop","item":"https:\/\/www.detallesboda.com\/?page_id=6"},{"@type":"ListItem","position":3,"name":"CASCOS AURICULARES OREJAS INAL\u00c1MBRICOS AZUL+CAJA"}]},{"@type":"WebSite","@id":"https:\/\/detallesboda.com\/#website","url":"https:\/\/detallesboda.com\/","name":"detallesboda.com","description":"En detallesboda.com, tenemos una gran variedad de m\u00e1s de mil art\u00edculos para regalar como detalle a tus queridos invitados. Compra online y personaliza cualquiera de nuestro productos","potentialAction":[{"@type":"SearchAction","target":{"@type":"EntryPoint","urlTemplate":"https:\/\/detallesboda.com\/?s={search_term_string}"},"query-input":{"@type":"PropertyValueSpecification","valueRequired":true,"valueName":"search_term_string"}}],"inLanguage":"en-US"}]}},"_links":{"self":[{"href":"https:\/\/detallesboda.com\/index.php?rest_route=\/wp\/v2\/product\/6309","targetHints":{"allow":["GET"]}}],"collection":[{"href":"https:\/\/detallesboda.com\/index.php?rest_route=\/wp\/v2\/product"}],"about":[{"href":"https:\/\/detallesboda.com\/index.php?rest_route=\/wp\/v2\/types\/product"}],"replies":[{"embeddable":true,"href":"https:\/\/detallesboda.com\/index.php?rest_route=%2Fwp%2Fv2%2Fcomments&post=6309"}],"wp:featuredmedia":[{"embeddable":true,"href":"https:\/\/detallesboda.com\/index.php?rest_route=\/wp\/v2\/media\/7793"}],"wp:attachment":[{"href":"https:\/\/detallesboda.com\/index.php?rest_route=%2Fwp%2Fv2%2Fmedia&parent=6309"}],"wp:term":[{"taxonomy":"product_brand","embeddable":true,"href":"https:\/\/detallesboda.com\/index.php?rest_route=%2Fwp%2Fv2%2Fproduct_brand&post=6309"},{"taxonomy":"product_cat","embeddable":true,"href":"https:\/\/detallesboda.com\/index.php?rest_route=%2Fwp%2Fv2%2Fproduct_cat&post=6309"},{"taxonomy":"product_tag","embeddable":true,"href":"https:\/\/detallesboda.com\/index.php?rest_route=%2Fwp%2Fv2%2Fproduct_tag&post=6309"}],"curies":[{"name":"wp","href":"https:\/\/api.w.org\/{rel}","templated":true}]}}