{"id":6160,"date":"2025-02-17T13:43:23","date_gmt":"2025-02-17T12:43:23","guid":{"rendered":"https:\/\/detallesboda.com\/?product=cargador-mp3-coche-multifuncion-bluetooth-en-caja"},"modified":"2025-05-14T11:40:20","modified_gmt":"2025-05-14T09:40:20","slug":"cargador-mp3-coche-multifuncion-bluetooth-en-caja","status":"publish","type":"product","link":"https:\/\/detallesboda.com\/?product=cargador-mp3-coche-multifuncion-bluetooth-en-caja","title":{"rendered":"CARGADOR MP3 COCHE MULTIFUNCI\u00d3N BLUETOOTH EN CAJA"},"content":{"rendered":"<p style=\"margin:0px;padding:0px;border:0px;font-size:12px;line-height:inherit;font-family:Arial, Helvetica, 'sans-senif';vertical-align:baseline;color:#333333\"><span style=\"vertical-align:inherit\"><span style=\"color:#000000;font-family:Verdana, Arial, Helvetica, sans-serif;font-size:11px\">CARGADOR MP3 COCHE MULTIFUNCI\u00d3N BLUETOOTH<\/span><\/span><\/p>\n<p style=\"margin:0px;padding:0px;border:0px;font-size:12px;line-height:inherit;font-family:Arial, Helvetica, 'sans-senif';vertical-align:baseline;color:#333333\">\n<p style=\"margin:0px;padding:0px;border:0px;font-size:12px;line-height:inherit;font-family:Arial, Helvetica, 'sans-senif';vertical-align:baseline;color:#333333\"><span style=\"vertical-align:inherit\"><span style=\"color:#000000;font-family:Verdana, Arial, Helvetica, sans-serif;font-size:11px\">Caracter\u00edsticas del producto: <\/span><\/span><\/p>\n<p style=\"margin:0px;padding:0px;border:0px;font-size:12px;line-height:inherit;font-family:Arial, Helvetica, 'sans-senif';vertical-align:baseline;color:#333333\"><span style=\"vertical-align:inherit\"><span style=\"color:#000000;font-family:Verdana, Arial, Helvetica, sans-serif;font-size:11px\">Cargador USB 2.1A, bt versi\u00f3n 4.2. <\/span><\/span><\/p>\n<p style=\"margin:0px;padding:0px;border:0px;font-size:12px;line-height:inherit;font-family:Arial, Helvetica, 'sans-senif';vertical-align:baseline;color:#333333\"><span style=\"vertical-align:inherit\"><span style=\"color:#000000;font-family:Verdana, Arial, Helvetica, sans-serif;font-size:11px\">Admite reproducci\u00f3n inal\u00e1mbrica\/tarjeta TF\/disco U, admite llamadas manos libres inal\u00e1mbricas. No necesita mirar hacia abajo el tel\u00e9fono para garantizar una conducci\u00f3n segura. <\/span><\/span><\/p>\n<p style=\"margin:0px;padding:0px;border:0px;font-size:12px;line-height:inherit;font-family:Arial, Helvetica, 'sans-senif';vertical-align:baseline;color:#333333\"><span style=\"vertical-align:inherit\"><span style=\"color:#000000;font-family:Verdana, Arial, Helvetica, sans-serif;font-size:11px\">La pantalla puede mostrar puntos de frecuencia. Dise\u00f1o de estructura precisa, apariencia de pintura de piano. <\/span><\/span><\/p>\n<p style=\"margin:0px;padding:0px;border:0px;font-size:12px;line-height:inherit;font-family:Arial, Helvetica, 'sans-senif';vertical-align:baseline;color:#333333\"><span style=\"vertical-align:inherit\"><span style=\"color:#000000;font-family:Verdana, Arial, Helvetica, sans-serif;font-size:11px\">Admite la funci\u00f3n de memoria de apagado. Admite la carga del tel\u00e9fono mientras escuchas canciones. <\/span><\/span><\/p>\n<p style=\"margin:0px;padding:0px;border:0px;font-size:12px;line-height:inherit;font-family:Arial, Helvetica, 'sans-senif';vertical-align:baseline;color:#333333\"><span style=\"vertical-align:inherit\"><span style=\"color:#000000;font-family:Verdana, Arial, Helvetica, sans-serif;font-size:11px\">La funci\u00f3n de cancelaci\u00f3n de ruido y el circuito de cancelaci\u00f3n de ruido incorporado hacen que la llamada suene m\u00e1s clara.\u00a0 <\/span><\/span><\/p>\n<p style=\"margin:0px;padding:0px;border:0px;font-size:12px;line-height:inherit;font-family:Arial, Helvetica, 'sans-senif';vertical-align:baseline;color:#333333\">\n<p style=\"margin:0px;padding:0px;border:0px;font-size:12px;line-height:inherit;font-family:Arial, Helvetica, 'sans-senif';vertical-align:baseline;color:#333333\"><span style=\"vertical-align:inherit\"><span style=\"color:#000000;font-family:Verdana, Arial, Helvetica, sans-serif;font-size:11px\">Especificaci\u00f3n del producto: <\/span><\/span><\/p>\n<p style=\"margin:0px;padding:0px;border:0px;font-size:12px;line-height:inherit;font-family:Arial, Helvetica, 'sans-senif';vertical-align:baseline;color:#333333\"><span style=\"vertical-align:inherit\"><span style=\"color:#000000;font-family:Verdana, Arial, Helvetica, sans-serif;font-size:11px\">Tipo de interfaz de transmisor FM inal\u00e1mbrico para autom\u00f3vil Pantalla<\/span><\/span><\/p>\n<p style=\"margin:0px;padding:0px;border:0px;font-size:12px;line-height:inherit;font-family:Arial, Helvetica, 'sans-senif';vertical-align:baseline;color:#333333\"><span style=\"vertical-align:inherit\"><span style=\"color:#000000;font-family:Verdana, Arial, Helvetica, sans-serif;font-size:11px\">USB2.0<\/span><\/span><\/p>\n<p style=\"margin:0px;padding:0px;border:0px;font-size:12px;line-height:inherit;font-family:Arial, Helvetica, 'sans-senif';vertical-align:baseline;color:#333333\"><span style=\"vertical-align:inherit\"><span style=\"color:#000000;font-family:Verdana, Arial, Helvetica, sans-serif;font-size:11px\">Pantalla LED<\/span><\/span><\/p>\n<p style=\"margin:0px;padding:0px;border:0px;font-size:12px;line-height:inherit;font-family:Arial, Helvetica, 'sans-senif';vertical-align:baseline;color:#333333\"><span style=\"vertical-align:inherit\"><span style=\"color:#000000;font-family:Verdana, Arial, Helvetica, sans-serif;font-size:11px\">Modo de fuente de alimentaci\u00f3n Fuente de alimentaci\u00f3n del encendedor de cigarrillos<\/span><\/span><\/p>\n<p style=\"margin:0px;padding:0px;border:0px;font-size:12px;line-height:inherit;font-family:Arial, Helvetica, 'sans-senif';vertical-align:baseline;color:#333333\"><span style=\"vertical-align:inherit\"><span style=\"color:#000000;font-family:Verdana, Arial, Helvetica, sans-serif;font-size:11px\">Salida USB 2.1A<\/span><\/span><\/p>\n<p style=\"margin:0px;padding:0px;border:0px;font-size:12px;line-height:inherit;font-family:Arial, Helvetica, 'sans-senif';vertical-align:baseline;color:#333333\"><span style=\"vertical-align:inherit\"><span style=\"color:#000000;font-family:Verdana, Arial, Helvetica, sans-serif;font-size:11px\">Tipo de tarjeta de memoria Tarjeta TF<\/span><\/span><\/p>\n<p style=\"margin:0px;padding:0px;border:0px;font-size:12px;line-height:inherit;font-family:Arial, Helvetica, 'sans-senif';vertical-align:baseline;color:#333333\"><span style=\"vertical-align:inherit\"><span style=\"color:#000000;font-family:Verdana, Arial, Helvetica, sans-serif;font-size:11px\">Soporte de tarjeta TF \/ Capacidad de disco U \u226416GB<\/span><\/span><\/p>\n<p style=\"margin:0px;padding:0px;border:0px;font-size:12px;line-height:inherit;font-family:Arial, Helvetica, 'sans-senif';vertical-align:baseline;color:#333333\"><span style=\"vertical-align:inherit\"><span style=\"color:#000000;font-family:Verdana, Arial, Helvetica, sans-serif;font-size:11px\">Fuente de alimentaci\u00f3n DC12V<\/span><\/span><\/p>\n<p style=\"margin:0px;padding:0px;border:0px;font-size:12px;line-height:inherit;font-family:Arial, Helvetica, 'sans-senif';vertical-align:baseline;color:#333333\"><span style=\"vertical-align:inherit\"><span style=\"color:#000000;font-family:Verdana, Arial, Helvetica, sans-serif;font-size:11px\">Tipos de archivo compatibles MP3 \/ WMA en funcionamiento Corriente 50-100mA DC12V<\/span><\/span><\/p>\n<p style=\"margin:0px;padding:0px;border:0px;font-size:12px;line-height:inherit;font-family:Arial, Helvetica, 'sans-senif';vertical-align:baseline;color:#333333\"><span style=\"vertical-align:inherit\"><span style=\"color:#000000;font-family:Verdana, Arial, Helvetica, sans-serif;font-size:11px\">Tasa de bits 64-320kbps<\/span><\/span><\/p>\n<p style=\"margin:0px;padding:0px;border:0px;font-size:12px;line-height:inherit;font-family:Arial, Helvetica, 'sans-senif';vertical-align:baseline;color:#333333\"><span style=\"vertical-align:inherit\"><span style=\"color:#000000;font-family:Verdana, Arial, Helvetica, sans-serif;font-size:11px\">Rango de frecuencia FM 87.5-108MHz<\/span><\/span><\/p>\n<p style=\"margin:0px;padding:0px;border:0px;font-size:12px;line-height:inherit;font-family:Arial, Helvetica, 'sans-senif';vertical-align:baseline;color:#333333\"><span style=\"vertical-align:inherit\"><span style=\"color:#000000;font-family:Verdana, Arial, Helvetica, sans-serif;font-size:11px\">Relaci\u00f3n se\u00f1al\/ruido 85db (Distorsi\u00f3n arm\u00f3nica FM &lt;0.05% Temperatura de trabajo FM 0 \u2103 -60 \u2103)<\/span><\/span><\/p>\n<p style=\"margin:0px;padding:0px;border:0px;font-size:12px;line-height:inherit;font-family:Arial, Helvetica, 'sans-senif';vertical-align:baseline;color:#333333\"><span style=\"vertical-align:inherit\"><span style=\"color:#000000;font-family:Verdana, Arial, Helvetica, sans-serif;font-size:11px\">Modelos adecuados DC12V car universal\u00a0 Distancia de lanzamiento &lt;5 metros\u00a0 \u00a0\u00a0<\/span><\/span><\/p>\n<p style=\"margin:0px;padding:0px;border:0px;font-size:12px;line-height:inherit;font-family:Arial, Helvetica, 'sans-senif';vertical-align:baseline;color:#333333\">\n<p style=\"margin:0px;padding:0px;border:0px;font-size:12px;line-height:inherit;font-family:Arial, Helvetica, 'sans-senif';vertical-align:baseline;color:#333333\"><span style=\"color:#000000;font-family:Verdana, Arial, Helvetica, sans-serif;font-size:11px\">Instrucciones en Ingl\u00e9s.<\/span><\/p>\n","protected":false},"excerpt":{"rendered":"<p>CARGADOR MP3 COCHE MULTIFUNCI\u00d3N BLUETOOTH<\/p>\n<p>Caracte<\/p>\n","protected":false},"featured_media":8808,"comment_status":"open","ping_status":"open","template":"","meta":{"_monsterinsights_skip_tracking":false,"_monsterinsights_sitenote_active":false,"_monsterinsights_sitenote_note":"","_monsterinsights_sitenote_category":0},"product_brand":[],"product_cat":[73],"product_tag":[],"class_list":{"0":"post-6160","1":"product","2":"type-product","3":"status-publish","4":"has-post-thumbnail","6":"product_cat-inicio","8":"first","9":"instock","10":"shipping-taxable","11":"purchasable","12":"product-type-simple"},"yoast_head":"<!-- This site is optimized with the Yoast SEO Premium plugin v24.4 (Yoast SEO v24.4) - https:\/\/yoast.com\/wordpress\/plugins\/seo\/ -->\n<title>CARGADOR MP3 COCHE MULTIFUNCI\u00d3N BLUETOOTH EN CAJA - detallesboda.com<\/title>\n<meta name=\"robots\" content=\"index, follow, max-snippet:-1, max-image-preview:large, max-video-preview:-1\" \/>\n<link rel=\"canonical\" href=\"https:\/\/detallesboda.com\/?product=cargador-mp3-coche-multifuncion-bluetooth-en-caja\" \/>\n<meta property=\"og:locale\" content=\"en_US\" \/>\n<meta property=\"og:type\" content=\"article\" \/>\n<meta property=\"og:title\" content=\"CARGADOR MP3 COCHE MULTIFUNCI\u00d3N BLUETOOTH EN CAJA\" \/>\n<meta property=\"og:description\" content=\"CARGADOR MP3 COCHE MULTIFUNCI\u00d3N BLUETOOTH Caracte\" \/>\n<meta property=\"og:url\" content=\"https:\/\/detallesboda.com\/?product=cargador-mp3-coche-multifuncion-bluetooth-en-caja\" \/>\n<meta property=\"og:site_name\" content=\"detallesboda.com\" \/>\n<meta property=\"article:modified_time\" content=\"2025-05-14T09:40:20+00:00\" \/>\n<meta property=\"og:image\" content=\"https:\/\/detallesboda.com\/wp-content\/uploads\/2025\/02\/11351.jpg\" \/>\n\t<meta property=\"og:image:width\" content=\"800\" \/>\n\t<meta property=\"og:image:height\" content=\"800\" \/>\n\t<meta property=\"og:image:type\" content=\"image\/jpeg\" \/>\n<meta name=\"twitter:card\" content=\"summary_large_image\" \/>\n<meta name=\"twitter:label1\" content=\"Est. reading time\" \/>\n\t<meta name=\"twitter:data1\" content=\"1 minute\" \/>\n<script type=\"application\/ld+json\" class=\"yoast-schema-graph\">{\"@context\":\"https:\/\/schema.org\",\"@graph\":[{\"@type\":\"WebPage\",\"@id\":\"https:\/\/detallesboda.com\/?product=cargador-mp3-coche-multifuncion-bluetooth-en-caja\",\"url\":\"https:\/\/detallesboda.com\/?product=cargador-mp3-coche-multifuncion-bluetooth-en-caja\",\"name\":\"CARGADOR MP3 COCHE MULTIFUNCI\u00d3N BLUETOOTH EN CAJA - detallesboda.com\",\"isPartOf\":{\"@id\":\"https:\/\/detallesboda.com\/#website\"},\"primaryImageOfPage\":{\"@id\":\"https:\/\/detallesboda.com\/?product=cargador-mp3-coche-multifuncion-bluetooth-en-caja#primaryimage\"},\"image\":{\"@id\":\"https:\/\/detallesboda.com\/?product=cargador-mp3-coche-multifuncion-bluetooth-en-caja#primaryimage\"},\"thumbnailUrl\":\"https:\/\/detallesboda.com\/wp-content\/uploads\/2025\/02\/11351.jpg\",\"datePublished\":\"2025-02-17T12:43:23+00:00\",\"dateModified\":\"2025-05-14T09:40:20+00:00\",\"breadcrumb\":{\"@id\":\"https:\/\/detallesboda.com\/?product=cargador-mp3-coche-multifuncion-bluetooth-en-caja#breadcrumb\"},\"inLanguage\":\"en-US\",\"potentialAction\":[{\"@type\":\"ReadAction\",\"target\":[\"https:\/\/detallesboda.com\/?product=cargador-mp3-coche-multifuncion-bluetooth-en-caja\"]}]},{\"@type\":\"ImageObject\",\"inLanguage\":\"en-US\",\"@id\":\"https:\/\/detallesboda.com\/?product=cargador-mp3-coche-multifuncion-bluetooth-en-caja#primaryimage\",\"url\":\"https:\/\/detallesboda.com\/wp-content\/uploads\/2025\/02\/11351.jpg\",\"contentUrl\":\"https:\/\/detallesboda.com\/wp-content\/uploads\/2025\/02\/11351.jpg\",\"width\":800,\"height\":800},{\"@type\":\"BreadcrumbList\",\"@id\":\"https:\/\/detallesboda.com\/?product=cargador-mp3-coche-multifuncion-bluetooth-en-caja#breadcrumb\",\"itemListElement\":[{\"@type\":\"ListItem\",\"position\":1,\"name\":\"Home\",\"item\":\"https:\/\/www.detallesboda.com\/\"},{\"@type\":\"ListItem\",\"position\":2,\"name\":\"Shop\",\"item\":\"https:\/\/www.detallesboda.com\/?page_id=6\"},{\"@type\":\"ListItem\",\"position\":3,\"name\":\"CARGADOR MP3 COCHE MULTIFUNCI\u00d3N BLUETOOTH EN CAJA\"}]},{\"@type\":\"WebSite\",\"@id\":\"https:\/\/detallesboda.com\/#website\",\"url\":\"https:\/\/detallesboda.com\/\",\"name\":\"detallesboda.com\",\"description\":\"En detallesboda.com, tenemos una gran variedad de m\u00e1s de mil art\u00edculos para regalar como detalle a tus queridos invitados. Compra online y personaliza cualquiera de nuestro productos\",\"potentialAction\":[{\"@type\":\"SearchAction\",\"target\":{\"@type\":\"EntryPoint\",\"urlTemplate\":\"https:\/\/detallesboda.com\/?s={search_term_string}\"},\"query-input\":{\"@type\":\"PropertyValueSpecification\",\"valueRequired\":true,\"valueName\":\"search_term_string\"}}],\"inLanguage\":\"en-US\"}]}<\/script>\n<!-- \/ Yoast SEO Premium plugin. -->","yoast_head_json":{"title":"CARGADOR MP3 COCHE MULTIFUNCI\u00d3N BLUETOOTH EN CAJA - detallesboda.com","robots":{"index":"index","follow":"follow","max-snippet":"max-snippet:-1","max-image-preview":"max-image-preview:large","max-video-preview":"max-video-preview:-1"},"canonical":"https:\/\/detallesboda.com\/?product=cargador-mp3-coche-multifuncion-bluetooth-en-caja","og_locale":"en_US","og_type":"article","og_title":"CARGADOR MP3 COCHE MULTIFUNCI\u00d3N BLUETOOTH EN CAJA","og_description":"CARGADOR MP3 COCHE MULTIFUNCI\u00d3N BLUETOOTH Caracte","og_url":"https:\/\/detallesboda.com\/?product=cargador-mp3-coche-multifuncion-bluetooth-en-caja","og_site_name":"detallesboda.com","article_modified_time":"2025-05-14T09:40:20+00:00","og_image":[{"width":800,"height":800,"url":"https:\/\/detallesboda.com\/wp-content\/uploads\/2025\/02\/11351.jpg","type":"image\/jpeg"}],"twitter_card":"summary_large_image","twitter_misc":{"Est. reading time":"1 minute"},"schema":{"@context":"https:\/\/schema.org","@graph":[{"@type":"WebPage","@id":"https:\/\/detallesboda.com\/?product=cargador-mp3-coche-multifuncion-bluetooth-en-caja","url":"https:\/\/detallesboda.com\/?product=cargador-mp3-coche-multifuncion-bluetooth-en-caja","name":"CARGADOR MP3 COCHE MULTIFUNCI\u00d3N BLUETOOTH EN CAJA - detallesboda.com","isPartOf":{"@id":"https:\/\/detallesboda.com\/#website"},"primaryImageOfPage":{"@id":"https:\/\/detallesboda.com\/?product=cargador-mp3-coche-multifuncion-bluetooth-en-caja#primaryimage"},"image":{"@id":"https:\/\/detallesboda.com\/?product=cargador-mp3-coche-multifuncion-bluetooth-en-caja#primaryimage"},"thumbnailUrl":"https:\/\/detallesboda.com\/wp-content\/uploads\/2025\/02\/11351.jpg","datePublished":"2025-02-17T12:43:23+00:00","dateModified":"2025-05-14T09:40:20+00:00","breadcrumb":{"@id":"https:\/\/detallesboda.com\/?product=cargador-mp3-coche-multifuncion-bluetooth-en-caja#breadcrumb"},"inLanguage":"en-US","potentialAction":[{"@type":"ReadAction","target":["https:\/\/detallesboda.com\/?product=cargador-mp3-coche-multifuncion-bluetooth-en-caja"]}]},{"@type":"ImageObject","inLanguage":"en-US","@id":"https:\/\/detallesboda.com\/?product=cargador-mp3-coche-multifuncion-bluetooth-en-caja#primaryimage","url":"https:\/\/detallesboda.com\/wp-content\/uploads\/2025\/02\/11351.jpg","contentUrl":"https:\/\/detallesboda.com\/wp-content\/uploads\/2025\/02\/11351.jpg","width":800,"height":800},{"@type":"BreadcrumbList","@id":"https:\/\/detallesboda.com\/?product=cargador-mp3-coche-multifuncion-bluetooth-en-caja#breadcrumb","itemListElement":[{"@type":"ListItem","position":1,"name":"Home","item":"https:\/\/www.detallesboda.com\/"},{"@type":"ListItem","position":2,"name":"Shop","item":"https:\/\/www.detallesboda.com\/?page_id=6"},{"@type":"ListItem","position":3,"name":"CARGADOR MP3 COCHE MULTIFUNCI\u00d3N BLUETOOTH EN CAJA"}]},{"@type":"WebSite","@id":"https:\/\/detallesboda.com\/#website","url":"https:\/\/detallesboda.com\/","name":"detallesboda.com","description":"En detallesboda.com, tenemos una gran variedad de m\u00e1s de mil art\u00edculos para regalar como detalle a tus queridos invitados. Compra online y personaliza cualquiera de nuestro productos","potentialAction":[{"@type":"SearchAction","target":{"@type":"EntryPoint","urlTemplate":"https:\/\/detallesboda.com\/?s={search_term_string}"},"query-input":{"@type":"PropertyValueSpecification","valueRequired":true,"valueName":"search_term_string"}}],"inLanguage":"en-US"}]}},"_links":{"self":[{"href":"https:\/\/detallesboda.com\/index.php?rest_route=\/wp\/v2\/product\/6160","targetHints":{"allow":["GET"]}}],"collection":[{"href":"https:\/\/detallesboda.com\/index.php?rest_route=\/wp\/v2\/product"}],"about":[{"href":"https:\/\/detallesboda.com\/index.php?rest_route=\/wp\/v2\/types\/product"}],"replies":[{"embeddable":true,"href":"https:\/\/detallesboda.com\/index.php?rest_route=%2Fwp%2Fv2%2Fcomments&post=6160"}],"wp:featuredmedia":[{"embeddable":true,"href":"https:\/\/detallesboda.com\/index.php?rest_route=\/wp\/v2\/media\/8808"}],"wp:attachment":[{"href":"https:\/\/detallesboda.com\/index.php?rest_route=%2Fwp%2Fv2%2Fmedia&parent=6160"}],"wp:term":[{"taxonomy":"product_brand","embeddable":true,"href":"https:\/\/detallesboda.com\/index.php?rest_route=%2Fwp%2Fv2%2Fproduct_brand&post=6160"},{"taxonomy":"product_cat","embeddable":true,"href":"https:\/\/detallesboda.com\/index.php?rest_route=%2Fwp%2Fv2%2Fproduct_cat&post=6160"},{"taxonomy":"product_tag","embeddable":true,"href":"https:\/\/detallesboda.com\/index.php?rest_route=%2Fwp%2Fv2%2Fproduct_tag&post=6160"}],"curies":[{"name":"wp","href":"https:\/\/api.w.org\/{rel}","templated":true}]}}