{"id":11089,"date":"2025-04-03T17:10:33","date_gmt":"2025-04-03T15:10:33","guid":{"rendered":"https:\/\/detallesboda.com\/?product=set-de-costura-presentado-en-estuche-bambu"},"modified":"2025-05-14T11:20:14","modified_gmt":"2025-05-14T09:20:14","slug":"set-de-costura-presentado-en-estuche-bambu","status":"publish","type":"product","link":"https:\/\/detallesboda.com\/?product=set-de-costura-presentado-en-estuche-bambu","title":{"rendered":"SET DE COSTURA PRESENTADO EN ESTUCHE BAMB\u00da"},"content":{"rendered":"<p>SET DE COSTURA PRESENTADO EN ESTUCHE BAMB\u00da<\/p>\n<p><span style=\"font-family:HelveticaNeue, Helvetica, Arial, Verdana, sans-serif;font-size:14px\">Pr\u00e1ctico set de costura, presentado en estuche de bamb\u00fa, con espejo interior y cierre magn\u00e9tico. Contenido:<\/span><br style=\"font-family:HelveticaNeue, Helvetica, Arial, Verdana, sans-serif;font-size:14px\" \/><br style=\"font-family:HelveticaNeue, Helvetica, Arial, Verdana, sans-serif;font-size:14px\" \/><span style=\"font-family:HelveticaNeue, Helvetica, Arial, Verdana, sans-serif;font-size:14px\">2 agujas.<\/span><br style=\"font-family:HelveticaNeue, Helvetica, Arial, Verdana, sans-serif;font-size:14px\" \/><span style=\"font-family:HelveticaNeue, Helvetica, Arial, Verdana, sans-serif;font-size:14px\">Hilo en 6 colores diferentes.<\/span><br style=\"font-family:HelveticaNeue, Helvetica, Arial, Verdana, sans-serif;font-size:14px\" \/><span style=\"font-family:HelveticaNeue, Helvetica, Arial, Verdana, sans-serif;font-size:14px\">2 botones.<\/span><br style=\"font-family:HelveticaNeue, Helvetica, Arial, Verdana, sans-serif;font-size:14px\" \/><span style=\"font-family:HelveticaNeue, Helvetica, Arial, Verdana, sans-serif;font-size:14px\">1 imperdible.<\/span><br style=\"font-family:HelveticaNeue, Helvetica, Arial, Verdana, sans-serif;font-size:14px\" \/><span style=\"font-family:HelveticaNeue, Helvetica, Arial, Verdana, sans-serif;font-size:14px\">1 enhebrador.<\/span><br style=\"font-family:HelveticaNeue, Helvetica, Arial, Verdana, sans-serif;font-size:14px\" \/><br style=\"font-family:HelveticaNeue, Helvetica, Arial, Verdana, sans-serif;font-size:14px\" \/><span style=\"font-family:HelveticaNeue, Helvetica, Arial, Verdana, sans-serif;font-size:14px\">Presentado en una caja de dise\u00f1o kraft.<\/span><\/p>\n<p style=\"line-height:21px;margin:0px 0px 6px;padding:10px 0px;font-family:HelveticaNeue, Helvetica, Arial, Verdana, sans-serif;font-size:14px\">Espejo Incluido<\/p>\n<p style=\"line-height:21px;margin:0px 0px 6px;padding:10px 0px;font-family:HelveticaNeue, Helvetica, Arial, Verdana, sans-serif;font-size:14px\">Medidas: 7,4 cm di\u00e1metro x 2 cm<span style=\"font-size:12px\">.<\/span><\/p>\n","protected":false},"excerpt":{"rendered":"<p>SET DE COSTURA PRESENTADO EN ESTUCHE BAMB\u00da<br \/>\nPr\u00e1ctic<\/p>\n","protected":false},"featured_media":11103,"comment_status":"open","ping_status":"open","template":"","meta":{"_monsterinsights_skip_tracking":false,"_monsterinsights_sitenote_active":false,"_monsterinsights_sitenote_note":"","_monsterinsights_sitenote_category":0},"product_brand":[],"product_cat":[115],"product_tag":[],"class_list":{"0":"post-11089","1":"product","2":"type-product","3":"status-publish","4":"has-post-thumbnail","6":"product_cat-ecologicos","8":"first","9":"outofstock","10":"shipping-taxable","11":"purchasable","12":"product-type-simple"},"yoast_head":"<!-- This site is optimized with the Yoast SEO Premium plugin v24.4 (Yoast SEO v24.4) - https:\/\/yoast.com\/wordpress\/plugins\/seo\/ -->\n<title>SET DE COSTURA PRESENTADO EN ESTUCHE BAMB\u00da - detallesboda.com<\/title>\n<meta name=\"robots\" content=\"index, follow, max-snippet:-1, max-image-preview:large, max-video-preview:-1\" \/>\n<link rel=\"canonical\" href=\"https:\/\/detallesboda.com\/?product=set-de-costura-presentado-en-estuche-bambu\" \/>\n<meta property=\"og:locale\" content=\"en_US\" \/>\n<meta property=\"og:type\" content=\"article\" \/>\n<meta property=\"og:title\" content=\"SET DE COSTURA PRESENTADO EN ESTUCHE BAMB\u00da\" \/>\n<meta property=\"og:description\" content=\"SET DE COSTURA PRESENTADO EN ESTUCHE BAMB\u00da Pr\u00e1ctic\" \/>\n<meta property=\"og:url\" content=\"https:\/\/detallesboda.com\/?product=set-de-costura-presentado-en-estuche-bambu\" \/>\n<meta property=\"og:site_name\" content=\"detallesboda.com\" \/>\n<meta property=\"article:modified_time\" content=\"2025-05-14T09:20:14+00:00\" \/>\n<meta property=\"og:image\" content=\"https:\/\/detallesboda.com\/wp-content\/uploads\/2025\/04\/12753.jpg\" \/>\n\t<meta property=\"og:image:width\" content=\"1080\" \/>\n\t<meta property=\"og:image:height\" content=\"1080\" \/>\n\t<meta property=\"og:image:type\" content=\"image\/jpeg\" \/>\n<meta name=\"twitter:card\" content=\"summary_large_image\" \/>\n<script type=\"application\/ld+json\" class=\"yoast-schema-graph\">{\"@context\":\"https:\/\/schema.org\",\"@graph\":[{\"@type\":\"WebPage\",\"@id\":\"https:\/\/detallesboda.com\/?product=set-de-costura-presentado-en-estuche-bambu\",\"url\":\"https:\/\/detallesboda.com\/?product=set-de-costura-presentado-en-estuche-bambu\",\"name\":\"SET DE COSTURA PRESENTADO EN ESTUCHE BAMB\u00da - detallesboda.com\",\"isPartOf\":{\"@id\":\"https:\/\/detallesboda.com\/#website\"},\"primaryImageOfPage\":{\"@id\":\"https:\/\/detallesboda.com\/?product=set-de-costura-presentado-en-estuche-bambu#primaryimage\"},\"image\":{\"@id\":\"https:\/\/detallesboda.com\/?product=set-de-costura-presentado-en-estuche-bambu#primaryimage\"},\"thumbnailUrl\":\"https:\/\/detallesboda.com\/wp-content\/uploads\/2025\/04\/12753.jpg\",\"datePublished\":\"2025-04-03T15:10:33+00:00\",\"dateModified\":\"2025-05-14T09:20:14+00:00\",\"breadcrumb\":{\"@id\":\"https:\/\/detallesboda.com\/?product=set-de-costura-presentado-en-estuche-bambu#breadcrumb\"},\"inLanguage\":\"en-US\",\"potentialAction\":[{\"@type\":\"ReadAction\",\"target\":[\"https:\/\/detallesboda.com\/?product=set-de-costura-presentado-en-estuche-bambu\"]}]},{\"@type\":\"ImageObject\",\"inLanguage\":\"en-US\",\"@id\":\"https:\/\/detallesboda.com\/?product=set-de-costura-presentado-en-estuche-bambu#primaryimage\",\"url\":\"https:\/\/detallesboda.com\/wp-content\/uploads\/2025\/04\/12753.jpg\",\"contentUrl\":\"https:\/\/detallesboda.com\/wp-content\/uploads\/2025\/04\/12753.jpg\",\"width\":1080,\"height\":1080},{\"@type\":\"BreadcrumbList\",\"@id\":\"https:\/\/detallesboda.com\/?product=set-de-costura-presentado-en-estuche-bambu#breadcrumb\",\"itemListElement\":[{\"@type\":\"ListItem\",\"position\":1,\"name\":\"Home\",\"item\":\"https:\/\/www.detallesboda.com\/\"},{\"@type\":\"ListItem\",\"position\":2,\"name\":\"Shop\",\"item\":\"https:\/\/www.detallesboda.com\/?page_id=6\"},{\"@type\":\"ListItem\",\"position\":3,\"name\":\"SET DE COSTURA PRESENTADO EN ESTUCHE BAMB\u00da\"}]},{\"@type\":\"WebSite\",\"@id\":\"https:\/\/detallesboda.com\/#website\",\"url\":\"https:\/\/detallesboda.com\/\",\"name\":\"detallesboda.com\",\"description\":\"En detallesboda.com, tenemos una gran variedad de m\u00e1s de mil art\u00edculos para regalar como detalle a tus queridos invitados. Compra online y personaliza cualquiera de nuestro productos\",\"potentialAction\":[{\"@type\":\"SearchAction\",\"target\":{\"@type\":\"EntryPoint\",\"urlTemplate\":\"https:\/\/detallesboda.com\/?s={search_term_string}\"},\"query-input\":{\"@type\":\"PropertyValueSpecification\",\"valueRequired\":true,\"valueName\":\"search_term_string\"}}],\"inLanguage\":\"en-US\"}]}<\/script>\n<!-- \/ Yoast SEO Premium plugin. -->","yoast_head_json":{"title":"SET DE COSTURA PRESENTADO EN ESTUCHE BAMB\u00da - detallesboda.com","robots":{"index":"index","follow":"follow","max-snippet":"max-snippet:-1","max-image-preview":"max-image-preview:large","max-video-preview":"max-video-preview:-1"},"canonical":"https:\/\/detallesboda.com\/?product=set-de-costura-presentado-en-estuche-bambu","og_locale":"en_US","og_type":"article","og_title":"SET DE COSTURA PRESENTADO EN ESTUCHE BAMB\u00da","og_description":"SET DE COSTURA PRESENTADO EN ESTUCHE BAMB\u00da Pr\u00e1ctic","og_url":"https:\/\/detallesboda.com\/?product=set-de-costura-presentado-en-estuche-bambu","og_site_name":"detallesboda.com","article_modified_time":"2025-05-14T09:20:14+00:00","og_image":[{"width":1080,"height":1080,"url":"https:\/\/detallesboda.com\/wp-content\/uploads\/2025\/04\/12753.jpg","type":"image\/jpeg"}],"twitter_card":"summary_large_image","schema":{"@context":"https:\/\/schema.org","@graph":[{"@type":"WebPage","@id":"https:\/\/detallesboda.com\/?product=set-de-costura-presentado-en-estuche-bambu","url":"https:\/\/detallesboda.com\/?product=set-de-costura-presentado-en-estuche-bambu","name":"SET DE COSTURA PRESENTADO EN ESTUCHE BAMB\u00da - detallesboda.com","isPartOf":{"@id":"https:\/\/detallesboda.com\/#website"},"primaryImageOfPage":{"@id":"https:\/\/detallesboda.com\/?product=set-de-costura-presentado-en-estuche-bambu#primaryimage"},"image":{"@id":"https:\/\/detallesboda.com\/?product=set-de-costura-presentado-en-estuche-bambu#primaryimage"},"thumbnailUrl":"https:\/\/detallesboda.com\/wp-content\/uploads\/2025\/04\/12753.jpg","datePublished":"2025-04-03T15:10:33+00:00","dateModified":"2025-05-14T09:20:14+00:00","breadcrumb":{"@id":"https:\/\/detallesboda.com\/?product=set-de-costura-presentado-en-estuche-bambu#breadcrumb"},"inLanguage":"en-US","potentialAction":[{"@type":"ReadAction","target":["https:\/\/detallesboda.com\/?product=set-de-costura-presentado-en-estuche-bambu"]}]},{"@type":"ImageObject","inLanguage":"en-US","@id":"https:\/\/detallesboda.com\/?product=set-de-costura-presentado-en-estuche-bambu#primaryimage","url":"https:\/\/detallesboda.com\/wp-content\/uploads\/2025\/04\/12753.jpg","contentUrl":"https:\/\/detallesboda.com\/wp-content\/uploads\/2025\/04\/12753.jpg","width":1080,"height":1080},{"@type":"BreadcrumbList","@id":"https:\/\/detallesboda.com\/?product=set-de-costura-presentado-en-estuche-bambu#breadcrumb","itemListElement":[{"@type":"ListItem","position":1,"name":"Home","item":"https:\/\/www.detallesboda.com\/"},{"@type":"ListItem","position":2,"name":"Shop","item":"https:\/\/www.detallesboda.com\/?page_id=6"},{"@type":"ListItem","position":3,"name":"SET DE COSTURA PRESENTADO EN ESTUCHE BAMB\u00da"}]},{"@type":"WebSite","@id":"https:\/\/detallesboda.com\/#website","url":"https:\/\/detallesboda.com\/","name":"detallesboda.com","description":"En detallesboda.com, tenemos una gran variedad de m\u00e1s de mil art\u00edculos para regalar como detalle a tus queridos invitados. Compra online y personaliza cualquiera de nuestro productos","potentialAction":[{"@type":"SearchAction","target":{"@type":"EntryPoint","urlTemplate":"https:\/\/detallesboda.com\/?s={search_term_string}"},"query-input":{"@type":"PropertyValueSpecification","valueRequired":true,"valueName":"search_term_string"}}],"inLanguage":"en-US"}]}},"_links":{"self":[{"href":"https:\/\/detallesboda.com\/index.php?rest_route=\/wp\/v2\/product\/11089","targetHints":{"allow":["GET"]}}],"collection":[{"href":"https:\/\/detallesboda.com\/index.php?rest_route=\/wp\/v2\/product"}],"about":[{"href":"https:\/\/detallesboda.com\/index.php?rest_route=\/wp\/v2\/types\/product"}],"replies":[{"embeddable":true,"href":"https:\/\/detallesboda.com\/index.php?rest_route=%2Fwp%2Fv2%2Fcomments&post=11089"}],"wp:featuredmedia":[{"embeddable":true,"href":"https:\/\/detallesboda.com\/index.php?rest_route=\/wp\/v2\/media\/11103"}],"wp:attachment":[{"href":"https:\/\/detallesboda.com\/index.php?rest_route=%2Fwp%2Fv2%2Fmedia&parent=11089"}],"wp:term":[{"taxonomy":"product_brand","embeddable":true,"href":"https:\/\/detallesboda.com\/index.php?rest_route=%2Fwp%2Fv2%2Fproduct_brand&post=11089"},{"taxonomy":"product_cat","embeddable":true,"href":"https:\/\/detallesboda.com\/index.php?rest_route=%2Fwp%2Fv2%2Fproduct_cat&post=11089"},{"taxonomy":"product_tag","embeddable":true,"href":"https:\/\/detallesboda.com\/index.php?rest_route=%2Fwp%2Fv2%2Fproduct_tag&post=11089"}],"curies":[{"name":"wp","href":"https:\/\/api.w.org\/{rel}","templated":true}]}}