{"id":11086,"date":"2025-04-03T17:10:30","date_gmt":"2025-04-03T15:10:30","guid":{"rendered":"https:\/\/detallesboda.com\/?product=bombon-de-semillas-eco-gracias-por-venir"},"modified":"2025-05-14T11:20:11","modified_gmt":"2025-05-14T09:20:11","slug":"bombon-de-semillas-eco-gracias-por-venir","status":"publish","type":"product","link":"https:\/\/detallesboda.com\/?product=bombon-de-semillas-eco-gracias-por-venir","title":{"rendered":"BOMB\u00d3N DE SEMILLAS ECO &#8220;GRACIAS POR VENIR&#8221;"},"content":{"rendered":"<p>BOMB\u00d3N DE SEMILLAS ECOL\u00d3GICO &#8220;GRACIAS POR VENIR&#8221;<\/p>\n<\/p>\n<p>Semillas presentado en display de cart\u00f3n reciclado con frase &#8220;T\u00fa haces este d\u00eda a\u00fan m\u00e1s especial, gracias por venir&#8221;<\/p>\n<p>Por la parte trasera aparecen las instrucciones de plantado y el distintivo Made in Europe.<\/p>\n<p>Compuesto por flores silvestres en colores surtidos.<\/p>\n<p>Medidas cart\u00f3n: 9,1 x 4,4 cm \/ Di\u00e1metro bola: 3 cm\u00a0<\/p>\n<p>Contenido semillas: 20 gr.<\/p>\n<p>*Opci\u00f3n de presentaci\u00f3n no incluido en el precio, Ref. 9100 y 9620*<\/p>\n","protected":false},"excerpt":{"rendered":"<p>BOMB\u00d3N DE SEMILLAS ECOL\u00d3GICO &#8220;GRACIAS POR VENIR&#8221;<\/p>\n","protected":false},"featured_media":11100,"comment_status":"open","ping_status":"open","template":"","meta":{"_monsterinsights_skip_tracking":false,"_monsterinsights_sitenote_active":false,"_monsterinsights_sitenote_note":"","_monsterinsights_sitenote_category":0},"product_brand":[],"product_cat":[115],"product_tag":[],"class_list":{"0":"post-11086","1":"product","2":"type-product","3":"status-publish","4":"has-post-thumbnail","6":"product_cat-ecologicos","8":"first","9":"instock","10":"shipping-taxable","11":"purchasable","12":"product-type-simple"},"yoast_head":"<!-- This site is optimized with the Yoast SEO Premium plugin v24.4 (Yoast SEO v24.4) - https:\/\/yoast.com\/wordpress\/plugins\/seo\/ -->\n<title>BOMB\u00d3N DE SEMILLAS ECO &quot;GRACIAS POR VENIR&quot; - detallesboda.com<\/title>\n<meta name=\"robots\" content=\"index, follow, max-snippet:-1, max-image-preview:large, max-video-preview:-1\" \/>\n<link rel=\"canonical\" href=\"https:\/\/detallesboda.com\/?product=bombon-de-semillas-eco-gracias-por-venir\" \/>\n<meta property=\"og:locale\" content=\"en_US\" \/>\n<meta property=\"og:type\" content=\"article\" \/>\n<meta property=\"og:title\" content=\"BOMB\u00d3N DE SEMILLAS ECO &quot;GRACIAS POR VENIR&quot;\" \/>\n<meta property=\"og:description\" content=\"BOMB\u00d3N DE SEMILLAS ECOL\u00d3GICO &quot;GRACIAS POR VENIR&quot;\" \/>\n<meta property=\"og:url\" content=\"https:\/\/detallesboda.com\/?product=bombon-de-semillas-eco-gracias-por-venir\" \/>\n<meta property=\"og:site_name\" content=\"detallesboda.com\" \/>\n<meta property=\"article:modified_time\" content=\"2025-05-14T09:20:11+00:00\" \/>\n<meta property=\"og:image\" content=\"https:\/\/detallesboda.com\/wp-content\/uploads\/2025\/04\/11892.jpg\" \/>\n\t<meta property=\"og:image:width\" content=\"560\" \/>\n\t<meta property=\"og:image:height\" content=\"1133\" \/>\n\t<meta property=\"og:image:type\" content=\"image\/jpeg\" \/>\n<meta name=\"twitter:card\" content=\"summary_large_image\" \/>\n<script type=\"application\/ld+json\" class=\"yoast-schema-graph\">{\"@context\":\"https:\/\/schema.org\",\"@graph\":[{\"@type\":\"WebPage\",\"@id\":\"https:\/\/detallesboda.com\/?product=bombon-de-semillas-eco-gracias-por-venir\",\"url\":\"https:\/\/detallesboda.com\/?product=bombon-de-semillas-eco-gracias-por-venir\",\"name\":\"BOMB\u00d3N DE SEMILLAS ECO \\\"GRACIAS POR VENIR\\\" - detallesboda.com\",\"isPartOf\":{\"@id\":\"https:\/\/detallesboda.com\/#website\"},\"primaryImageOfPage\":{\"@id\":\"https:\/\/detallesboda.com\/?product=bombon-de-semillas-eco-gracias-por-venir#primaryimage\"},\"image\":{\"@id\":\"https:\/\/detallesboda.com\/?product=bombon-de-semillas-eco-gracias-por-venir#primaryimage\"},\"thumbnailUrl\":\"https:\/\/detallesboda.com\/wp-content\/uploads\/2025\/04\/11892.jpg\",\"datePublished\":\"2025-04-03T15:10:30+00:00\",\"dateModified\":\"2025-05-14T09:20:11+00:00\",\"breadcrumb\":{\"@id\":\"https:\/\/detallesboda.com\/?product=bombon-de-semillas-eco-gracias-por-venir#breadcrumb\"},\"inLanguage\":\"en-US\",\"potentialAction\":[{\"@type\":\"ReadAction\",\"target\":[\"https:\/\/detallesboda.com\/?product=bombon-de-semillas-eco-gracias-por-venir\"]}]},{\"@type\":\"ImageObject\",\"inLanguage\":\"en-US\",\"@id\":\"https:\/\/detallesboda.com\/?product=bombon-de-semillas-eco-gracias-por-venir#primaryimage\",\"url\":\"https:\/\/detallesboda.com\/wp-content\/uploads\/2025\/04\/11892.jpg\",\"contentUrl\":\"https:\/\/detallesboda.com\/wp-content\/uploads\/2025\/04\/11892.jpg\",\"width\":560,\"height\":1133},{\"@type\":\"BreadcrumbList\",\"@id\":\"https:\/\/detallesboda.com\/?product=bombon-de-semillas-eco-gracias-por-venir#breadcrumb\",\"itemListElement\":[{\"@type\":\"ListItem\",\"position\":1,\"name\":\"Home\",\"item\":\"https:\/\/www.detallesboda.com\/\"},{\"@type\":\"ListItem\",\"position\":2,\"name\":\"Shop\",\"item\":\"https:\/\/www.detallesboda.com\/?page_id=6\"},{\"@type\":\"ListItem\",\"position\":3,\"name\":\"BOMB\u00d3N DE SEMILLAS ECO &#8220;GRACIAS POR VENIR&#8221;\"}]},{\"@type\":\"WebSite\",\"@id\":\"https:\/\/detallesboda.com\/#website\",\"url\":\"https:\/\/detallesboda.com\/\",\"name\":\"detallesboda.com\",\"description\":\"En detallesboda.com, tenemos una gran variedad de m\u00e1s de mil art\u00edculos para regalar como detalle a tus queridos invitados. Compra online y personaliza cualquiera de nuestro productos\",\"potentialAction\":[{\"@type\":\"SearchAction\",\"target\":{\"@type\":\"EntryPoint\",\"urlTemplate\":\"https:\/\/detallesboda.com\/?s={search_term_string}\"},\"query-input\":{\"@type\":\"PropertyValueSpecification\",\"valueRequired\":true,\"valueName\":\"search_term_string\"}}],\"inLanguage\":\"en-US\"}]}<\/script>\n<!-- \/ Yoast SEO Premium plugin. -->","yoast_head_json":{"title":"BOMB\u00d3N DE SEMILLAS ECO \"GRACIAS POR VENIR\" - detallesboda.com","robots":{"index":"index","follow":"follow","max-snippet":"max-snippet:-1","max-image-preview":"max-image-preview:large","max-video-preview":"max-video-preview:-1"},"canonical":"https:\/\/detallesboda.com\/?product=bombon-de-semillas-eco-gracias-por-venir","og_locale":"en_US","og_type":"article","og_title":"BOMB\u00d3N DE SEMILLAS ECO \"GRACIAS POR VENIR\"","og_description":"BOMB\u00d3N DE SEMILLAS ECOL\u00d3GICO \"GRACIAS POR VENIR\"","og_url":"https:\/\/detallesboda.com\/?product=bombon-de-semillas-eco-gracias-por-venir","og_site_name":"detallesboda.com","article_modified_time":"2025-05-14T09:20:11+00:00","og_image":[{"width":560,"height":1133,"url":"https:\/\/detallesboda.com\/wp-content\/uploads\/2025\/04\/11892.jpg","type":"image\/jpeg"}],"twitter_card":"summary_large_image","schema":{"@context":"https:\/\/schema.org","@graph":[{"@type":"WebPage","@id":"https:\/\/detallesboda.com\/?product=bombon-de-semillas-eco-gracias-por-venir","url":"https:\/\/detallesboda.com\/?product=bombon-de-semillas-eco-gracias-por-venir","name":"BOMB\u00d3N DE SEMILLAS ECO \"GRACIAS POR VENIR\" - detallesboda.com","isPartOf":{"@id":"https:\/\/detallesboda.com\/#website"},"primaryImageOfPage":{"@id":"https:\/\/detallesboda.com\/?product=bombon-de-semillas-eco-gracias-por-venir#primaryimage"},"image":{"@id":"https:\/\/detallesboda.com\/?product=bombon-de-semillas-eco-gracias-por-venir#primaryimage"},"thumbnailUrl":"https:\/\/detallesboda.com\/wp-content\/uploads\/2025\/04\/11892.jpg","datePublished":"2025-04-03T15:10:30+00:00","dateModified":"2025-05-14T09:20:11+00:00","breadcrumb":{"@id":"https:\/\/detallesboda.com\/?product=bombon-de-semillas-eco-gracias-por-venir#breadcrumb"},"inLanguage":"en-US","potentialAction":[{"@type":"ReadAction","target":["https:\/\/detallesboda.com\/?product=bombon-de-semillas-eco-gracias-por-venir"]}]},{"@type":"ImageObject","inLanguage":"en-US","@id":"https:\/\/detallesboda.com\/?product=bombon-de-semillas-eco-gracias-por-venir#primaryimage","url":"https:\/\/detallesboda.com\/wp-content\/uploads\/2025\/04\/11892.jpg","contentUrl":"https:\/\/detallesboda.com\/wp-content\/uploads\/2025\/04\/11892.jpg","width":560,"height":1133},{"@type":"BreadcrumbList","@id":"https:\/\/detallesboda.com\/?product=bombon-de-semillas-eco-gracias-por-venir#breadcrumb","itemListElement":[{"@type":"ListItem","position":1,"name":"Home","item":"https:\/\/www.detallesboda.com\/"},{"@type":"ListItem","position":2,"name":"Shop","item":"https:\/\/www.detallesboda.com\/?page_id=6"},{"@type":"ListItem","position":3,"name":"BOMB\u00d3N DE SEMILLAS ECO &#8220;GRACIAS POR VENIR&#8221;"}]},{"@type":"WebSite","@id":"https:\/\/detallesboda.com\/#website","url":"https:\/\/detallesboda.com\/","name":"detallesboda.com","description":"En detallesboda.com, tenemos una gran variedad de m\u00e1s de mil art\u00edculos para regalar como detalle a tus queridos invitados. Compra online y personaliza cualquiera de nuestro productos","potentialAction":[{"@type":"SearchAction","target":{"@type":"EntryPoint","urlTemplate":"https:\/\/detallesboda.com\/?s={search_term_string}"},"query-input":{"@type":"PropertyValueSpecification","valueRequired":true,"valueName":"search_term_string"}}],"inLanguage":"en-US"}]}},"_links":{"self":[{"href":"https:\/\/detallesboda.com\/index.php?rest_route=\/wp\/v2\/product\/11086","targetHints":{"allow":["GET"]}}],"collection":[{"href":"https:\/\/detallesboda.com\/index.php?rest_route=\/wp\/v2\/product"}],"about":[{"href":"https:\/\/detallesboda.com\/index.php?rest_route=\/wp\/v2\/types\/product"}],"replies":[{"embeddable":true,"href":"https:\/\/detallesboda.com\/index.php?rest_route=%2Fwp%2Fv2%2Fcomments&post=11086"}],"wp:featuredmedia":[{"embeddable":true,"href":"https:\/\/detallesboda.com\/index.php?rest_route=\/wp\/v2\/media\/11100"}],"wp:attachment":[{"href":"https:\/\/detallesboda.com\/index.php?rest_route=%2Fwp%2Fv2%2Fmedia&parent=11086"}],"wp:term":[{"taxonomy":"product_brand","embeddable":true,"href":"https:\/\/detallesboda.com\/index.php?rest_route=%2Fwp%2Fv2%2Fproduct_brand&post=11086"},{"taxonomy":"product_cat","embeddable":true,"href":"https:\/\/detallesboda.com\/index.php?rest_route=%2Fwp%2Fv2%2Fproduct_cat&post=11086"},{"taxonomy":"product_tag","embeddable":true,"href":"https:\/\/detallesboda.com\/index.php?rest_route=%2Fwp%2Fv2%2Fproduct_tag&post=11086"}],"curies":[{"name":"wp","href":"https:\/\/api.w.org\/{rel}","templated":true}]}}