{"id":11059,"date":"2025-04-03T17:10:15","date_gmt":"2025-04-03T15:10:15","guid":{"rendered":"https:\/\/detallesboda.com\/?product=lampara-multifuncion-plegable"},"modified":"2025-05-14T11:16:55","modified_gmt":"2025-05-14T09:16:55","slug":"lampara-multifuncion-plegable","status":"publish","type":"product","link":"https:\/\/detallesboda.com\/?product=lampara-multifuncion-plegable","title":{"rendered":"L\u00c1MPARA MULTIFUNCI\u00d3N PLEGABLE"},"content":{"rendered":"<p>L\u00c1MPARA MULTIFUNCI\u00d3N PLEGABLE<\/p>\n<\/p>\n<p>L\u00e1mpara plegable m\u00e1s cargador, m\u00e1s soporte para m\u00f3vil.<\/p>\n<p>27 Ledes.<\/p>\n<p>Cargador inal\u00e1mbrico 15W<\/p>\n<p>Material: Bamb\u00fa\/ABS<\/p>\n<p>Medidas: 9 cm di\u00e1metro x 1 cm \/ 62gr.<\/p>\n","protected":false},"excerpt":{"rendered":"<p>L\u00c1MPARA MULTIFUNCI\u00d3N PLEGABLE<\/p>\n<p>L\u00e1mpara plegable m\u00e1<\/p>\n","protected":false},"featured_media":11105,"comment_status":"open","ping_status":"open","template":"","meta":{"_monsterinsights_skip_tracking":false,"_monsterinsights_sitenote_active":false,"_monsterinsights_sitenote_note":"","_monsterinsights_sitenote_category":0},"product_brand":[],"product_cat":[113],"product_tag":[],"class_list":{"0":"post-11059","1":"product","2":"type-product","3":"status-publish","4":"has-post-thumbnail","6":"product_cat-electronica-tecnologia","8":"first","9":"outofstock","10":"shipping-taxable","11":"purchasable","12":"product-type-simple"},"yoast_head":"<!-- This site is optimized with the Yoast SEO Premium plugin v24.4 (Yoast SEO v24.4) - https:\/\/yoast.com\/wordpress\/plugins\/seo\/ -->\n<title>L\u00c1MPARA MULTIFUNCI\u00d3N PLEGABLE - detallesboda.com<\/title>\n<meta name=\"robots\" content=\"index, follow, max-snippet:-1, max-image-preview:large, max-video-preview:-1\" \/>\n<link rel=\"canonical\" href=\"https:\/\/detallesboda.com\/?product=lampara-multifuncion-plegable\" \/>\n<meta property=\"og:locale\" content=\"en_US\" \/>\n<meta property=\"og:type\" content=\"article\" \/>\n<meta property=\"og:title\" content=\"L\u00c1MPARA MULTIFUNCI\u00d3N PLEGABLE\" \/>\n<meta property=\"og:description\" content=\"L\u00c1MPARA MULTIFUNCI\u00d3N PLEGABLE L\u00e1mpara plegable m\u00e1\" \/>\n<meta property=\"og:url\" content=\"https:\/\/detallesboda.com\/?product=lampara-multifuncion-plegable\" \/>\n<meta property=\"og:site_name\" content=\"detallesboda.com\" \/>\n<meta property=\"article:modified_time\" content=\"2025-05-14T09:16:55+00:00\" \/>\n<meta property=\"og:image\" content=\"https:\/\/detallesboda.com\/wp-content\/uploads\/2025\/04\/12723.jpg\" \/>\n\t<meta property=\"og:image:width\" content=\"1080\" \/>\n\t<meta property=\"og:image:height\" content=\"1080\" \/>\n\t<meta property=\"og:image:type\" content=\"image\/jpeg\" \/>\n<meta name=\"twitter:card\" content=\"summary_large_image\" \/>\n<script type=\"application\/ld+json\" class=\"yoast-schema-graph\">{\"@context\":\"https:\/\/schema.org\",\"@graph\":[{\"@type\":\"WebPage\",\"@id\":\"https:\/\/detallesboda.com\/?product=lampara-multifuncion-plegable\",\"url\":\"https:\/\/detallesboda.com\/?product=lampara-multifuncion-plegable\",\"name\":\"L\u00c1MPARA MULTIFUNCI\u00d3N PLEGABLE - detallesboda.com\",\"isPartOf\":{\"@id\":\"https:\/\/detallesboda.com\/#website\"},\"primaryImageOfPage\":{\"@id\":\"https:\/\/detallesboda.com\/?product=lampara-multifuncion-plegable#primaryimage\"},\"image\":{\"@id\":\"https:\/\/detallesboda.com\/?product=lampara-multifuncion-plegable#primaryimage\"},\"thumbnailUrl\":\"https:\/\/detallesboda.com\/wp-content\/uploads\/2025\/04\/12723.jpg\",\"datePublished\":\"2025-04-03T15:10:15+00:00\",\"dateModified\":\"2025-05-14T09:16:55+00:00\",\"breadcrumb\":{\"@id\":\"https:\/\/detallesboda.com\/?product=lampara-multifuncion-plegable#breadcrumb\"},\"inLanguage\":\"en-US\",\"potentialAction\":[{\"@type\":\"ReadAction\",\"target\":[\"https:\/\/detallesboda.com\/?product=lampara-multifuncion-plegable\"]}]},{\"@type\":\"ImageObject\",\"inLanguage\":\"en-US\",\"@id\":\"https:\/\/detallesboda.com\/?product=lampara-multifuncion-plegable#primaryimage\",\"url\":\"https:\/\/detallesboda.com\/wp-content\/uploads\/2025\/04\/12723.jpg\",\"contentUrl\":\"https:\/\/detallesboda.com\/wp-content\/uploads\/2025\/04\/12723.jpg\",\"width\":1080,\"height\":1080},{\"@type\":\"BreadcrumbList\",\"@id\":\"https:\/\/detallesboda.com\/?product=lampara-multifuncion-plegable#breadcrumb\",\"itemListElement\":[{\"@type\":\"ListItem\",\"position\":1,\"name\":\"Home\",\"item\":\"https:\/\/www.detallesboda.com\/\"},{\"@type\":\"ListItem\",\"position\":2,\"name\":\"Shop\",\"item\":\"https:\/\/www.detallesboda.com\/?page_id=6\"},{\"@type\":\"ListItem\",\"position\":3,\"name\":\"L\u00c1MPARA MULTIFUNCI\u00d3N PLEGABLE\"}]},{\"@type\":\"WebSite\",\"@id\":\"https:\/\/detallesboda.com\/#website\",\"url\":\"https:\/\/detallesboda.com\/\",\"name\":\"detallesboda.com\",\"description\":\"En detallesboda.com, tenemos una gran variedad de m\u00e1s de mil art\u00edculos para regalar como detalle a tus queridos invitados. Compra online y personaliza cualquiera de nuestro productos\",\"potentialAction\":[{\"@type\":\"SearchAction\",\"target\":{\"@type\":\"EntryPoint\",\"urlTemplate\":\"https:\/\/detallesboda.com\/?s={search_term_string}\"},\"query-input\":{\"@type\":\"PropertyValueSpecification\",\"valueRequired\":true,\"valueName\":\"search_term_string\"}}],\"inLanguage\":\"en-US\"}]}<\/script>\n<!-- \/ Yoast SEO Premium plugin. -->","yoast_head_json":{"title":"L\u00c1MPARA MULTIFUNCI\u00d3N PLEGABLE - detallesboda.com","robots":{"index":"index","follow":"follow","max-snippet":"max-snippet:-1","max-image-preview":"max-image-preview:large","max-video-preview":"max-video-preview:-1"},"canonical":"https:\/\/detallesboda.com\/?product=lampara-multifuncion-plegable","og_locale":"en_US","og_type":"article","og_title":"L\u00c1MPARA MULTIFUNCI\u00d3N PLEGABLE","og_description":"L\u00c1MPARA MULTIFUNCI\u00d3N PLEGABLE L\u00e1mpara plegable m\u00e1","og_url":"https:\/\/detallesboda.com\/?product=lampara-multifuncion-plegable","og_site_name":"detallesboda.com","article_modified_time":"2025-05-14T09:16:55+00:00","og_image":[{"width":1080,"height":1080,"url":"https:\/\/detallesboda.com\/wp-content\/uploads\/2025\/04\/12723.jpg","type":"image\/jpeg"}],"twitter_card":"summary_large_image","schema":{"@context":"https:\/\/schema.org","@graph":[{"@type":"WebPage","@id":"https:\/\/detallesboda.com\/?product=lampara-multifuncion-plegable","url":"https:\/\/detallesboda.com\/?product=lampara-multifuncion-plegable","name":"L\u00c1MPARA MULTIFUNCI\u00d3N PLEGABLE - detallesboda.com","isPartOf":{"@id":"https:\/\/detallesboda.com\/#website"},"primaryImageOfPage":{"@id":"https:\/\/detallesboda.com\/?product=lampara-multifuncion-plegable#primaryimage"},"image":{"@id":"https:\/\/detallesboda.com\/?product=lampara-multifuncion-plegable#primaryimage"},"thumbnailUrl":"https:\/\/detallesboda.com\/wp-content\/uploads\/2025\/04\/12723.jpg","datePublished":"2025-04-03T15:10:15+00:00","dateModified":"2025-05-14T09:16:55+00:00","breadcrumb":{"@id":"https:\/\/detallesboda.com\/?product=lampara-multifuncion-plegable#breadcrumb"},"inLanguage":"en-US","potentialAction":[{"@type":"ReadAction","target":["https:\/\/detallesboda.com\/?product=lampara-multifuncion-plegable"]}]},{"@type":"ImageObject","inLanguage":"en-US","@id":"https:\/\/detallesboda.com\/?product=lampara-multifuncion-plegable#primaryimage","url":"https:\/\/detallesboda.com\/wp-content\/uploads\/2025\/04\/12723.jpg","contentUrl":"https:\/\/detallesboda.com\/wp-content\/uploads\/2025\/04\/12723.jpg","width":1080,"height":1080},{"@type":"BreadcrumbList","@id":"https:\/\/detallesboda.com\/?product=lampara-multifuncion-plegable#breadcrumb","itemListElement":[{"@type":"ListItem","position":1,"name":"Home","item":"https:\/\/www.detallesboda.com\/"},{"@type":"ListItem","position":2,"name":"Shop","item":"https:\/\/www.detallesboda.com\/?page_id=6"},{"@type":"ListItem","position":3,"name":"L\u00c1MPARA MULTIFUNCI\u00d3N PLEGABLE"}]},{"@type":"WebSite","@id":"https:\/\/detallesboda.com\/#website","url":"https:\/\/detallesboda.com\/","name":"detallesboda.com","description":"En detallesboda.com, tenemos una gran variedad de m\u00e1s de mil art\u00edculos para regalar como detalle a tus queridos invitados. Compra online y personaliza cualquiera de nuestro productos","potentialAction":[{"@type":"SearchAction","target":{"@type":"EntryPoint","urlTemplate":"https:\/\/detallesboda.com\/?s={search_term_string}"},"query-input":{"@type":"PropertyValueSpecification","valueRequired":true,"valueName":"search_term_string"}}],"inLanguage":"en-US"}]}},"_links":{"self":[{"href":"https:\/\/detallesboda.com\/index.php?rest_route=\/wp\/v2\/product\/11059","targetHints":{"allow":["GET"]}}],"collection":[{"href":"https:\/\/detallesboda.com\/index.php?rest_route=\/wp\/v2\/product"}],"about":[{"href":"https:\/\/detallesboda.com\/index.php?rest_route=\/wp\/v2\/types\/product"}],"replies":[{"embeddable":true,"href":"https:\/\/detallesboda.com\/index.php?rest_route=%2Fwp%2Fv2%2Fcomments&post=11059"}],"wp:featuredmedia":[{"embeddable":true,"href":"https:\/\/detallesboda.com\/index.php?rest_route=\/wp\/v2\/media\/11105"}],"wp:attachment":[{"href":"https:\/\/detallesboda.com\/index.php?rest_route=%2Fwp%2Fv2%2Fmedia&parent=11059"}],"wp:term":[{"taxonomy":"product_brand","embeddable":true,"href":"https:\/\/detallesboda.com\/index.php?rest_route=%2Fwp%2Fv2%2Fproduct_brand&post=11059"},{"taxonomy":"product_cat","embeddable":true,"href":"https:\/\/detallesboda.com\/index.php?rest_route=%2Fwp%2Fv2%2Fproduct_cat&post=11059"},{"taxonomy":"product_tag","embeddable":true,"href":"https:\/\/detallesboda.com\/index.php?rest_route=%2Fwp%2Fv2%2Fproduct_tag&post=11059"}],"curies":[{"name":"wp","href":"https:\/\/api.w.org\/{rel}","templated":true}]}}