{"id":11034,"date":"2025-04-03T17:10:11","date_gmt":"2025-04-03T15:10:11","guid":{"rendered":"https:\/\/detallesboda.com\/?product=memoria-usb-graduacion-nina-birrete-8gb"},"modified":"2025-05-14T11:16:51","modified_gmt":"2025-05-14T09:16:51","slug":"memoria-usb-graduacion-nina-birrete-8gb","status":"publish","type":"product","link":"https:\/\/detallesboda.com\/?product=memoria-usb-graduacion-nina-birrete-8gb","title":{"rendered":"MEMORIA USB GRADUACI\u00d3N NI\u00d1A BIRRETE 8GB"},"content":{"rendered":"<p>MEMORIA USB GRADUACI\u00d3N NI\u00d1A BIRRETE 8GB<\/p>\n<\/p>\n<p>Detalle pr\u00e1ctico para regalar como detalle de graduaci\u00f3n a los alumnos\/as en el final del curso.<\/p>\n<p>Puede servir para grabar en su interior las fotos de todo el curso para que las puedan conservar como recuerdo.<\/p>\n<p>Tiene capacidad de 8 GB.<\/p>\n<p>Medidas: 4,6 cm alto x 3,5 cm de ancho x 2 cm de profundidad.<\/p>\n<p><span style=\"text-decoration:underline\"><strong>** LAS FACCIONES\u00a0DE LA CARA\u00a0PUEDE VARIAR EN FUNCI\u00d3N DE FABRICACI\u00d3N **<\/strong><\/span><\/p>\n<p>Presentado en bolsa de celof\u00e1n transparente de protecci\u00f3n.<span style=\"text-decoration:underline\"><strong><\/strong><\/span><\/p>\n","protected":false},"excerpt":{"rendered":"<p>MEMORIA USB GRADUACI\u00d3N NI\u00d1A BIRRETE 8GB<\/p>\n<p>Detalle p<\/p>\n","protected":false},"featured_media":11116,"comment_status":"open","ping_status":"open","template":"","meta":{"_monsterinsights_skip_tracking":false,"_monsterinsights_sitenote_active":false,"_monsterinsights_sitenote_note":"","_monsterinsights_sitenote_category":0},"product_brand":[],"product_cat":[113],"product_tag":[],"class_list":{"0":"post-11034","1":"product","2":"type-product","3":"status-publish","4":"has-post-thumbnail","6":"product_cat-electronica-tecnologia","8":"first","9":"instock","10":"shipping-taxable","11":"purchasable","12":"product-type-simple"},"yoast_head":"<!-- This site is optimized with the Yoast SEO Premium plugin v24.4 (Yoast SEO v24.4) - https:\/\/yoast.com\/wordpress\/plugins\/seo\/ -->\n<title>MEMORIA USB GRADUACI\u00d3N NI\u00d1A BIRRETE 8GB - detallesboda.com<\/title>\n<meta name=\"robots\" content=\"index, follow, max-snippet:-1, max-image-preview:large, max-video-preview:-1\" \/>\n<link rel=\"canonical\" href=\"https:\/\/detallesboda.com\/?product=memoria-usb-graduacion-nina-birrete-8gb\" \/>\n<meta property=\"og:locale\" content=\"en_US\" \/>\n<meta property=\"og:type\" content=\"article\" \/>\n<meta property=\"og:title\" content=\"MEMORIA USB GRADUACI\u00d3N NI\u00d1A BIRRETE 8GB\" \/>\n<meta property=\"og:description\" content=\"MEMORIA USB GRADUACI\u00d3N NI\u00d1A BIRRETE 8GB Detalle p\" \/>\n<meta property=\"og:url\" content=\"https:\/\/detallesboda.com\/?product=memoria-usb-graduacion-nina-birrete-8gb\" \/>\n<meta property=\"og:site_name\" content=\"detallesboda.com\" \/>\n<meta property=\"article:modified_time\" content=\"2025-05-14T09:16:51+00:00\" \/>\n<meta property=\"og:image\" content=\"https:\/\/detallesboda.com\/wp-content\/uploads\/2025\/04\/10843.jpg\" \/>\n\t<meta property=\"og:image:width\" content=\"890\" \/>\n\t<meta property=\"og:image:height\" content=\"668\" \/>\n\t<meta property=\"og:image:type\" content=\"image\/jpeg\" \/>\n<meta name=\"twitter:card\" content=\"summary_large_image\" \/>\n<script type=\"application\/ld+json\" class=\"yoast-schema-graph\">{\"@context\":\"https:\/\/schema.org\",\"@graph\":[{\"@type\":\"WebPage\",\"@id\":\"https:\/\/detallesboda.com\/?product=memoria-usb-graduacion-nina-birrete-8gb\",\"url\":\"https:\/\/detallesboda.com\/?product=memoria-usb-graduacion-nina-birrete-8gb\",\"name\":\"MEMORIA USB GRADUACI\u00d3N NI\u00d1A BIRRETE 8GB - detallesboda.com\",\"isPartOf\":{\"@id\":\"https:\/\/detallesboda.com\/#website\"},\"primaryImageOfPage\":{\"@id\":\"https:\/\/detallesboda.com\/?product=memoria-usb-graduacion-nina-birrete-8gb#primaryimage\"},\"image\":{\"@id\":\"https:\/\/detallesboda.com\/?product=memoria-usb-graduacion-nina-birrete-8gb#primaryimage\"},\"thumbnailUrl\":\"https:\/\/detallesboda.com\/wp-content\/uploads\/2025\/04\/10843.jpg\",\"datePublished\":\"2025-04-03T15:10:11+00:00\",\"dateModified\":\"2025-05-14T09:16:51+00:00\",\"breadcrumb\":{\"@id\":\"https:\/\/detallesboda.com\/?product=memoria-usb-graduacion-nina-birrete-8gb#breadcrumb\"},\"inLanguage\":\"en-US\",\"potentialAction\":[{\"@type\":\"ReadAction\",\"target\":[\"https:\/\/detallesboda.com\/?product=memoria-usb-graduacion-nina-birrete-8gb\"]}]},{\"@type\":\"ImageObject\",\"inLanguage\":\"en-US\",\"@id\":\"https:\/\/detallesboda.com\/?product=memoria-usb-graduacion-nina-birrete-8gb#primaryimage\",\"url\":\"https:\/\/detallesboda.com\/wp-content\/uploads\/2025\/04\/10843.jpg\",\"contentUrl\":\"https:\/\/detallesboda.com\/wp-content\/uploads\/2025\/04\/10843.jpg\",\"width\":890,\"height\":668},{\"@type\":\"BreadcrumbList\",\"@id\":\"https:\/\/detallesboda.com\/?product=memoria-usb-graduacion-nina-birrete-8gb#breadcrumb\",\"itemListElement\":[{\"@type\":\"ListItem\",\"position\":1,\"name\":\"Home\",\"item\":\"https:\/\/www.detallesboda.com\/\"},{\"@type\":\"ListItem\",\"position\":2,\"name\":\"Shop\",\"item\":\"https:\/\/www.detallesboda.com\/?page_id=6\"},{\"@type\":\"ListItem\",\"position\":3,\"name\":\"MEMORIA USB GRADUACI\u00d3N NI\u00d1A BIRRETE 8GB\"}]},{\"@type\":\"WebSite\",\"@id\":\"https:\/\/detallesboda.com\/#website\",\"url\":\"https:\/\/detallesboda.com\/\",\"name\":\"detallesboda.com\",\"description\":\"En detallesboda.com, tenemos una gran variedad de m\u00e1s de mil art\u00edculos para regalar como detalle a tus queridos invitados. Compra online y personaliza cualquiera de nuestro productos\",\"potentialAction\":[{\"@type\":\"SearchAction\",\"target\":{\"@type\":\"EntryPoint\",\"urlTemplate\":\"https:\/\/detallesboda.com\/?s={search_term_string}\"},\"query-input\":{\"@type\":\"PropertyValueSpecification\",\"valueRequired\":true,\"valueName\":\"search_term_string\"}}],\"inLanguage\":\"en-US\"}]}<\/script>\n<!-- \/ Yoast SEO Premium plugin. -->","yoast_head_json":{"title":"MEMORIA USB GRADUACI\u00d3N NI\u00d1A BIRRETE 8GB - detallesboda.com","robots":{"index":"index","follow":"follow","max-snippet":"max-snippet:-1","max-image-preview":"max-image-preview:large","max-video-preview":"max-video-preview:-1"},"canonical":"https:\/\/detallesboda.com\/?product=memoria-usb-graduacion-nina-birrete-8gb","og_locale":"en_US","og_type":"article","og_title":"MEMORIA USB GRADUACI\u00d3N NI\u00d1A BIRRETE 8GB","og_description":"MEMORIA USB GRADUACI\u00d3N NI\u00d1A BIRRETE 8GB Detalle p","og_url":"https:\/\/detallesboda.com\/?product=memoria-usb-graduacion-nina-birrete-8gb","og_site_name":"detallesboda.com","article_modified_time":"2025-05-14T09:16:51+00:00","og_image":[{"width":890,"height":668,"url":"https:\/\/detallesboda.com\/wp-content\/uploads\/2025\/04\/10843.jpg","type":"image\/jpeg"}],"twitter_card":"summary_large_image","schema":{"@context":"https:\/\/schema.org","@graph":[{"@type":"WebPage","@id":"https:\/\/detallesboda.com\/?product=memoria-usb-graduacion-nina-birrete-8gb","url":"https:\/\/detallesboda.com\/?product=memoria-usb-graduacion-nina-birrete-8gb","name":"MEMORIA USB GRADUACI\u00d3N NI\u00d1A BIRRETE 8GB - detallesboda.com","isPartOf":{"@id":"https:\/\/detallesboda.com\/#website"},"primaryImageOfPage":{"@id":"https:\/\/detallesboda.com\/?product=memoria-usb-graduacion-nina-birrete-8gb#primaryimage"},"image":{"@id":"https:\/\/detallesboda.com\/?product=memoria-usb-graduacion-nina-birrete-8gb#primaryimage"},"thumbnailUrl":"https:\/\/detallesboda.com\/wp-content\/uploads\/2025\/04\/10843.jpg","datePublished":"2025-04-03T15:10:11+00:00","dateModified":"2025-05-14T09:16:51+00:00","breadcrumb":{"@id":"https:\/\/detallesboda.com\/?product=memoria-usb-graduacion-nina-birrete-8gb#breadcrumb"},"inLanguage":"en-US","potentialAction":[{"@type":"ReadAction","target":["https:\/\/detallesboda.com\/?product=memoria-usb-graduacion-nina-birrete-8gb"]}]},{"@type":"ImageObject","inLanguage":"en-US","@id":"https:\/\/detallesboda.com\/?product=memoria-usb-graduacion-nina-birrete-8gb#primaryimage","url":"https:\/\/detallesboda.com\/wp-content\/uploads\/2025\/04\/10843.jpg","contentUrl":"https:\/\/detallesboda.com\/wp-content\/uploads\/2025\/04\/10843.jpg","width":890,"height":668},{"@type":"BreadcrumbList","@id":"https:\/\/detallesboda.com\/?product=memoria-usb-graduacion-nina-birrete-8gb#breadcrumb","itemListElement":[{"@type":"ListItem","position":1,"name":"Home","item":"https:\/\/www.detallesboda.com\/"},{"@type":"ListItem","position":2,"name":"Shop","item":"https:\/\/www.detallesboda.com\/?page_id=6"},{"@type":"ListItem","position":3,"name":"MEMORIA USB GRADUACI\u00d3N NI\u00d1A BIRRETE 8GB"}]},{"@type":"WebSite","@id":"https:\/\/detallesboda.com\/#website","url":"https:\/\/detallesboda.com\/","name":"detallesboda.com","description":"En detallesboda.com, tenemos una gran variedad de m\u00e1s de mil art\u00edculos para regalar como detalle a tus queridos invitados. Compra online y personaliza cualquiera de nuestro productos","potentialAction":[{"@type":"SearchAction","target":{"@type":"EntryPoint","urlTemplate":"https:\/\/detallesboda.com\/?s={search_term_string}"},"query-input":{"@type":"PropertyValueSpecification","valueRequired":true,"valueName":"search_term_string"}}],"inLanguage":"en-US"}]}},"_links":{"self":[{"href":"https:\/\/detallesboda.com\/index.php?rest_route=\/wp\/v2\/product\/11034","targetHints":{"allow":["GET"]}}],"collection":[{"href":"https:\/\/detallesboda.com\/index.php?rest_route=\/wp\/v2\/product"}],"about":[{"href":"https:\/\/detallesboda.com\/index.php?rest_route=\/wp\/v2\/types\/product"}],"replies":[{"embeddable":true,"href":"https:\/\/detallesboda.com\/index.php?rest_route=%2Fwp%2Fv2%2Fcomments&post=11034"}],"wp:featuredmedia":[{"embeddable":true,"href":"https:\/\/detallesboda.com\/index.php?rest_route=\/wp\/v2\/media\/11116"}],"wp:attachment":[{"href":"https:\/\/detallesboda.com\/index.php?rest_route=%2Fwp%2Fv2%2Fmedia&parent=11034"}],"wp:term":[{"taxonomy":"product_brand","embeddable":true,"href":"https:\/\/detallesboda.com\/index.php?rest_route=%2Fwp%2Fv2%2Fproduct_brand&post=11034"},{"taxonomy":"product_cat","embeddable":true,"href":"https:\/\/detallesboda.com\/index.php?rest_route=%2Fwp%2Fv2%2Fproduct_cat&post=11034"},{"taxonomy":"product_tag","embeddable":true,"href":"https:\/\/detallesboda.com\/index.php?rest_route=%2Fwp%2Fv2%2Fproduct_tag&post=11034"}],"curies":[{"name":"wp","href":"https:\/\/api.w.org\/{rel}","templated":true}]}}