{"id":10999,"date":"2025-04-03T17:05:36","date_gmt":"2025-04-03T15:05:36","guid":{"rendered":"https:\/\/detallesboda.com\/?product=peluche-pulpo-reversible-20-cm"},"modified":"2025-05-14T12:06:34","modified_gmt":"2025-05-14T10:06:34","slug":"peluche-pulpo-reversible-20-cm","status":"publish","type":"product","link":"https:\/\/detallesboda.com\/?product=peluche-pulpo-reversible-20-cm","title":{"rendered":"PELUCHE PULPO REVERSIBLE 20 CM"},"content":{"rendered":"<p>Peluche Pulpo Reversible Carita Triste\/Sonriente 100% Originales.<\/p>\n<p>El peluche de moda en todas las redes sociales, TIK TOK, Instagram&#8230;.<\/p>\n<p>Medidas: 20 cm<\/p>\n<p>Material: Algod\u00f3n<\/p>\n<p>Se sirven en colores surtidos (Precio Unitario)<\/p>\n<p>Descripci\u00f3n:<\/p>\n<p>1. El producto es seguro y no t\u00f3xico, detalles bordados, sin piezas peque\u00f1as, de colores vivos y\u00a0suaves al tacto.<\/p>\n<p>2. Mu\u00f1eco de felpa suave con expresi\u00f3n realista,\u00a0 con contorno\u00a0definido y aspecto\u00a0realista.<\/p>\n<p>3. El exclusivo dise\u00f1o flip te ofrece diferentes experiencias visuales y sensoriales.<\/p>\n<p>4.\u00a0Limpiar a mano, con agua y una peque\u00f1a\u00a0cantidad de jab\u00f3n y dejar secar\u00a0al aire.<\/p>\n<p>5. Es un juguete ideal para ni\u00f1os, como regalo de cumplea\u00f1os, regalo de San Valent\u00edn, regalo de Navidad, etc&#8230;<\/p>\n","protected":false},"excerpt":{"rendered":"<p>Peluche Pulpo Reversible Carita Triste\/Sonriente 1<\/p>\n","protected":false},"featured_media":11016,"comment_status":"open","ping_status":"open","template":"","meta":{"_monsterinsights_skip_tracking":false,"_monsterinsights_sitenote_active":false,"_monsterinsights_sitenote_note":"","_monsterinsights_sitenote_category":0},"product_brand":[],"product_cat":[99],"product_tag":[],"class_list":{"0":"post-10999","1":"product","2":"type-product","3":"status-publish","4":"has-post-thumbnail","6":"product_cat-peluches","8":"first","9":"instock","10":"shipping-taxable","11":"purchasable","12":"product-type-simple"},"yoast_head":"<!-- This site is optimized with the Yoast SEO Premium plugin v24.4 (Yoast SEO v24.4) - https:\/\/yoast.com\/wordpress\/plugins\/seo\/ -->\n<title>PELUCHE PULPO REVERSIBLE 20 CM - detallesboda.com<\/title>\n<meta name=\"robots\" content=\"index, follow, max-snippet:-1, max-image-preview:large, max-video-preview:-1\" \/>\n<link rel=\"canonical\" href=\"https:\/\/detallesboda.com\/?product=peluche-pulpo-reversible-20-cm\" \/>\n<meta property=\"og:locale\" content=\"en_US\" \/>\n<meta property=\"og:type\" content=\"article\" \/>\n<meta property=\"og:title\" content=\"PELUCHE PULPO REVERSIBLE 20 CM\" \/>\n<meta property=\"og:description\" content=\"Peluche Pulpo Reversible Carita Triste\/Sonriente 1\" \/>\n<meta property=\"og:url\" content=\"https:\/\/detallesboda.com\/?product=peluche-pulpo-reversible-20-cm\" \/>\n<meta property=\"og:site_name\" content=\"detallesboda.com\" \/>\n<meta property=\"article:modified_time\" content=\"2025-05-14T10:06:34+00:00\" \/>\n<meta property=\"og:image\" content=\"https:\/\/detallesboda.com\/wp-content\/uploads\/2025\/04\/11822.jpg\" \/>\n\t<meta property=\"og:image:width\" content=\"800\" \/>\n\t<meta property=\"og:image:height\" content=\"800\" \/>\n\t<meta property=\"og:image:type\" content=\"image\/jpeg\" \/>\n<meta name=\"twitter:card\" content=\"summary_large_image\" \/>\n<meta name=\"twitter:label1\" content=\"Est. reading time\" \/>\n\t<meta name=\"twitter:data1\" content=\"1 minute\" \/>\n<script type=\"application\/ld+json\" class=\"yoast-schema-graph\">{\"@context\":\"https:\/\/schema.org\",\"@graph\":[{\"@type\":\"WebPage\",\"@id\":\"https:\/\/detallesboda.com\/?product=peluche-pulpo-reversible-20-cm\",\"url\":\"https:\/\/detallesboda.com\/?product=peluche-pulpo-reversible-20-cm\",\"name\":\"PELUCHE PULPO REVERSIBLE 20 CM - detallesboda.com\",\"isPartOf\":{\"@id\":\"https:\/\/detallesboda.com\/#website\"},\"primaryImageOfPage\":{\"@id\":\"https:\/\/detallesboda.com\/?product=peluche-pulpo-reversible-20-cm#primaryimage\"},\"image\":{\"@id\":\"https:\/\/detallesboda.com\/?product=peluche-pulpo-reversible-20-cm#primaryimage\"},\"thumbnailUrl\":\"https:\/\/detallesboda.com\/wp-content\/uploads\/2025\/04\/11822.jpg\",\"datePublished\":\"2025-04-03T15:05:36+00:00\",\"dateModified\":\"2025-05-14T10:06:34+00:00\",\"breadcrumb\":{\"@id\":\"https:\/\/detallesboda.com\/?product=peluche-pulpo-reversible-20-cm#breadcrumb\"},\"inLanguage\":\"en-US\",\"potentialAction\":[{\"@type\":\"ReadAction\",\"target\":[\"https:\/\/detallesboda.com\/?product=peluche-pulpo-reversible-20-cm\"]}]},{\"@type\":\"ImageObject\",\"inLanguage\":\"en-US\",\"@id\":\"https:\/\/detallesboda.com\/?product=peluche-pulpo-reversible-20-cm#primaryimage\",\"url\":\"https:\/\/detallesboda.com\/wp-content\/uploads\/2025\/04\/11822.jpg\",\"contentUrl\":\"https:\/\/detallesboda.com\/wp-content\/uploads\/2025\/04\/11822.jpg\",\"width\":800,\"height\":800},{\"@type\":\"BreadcrumbList\",\"@id\":\"https:\/\/detallesboda.com\/?product=peluche-pulpo-reversible-20-cm#breadcrumb\",\"itemListElement\":[{\"@type\":\"ListItem\",\"position\":1,\"name\":\"Home\",\"item\":\"https:\/\/www.detallesboda.com\/\"},{\"@type\":\"ListItem\",\"position\":2,\"name\":\"Shop\",\"item\":\"https:\/\/www.detallesboda.com\/?page_id=6\"},{\"@type\":\"ListItem\",\"position\":3,\"name\":\"PELUCHE PULPO REVERSIBLE 20 CM\"}]},{\"@type\":\"WebSite\",\"@id\":\"https:\/\/detallesboda.com\/#website\",\"url\":\"https:\/\/detallesboda.com\/\",\"name\":\"detallesboda.com\",\"description\":\"En detallesboda.com, tenemos una gran variedad de m\u00e1s de mil art\u00edculos para regalar como detalle a tus queridos invitados. Compra online y personaliza cualquiera de nuestro productos\",\"potentialAction\":[{\"@type\":\"SearchAction\",\"target\":{\"@type\":\"EntryPoint\",\"urlTemplate\":\"https:\/\/detallesboda.com\/?s={search_term_string}\"},\"query-input\":{\"@type\":\"PropertyValueSpecification\",\"valueRequired\":true,\"valueName\":\"search_term_string\"}}],\"inLanguage\":\"en-US\"}]}<\/script>\n<!-- \/ Yoast SEO Premium plugin. -->","yoast_head_json":{"title":"PELUCHE PULPO REVERSIBLE 20 CM - detallesboda.com","robots":{"index":"index","follow":"follow","max-snippet":"max-snippet:-1","max-image-preview":"max-image-preview:large","max-video-preview":"max-video-preview:-1"},"canonical":"https:\/\/detallesboda.com\/?product=peluche-pulpo-reversible-20-cm","og_locale":"en_US","og_type":"article","og_title":"PELUCHE PULPO REVERSIBLE 20 CM","og_description":"Peluche Pulpo Reversible Carita Triste\/Sonriente 1","og_url":"https:\/\/detallesboda.com\/?product=peluche-pulpo-reversible-20-cm","og_site_name":"detallesboda.com","article_modified_time":"2025-05-14T10:06:34+00:00","og_image":[{"width":800,"height":800,"url":"https:\/\/detallesboda.com\/wp-content\/uploads\/2025\/04\/11822.jpg","type":"image\/jpeg"}],"twitter_card":"summary_large_image","twitter_misc":{"Est. reading time":"1 minute"},"schema":{"@context":"https:\/\/schema.org","@graph":[{"@type":"WebPage","@id":"https:\/\/detallesboda.com\/?product=peluche-pulpo-reversible-20-cm","url":"https:\/\/detallesboda.com\/?product=peluche-pulpo-reversible-20-cm","name":"PELUCHE PULPO REVERSIBLE 20 CM - detallesboda.com","isPartOf":{"@id":"https:\/\/detallesboda.com\/#website"},"primaryImageOfPage":{"@id":"https:\/\/detallesboda.com\/?product=peluche-pulpo-reversible-20-cm#primaryimage"},"image":{"@id":"https:\/\/detallesboda.com\/?product=peluche-pulpo-reversible-20-cm#primaryimage"},"thumbnailUrl":"https:\/\/detallesboda.com\/wp-content\/uploads\/2025\/04\/11822.jpg","datePublished":"2025-04-03T15:05:36+00:00","dateModified":"2025-05-14T10:06:34+00:00","breadcrumb":{"@id":"https:\/\/detallesboda.com\/?product=peluche-pulpo-reversible-20-cm#breadcrumb"},"inLanguage":"en-US","potentialAction":[{"@type":"ReadAction","target":["https:\/\/detallesboda.com\/?product=peluche-pulpo-reversible-20-cm"]}]},{"@type":"ImageObject","inLanguage":"en-US","@id":"https:\/\/detallesboda.com\/?product=peluche-pulpo-reversible-20-cm#primaryimage","url":"https:\/\/detallesboda.com\/wp-content\/uploads\/2025\/04\/11822.jpg","contentUrl":"https:\/\/detallesboda.com\/wp-content\/uploads\/2025\/04\/11822.jpg","width":800,"height":800},{"@type":"BreadcrumbList","@id":"https:\/\/detallesboda.com\/?product=peluche-pulpo-reversible-20-cm#breadcrumb","itemListElement":[{"@type":"ListItem","position":1,"name":"Home","item":"https:\/\/www.detallesboda.com\/"},{"@type":"ListItem","position":2,"name":"Shop","item":"https:\/\/www.detallesboda.com\/?page_id=6"},{"@type":"ListItem","position":3,"name":"PELUCHE PULPO REVERSIBLE 20 CM"}]},{"@type":"WebSite","@id":"https:\/\/detallesboda.com\/#website","url":"https:\/\/detallesboda.com\/","name":"detallesboda.com","description":"En detallesboda.com, tenemos una gran variedad de m\u00e1s de mil art\u00edculos para regalar como detalle a tus queridos invitados. Compra online y personaliza cualquiera de nuestro productos","potentialAction":[{"@type":"SearchAction","target":{"@type":"EntryPoint","urlTemplate":"https:\/\/detallesboda.com\/?s={search_term_string}"},"query-input":{"@type":"PropertyValueSpecification","valueRequired":true,"valueName":"search_term_string"}}],"inLanguage":"en-US"}]}},"_links":{"self":[{"href":"https:\/\/detallesboda.com\/index.php?rest_route=\/wp\/v2\/product\/10999","targetHints":{"allow":["GET"]}}],"collection":[{"href":"https:\/\/detallesboda.com\/index.php?rest_route=\/wp\/v2\/product"}],"about":[{"href":"https:\/\/detallesboda.com\/index.php?rest_route=\/wp\/v2\/types\/product"}],"replies":[{"embeddable":true,"href":"https:\/\/detallesboda.com\/index.php?rest_route=%2Fwp%2Fv2%2Fcomments&post=10999"}],"wp:featuredmedia":[{"embeddable":true,"href":"https:\/\/detallesboda.com\/index.php?rest_route=\/wp\/v2\/media\/11016"}],"wp:attachment":[{"href":"https:\/\/detallesboda.com\/index.php?rest_route=%2Fwp%2Fv2%2Fmedia&parent=10999"}],"wp:term":[{"taxonomy":"product_brand","embeddable":true,"href":"https:\/\/detallesboda.com\/index.php?rest_route=%2Fwp%2Fv2%2Fproduct_brand&post=10999"},{"taxonomy":"product_cat","embeddable":true,"href":"https:\/\/detallesboda.com\/index.php?rest_route=%2Fwp%2Fv2%2Fproduct_cat&post=10999"},{"taxonomy":"product_tag","embeddable":true,"href":"https:\/\/detallesboda.com\/index.php?rest_route=%2Fwp%2Fv2%2Fproduct_tag&post=10999"}],"curies":[{"name":"wp","href":"https:\/\/api.w.org\/{rel}","templated":true}]}}