{"id":10991,"date":"2025-04-03T17:05:24","date_gmt":"2025-04-03T15:05:24","guid":{"rendered":"https:\/\/detallesboda.com\/?product=lote-20-estuches-de-carton-con-6-piezas"},"modified":"2025-05-14T12:06:25","modified_gmt":"2025-05-14T10:06:25","slug":"lote-20-estuches-de-carton-con-6-piezas","status":"publish","type":"product","link":"https:\/\/detallesboda.com\/?product=lote-20-estuches-de-carton-con-6-piezas","title":{"rendered":"LOTE 20 ESTUCHES DE CART\u00d3N CON 6 PIEZAS"},"content":{"rendered":"<p>LOTE 20 ESTUCHES DE CART\u00d3N CON 6 PIEZAS<\/p>\n<p style=\"line-height:21px;margin:0px 0px 6px;padding:10px 0px;font-family:HelveticaNeue, Helvetica, Arial, Verdana, sans-serif;font-size:14px\">Set de 6 piezas con 3 l\u00e1pices de madera con cuerpo redondo de acabado natural y mina negra, regla de 20cm con sistema m\u00e9trico en cent\u00edmetros\/pulgadas, goma de borrar y sacapuntas. Presentado en estuche de cart\u00f3n reciclado.<\/p>\n<p style=\"line-height:21px;margin:0px 0px 6px;padding:10px 0px;font-family:HelveticaNeue, Helvetica, Arial, Verdana, sans-serif;font-size:14px\">6 Piezas<\/p>\n<p style=\"line-height:21px;margin:0px 0px 6px;padding:10px 0px;font-family:HelveticaNeue, Helvetica, Arial, Verdana, sans-serif;font-size:14px\">Cart\u00f3n Reciclado<\/p>\n<p style=\"line-height:21px;margin:0px 0px 6px;padding:10px 0px;font-family:HelveticaNeue, Helvetica, Arial, Verdana, sans-serif;font-size:14px\">Medidas: 17,7 x 4,5 x 1,3 cm<\/p>\n","protected":false},"excerpt":{"rendered":"<p>LOTE 20 ESTUCHES DE CART\u00d3N CON 6 PIEZAS<br \/>\nSet de 6 p<\/p>\n","protected":false},"featured_media":11021,"comment_status":"open","ping_status":"open","template":"","meta":{"_monsterinsights_skip_tracking":false,"_monsterinsights_sitenote_active":false,"_monsterinsights_sitenote_note":"","_monsterinsights_sitenote_category":0},"product_brand":[],"product_cat":[96],"product_tag":[],"class_list":{"0":"post-10991","1":"product","2":"type-product","3":"status-publish","4":"has-post-thumbnail","6":"product_cat-outlet","8":"first","9":"outofstock","10":"shipping-taxable","11":"purchasable","12":"product-type-simple"},"yoast_head":"<!-- This site is optimized with the Yoast SEO Premium plugin v24.4 (Yoast SEO v24.4) - https:\/\/yoast.com\/wordpress\/plugins\/seo\/ -->\n<title>LOTE 20 ESTUCHES DE CART\u00d3N CON 6 PIEZAS - detallesboda.com<\/title>\n<meta name=\"robots\" content=\"index, follow, max-snippet:-1, max-image-preview:large, max-video-preview:-1\" \/>\n<link rel=\"canonical\" href=\"https:\/\/detallesboda.com\/?product=lote-20-estuches-de-carton-con-6-piezas\" \/>\n<meta property=\"og:locale\" content=\"en_US\" \/>\n<meta property=\"og:type\" content=\"article\" \/>\n<meta property=\"og:title\" content=\"LOTE 20 ESTUCHES DE CART\u00d3N CON 6 PIEZAS\" \/>\n<meta property=\"og:description\" content=\"LOTE 20 ESTUCHES DE CART\u00d3N CON 6 PIEZAS Set de 6 p\" \/>\n<meta property=\"og:url\" content=\"https:\/\/detallesboda.com\/?product=lote-20-estuches-de-carton-con-6-piezas\" \/>\n<meta property=\"og:site_name\" content=\"detallesboda.com\" \/>\n<meta property=\"article:modified_time\" content=\"2025-05-14T10:06:25+00:00\" \/>\n<meta property=\"og:image\" content=\"https:\/\/detallesboda.com\/wp-content\/uploads\/2025\/04\/12811.jpg\" \/>\n\t<meta property=\"og:image:width\" content=\"1080\" \/>\n\t<meta property=\"og:image:height\" content=\"1080\" \/>\n\t<meta property=\"og:image:type\" content=\"image\/jpeg\" \/>\n<meta name=\"twitter:card\" content=\"summary_large_image\" \/>\n<script type=\"application\/ld+json\" class=\"yoast-schema-graph\">{\"@context\":\"https:\/\/schema.org\",\"@graph\":[{\"@type\":\"WebPage\",\"@id\":\"https:\/\/detallesboda.com\/?product=lote-20-estuches-de-carton-con-6-piezas\",\"url\":\"https:\/\/detallesboda.com\/?product=lote-20-estuches-de-carton-con-6-piezas\",\"name\":\"LOTE 20 ESTUCHES DE CART\u00d3N CON 6 PIEZAS - detallesboda.com\",\"isPartOf\":{\"@id\":\"https:\/\/detallesboda.com\/#website\"},\"primaryImageOfPage\":{\"@id\":\"https:\/\/detallesboda.com\/?product=lote-20-estuches-de-carton-con-6-piezas#primaryimage\"},\"image\":{\"@id\":\"https:\/\/detallesboda.com\/?product=lote-20-estuches-de-carton-con-6-piezas#primaryimage\"},\"thumbnailUrl\":\"https:\/\/detallesboda.com\/wp-content\/uploads\/2025\/04\/12811.jpg\",\"datePublished\":\"2025-04-03T15:05:24+00:00\",\"dateModified\":\"2025-05-14T10:06:25+00:00\",\"breadcrumb\":{\"@id\":\"https:\/\/detallesboda.com\/?product=lote-20-estuches-de-carton-con-6-piezas#breadcrumb\"},\"inLanguage\":\"en-US\",\"potentialAction\":[{\"@type\":\"ReadAction\",\"target\":[\"https:\/\/detallesboda.com\/?product=lote-20-estuches-de-carton-con-6-piezas\"]}]},{\"@type\":\"ImageObject\",\"inLanguage\":\"en-US\",\"@id\":\"https:\/\/detallesboda.com\/?product=lote-20-estuches-de-carton-con-6-piezas#primaryimage\",\"url\":\"https:\/\/detallesboda.com\/wp-content\/uploads\/2025\/04\/12811.jpg\",\"contentUrl\":\"https:\/\/detallesboda.com\/wp-content\/uploads\/2025\/04\/12811.jpg\",\"width\":1080,\"height\":1080},{\"@type\":\"BreadcrumbList\",\"@id\":\"https:\/\/detallesboda.com\/?product=lote-20-estuches-de-carton-con-6-piezas#breadcrumb\",\"itemListElement\":[{\"@type\":\"ListItem\",\"position\":1,\"name\":\"Home\",\"item\":\"https:\/\/www.detallesboda.com\/\"},{\"@type\":\"ListItem\",\"position\":2,\"name\":\"Shop\",\"item\":\"https:\/\/www.detallesboda.com\/?page_id=6\"},{\"@type\":\"ListItem\",\"position\":3,\"name\":\"LOTE 20 ESTUCHES DE CART\u00d3N CON 6 PIEZAS\"}]},{\"@type\":\"WebSite\",\"@id\":\"https:\/\/detallesboda.com\/#website\",\"url\":\"https:\/\/detallesboda.com\/\",\"name\":\"detallesboda.com\",\"description\":\"En detallesboda.com, tenemos una gran variedad de m\u00e1s de mil art\u00edculos para regalar como detalle a tus queridos invitados. Compra online y personaliza cualquiera de nuestro productos\",\"potentialAction\":[{\"@type\":\"SearchAction\",\"target\":{\"@type\":\"EntryPoint\",\"urlTemplate\":\"https:\/\/detallesboda.com\/?s={search_term_string}\"},\"query-input\":{\"@type\":\"PropertyValueSpecification\",\"valueRequired\":true,\"valueName\":\"search_term_string\"}}],\"inLanguage\":\"en-US\"}]}<\/script>\n<!-- \/ Yoast SEO Premium plugin. -->","yoast_head_json":{"title":"LOTE 20 ESTUCHES DE CART\u00d3N CON 6 PIEZAS - detallesboda.com","robots":{"index":"index","follow":"follow","max-snippet":"max-snippet:-1","max-image-preview":"max-image-preview:large","max-video-preview":"max-video-preview:-1"},"canonical":"https:\/\/detallesboda.com\/?product=lote-20-estuches-de-carton-con-6-piezas","og_locale":"en_US","og_type":"article","og_title":"LOTE 20 ESTUCHES DE CART\u00d3N CON 6 PIEZAS","og_description":"LOTE 20 ESTUCHES DE CART\u00d3N CON 6 PIEZAS Set de 6 p","og_url":"https:\/\/detallesboda.com\/?product=lote-20-estuches-de-carton-con-6-piezas","og_site_name":"detallesboda.com","article_modified_time":"2025-05-14T10:06:25+00:00","og_image":[{"width":1080,"height":1080,"url":"https:\/\/detallesboda.com\/wp-content\/uploads\/2025\/04\/12811.jpg","type":"image\/jpeg"}],"twitter_card":"summary_large_image","schema":{"@context":"https:\/\/schema.org","@graph":[{"@type":"WebPage","@id":"https:\/\/detallesboda.com\/?product=lote-20-estuches-de-carton-con-6-piezas","url":"https:\/\/detallesboda.com\/?product=lote-20-estuches-de-carton-con-6-piezas","name":"LOTE 20 ESTUCHES DE CART\u00d3N CON 6 PIEZAS - detallesboda.com","isPartOf":{"@id":"https:\/\/detallesboda.com\/#website"},"primaryImageOfPage":{"@id":"https:\/\/detallesboda.com\/?product=lote-20-estuches-de-carton-con-6-piezas#primaryimage"},"image":{"@id":"https:\/\/detallesboda.com\/?product=lote-20-estuches-de-carton-con-6-piezas#primaryimage"},"thumbnailUrl":"https:\/\/detallesboda.com\/wp-content\/uploads\/2025\/04\/12811.jpg","datePublished":"2025-04-03T15:05:24+00:00","dateModified":"2025-05-14T10:06:25+00:00","breadcrumb":{"@id":"https:\/\/detallesboda.com\/?product=lote-20-estuches-de-carton-con-6-piezas#breadcrumb"},"inLanguage":"en-US","potentialAction":[{"@type":"ReadAction","target":["https:\/\/detallesboda.com\/?product=lote-20-estuches-de-carton-con-6-piezas"]}]},{"@type":"ImageObject","inLanguage":"en-US","@id":"https:\/\/detallesboda.com\/?product=lote-20-estuches-de-carton-con-6-piezas#primaryimage","url":"https:\/\/detallesboda.com\/wp-content\/uploads\/2025\/04\/12811.jpg","contentUrl":"https:\/\/detallesboda.com\/wp-content\/uploads\/2025\/04\/12811.jpg","width":1080,"height":1080},{"@type":"BreadcrumbList","@id":"https:\/\/detallesboda.com\/?product=lote-20-estuches-de-carton-con-6-piezas#breadcrumb","itemListElement":[{"@type":"ListItem","position":1,"name":"Home","item":"https:\/\/www.detallesboda.com\/"},{"@type":"ListItem","position":2,"name":"Shop","item":"https:\/\/www.detallesboda.com\/?page_id=6"},{"@type":"ListItem","position":3,"name":"LOTE 20 ESTUCHES DE CART\u00d3N CON 6 PIEZAS"}]},{"@type":"WebSite","@id":"https:\/\/detallesboda.com\/#website","url":"https:\/\/detallesboda.com\/","name":"detallesboda.com","description":"En detallesboda.com, tenemos una gran variedad de m\u00e1s de mil art\u00edculos para regalar como detalle a tus queridos invitados. Compra online y personaliza cualquiera de nuestro productos","potentialAction":[{"@type":"SearchAction","target":{"@type":"EntryPoint","urlTemplate":"https:\/\/detallesboda.com\/?s={search_term_string}"},"query-input":{"@type":"PropertyValueSpecification","valueRequired":true,"valueName":"search_term_string"}}],"inLanguage":"en-US"}]}},"_links":{"self":[{"href":"https:\/\/detallesboda.com\/index.php?rest_route=\/wp\/v2\/product\/10991","targetHints":{"allow":["GET"]}}],"collection":[{"href":"https:\/\/detallesboda.com\/index.php?rest_route=\/wp\/v2\/product"}],"about":[{"href":"https:\/\/detallesboda.com\/index.php?rest_route=\/wp\/v2\/types\/product"}],"replies":[{"embeddable":true,"href":"https:\/\/detallesboda.com\/index.php?rest_route=%2Fwp%2Fv2%2Fcomments&post=10991"}],"wp:featuredmedia":[{"embeddable":true,"href":"https:\/\/detallesboda.com\/index.php?rest_route=\/wp\/v2\/media\/11021"}],"wp:attachment":[{"href":"https:\/\/detallesboda.com\/index.php?rest_route=%2Fwp%2Fv2%2Fmedia&parent=10991"}],"wp:term":[{"taxonomy":"product_brand","embeddable":true,"href":"https:\/\/detallesboda.com\/index.php?rest_route=%2Fwp%2Fv2%2Fproduct_brand&post=10991"},{"taxonomy":"product_cat","embeddable":true,"href":"https:\/\/detallesboda.com\/index.php?rest_route=%2Fwp%2Fv2%2Fproduct_cat&post=10991"},{"taxonomy":"product_tag","embeddable":true,"href":"https:\/\/detallesboda.com\/index.php?rest_route=%2Fwp%2Fv2%2Fproduct_tag&post=10991"}],"curies":[{"name":"wp","href":"https:\/\/api.w.org\/{rel}","templated":true}]}}