{"id":10404,"date":"2025-04-03T14:00:45","date_gmt":"2025-04-03T12:00:45","guid":{"rendered":"https:\/\/detallesboda.com\/?product=tara-lote-de-5-relojes-inteligente-macaron-en-caja"},"modified":"2025-05-14T11:40:36","modified_gmt":"2025-05-14T09:40:36","slug":"tara-lote-de-5-relojes-inteligente-macaron-en-caja","status":"publish","type":"product","link":"https:\/\/detallesboda.com\/?product=tara-lote-de-5-relojes-inteligente-macaron-en-caja","title":{"rendered":"TARA- LOTE DE 5  RELOJES INTELIGENTE MACARON EN CAJA"},"content":{"rendered":"<p>RELOJ INTELIGENTE MACARON<\/p>\n<p>APLICACI\u00d3N: FitPro\u00a0 Versi\u00f3n inal\u00e1mbrica: inal\u00e1mbrica 4.0\u00a0<\/p>\n<p>Idioma: ingl\u00e9s, franc\u00e9s, italiano, japon\u00e9s, coreano, polaco, portugu\u00e9s, ruso, chino simplificado, espa\u00f1ol, chino tradicional, etc.<\/p>\n<p>Resistente al agua\/resistente al agua: S\u00ed (no para nadar)<\/p>\n<p>Modo de funcionamiento: bot\u00f3n t\u00e1ctil<\/p>\n<p>Encendido: mantenga presionada la tecla de funci\u00f3n<\/p>\n<p>Tipo de pantalla: LCD TFT de 1,3 pulgadas<\/p>\n<p>Almacenamiento (FLASH) 16 MB + 128 KB<\/p>\n<p>Sistema operativo compatible: Android, IOS<\/p>\n<p>Tiempo de espera: 4-7 d\u00edas de uso normal; 30 d\u00edas en espera basado en 230 mAh<\/p>\n<p>Funciones: Deporte, Mensaje, Despertador, Ox\u00edgeno en sangre, Fecha, Medici\u00f3n de la frecuencia card\u00edaca, Recordatorio sedentario, Gesti\u00f3n del sue\u00f1o, Tiempo.<\/p>\n<p>Tipo de notificaci\u00f3n: Facebook, Twitter, Wechat, WhatsApp<\/p>\n<p>Tipo de alerta: Vibraci\u00f3n<\/p>\n<p>Manual de instrucciones incluido en ingl\u00e9s.<\/p>\n<p>Nota: las tomas de luz y las diferentes pantallas pueden hacer que el color del art\u00edculo en la imagen sea un poco diferente al real.<\/p>\n<p>Instrucciones en Ingl\u00e9s<\/p>\n<\/p>\n<p>Medidas Pantalla: 4,5 x 3,5\u00a0 x 1 cm<\/p>\n<p>Medidas Totales con correa: 26 x 2 cm\u00a0<\/p>\n<p><strong>TARA: CAJA CHAFADA\u00a0<\/strong><\/p>\n<p><strong> <\/strong><\/p>\n","protected":false},"excerpt":{"rendered":"<p>RELOJ INTELIGENTE MACARON<br \/>\nAPLICACI\u00d3N: FitPro\u00a0 Vers<\/p>\n","protected":false},"featured_media":10429,"comment_status":"open","ping_status":"open","template":"","meta":{"_monsterinsights_skip_tracking":false,"_monsterinsights_sitenote_active":false,"_monsterinsights_sitenote_note":"","_monsterinsights_sitenote_category":0},"product_brand":[],"product_cat":[73],"product_tag":[],"class_list":{"0":"post-10404","1":"product","2":"type-product","3":"status-publish","4":"has-post-thumbnail","6":"product_cat-inicio","8":"first","9":"outofstock","10":"shipping-taxable","11":"purchasable","12":"product-type-simple"},"yoast_head":"<!-- This site is optimized with the Yoast SEO Premium plugin v24.4 (Yoast SEO v24.4) - https:\/\/yoast.com\/wordpress\/plugins\/seo\/ -->\n<title>TARA- LOTE DE 5 RELOJES INTELIGENTE MACARON EN CAJA - detallesboda.com<\/title>\n<meta name=\"robots\" content=\"index, follow, max-snippet:-1, max-image-preview:large, max-video-preview:-1\" \/>\n<link rel=\"canonical\" href=\"https:\/\/detallesboda.com\/?product=tara-lote-de-5-relojes-inteligente-macaron-en-caja\" \/>\n<meta property=\"og:locale\" content=\"en_US\" \/>\n<meta property=\"og:type\" content=\"article\" \/>\n<meta property=\"og:title\" content=\"TARA- LOTE DE 5 RELOJES INTELIGENTE MACARON EN CAJA\" \/>\n<meta property=\"og:description\" content=\"RELOJ INTELIGENTE MACARON APLICACI\u00d3N: FitPro\u00a0 Vers\" \/>\n<meta property=\"og:url\" content=\"https:\/\/detallesboda.com\/?product=tara-lote-de-5-relojes-inteligente-macaron-en-caja\" \/>\n<meta property=\"og:site_name\" content=\"detallesboda.com\" \/>\n<meta property=\"article:modified_time\" content=\"2025-05-14T09:40:36+00:00\" \/>\n<meta property=\"og:image\" content=\"https:\/\/detallesboda.com\/wp-content\/uploads\/2025\/04\/12423.jpg\" \/>\n\t<meta property=\"og:image:width\" content=\"800\" \/>\n\t<meta property=\"og:image:height\" content=\"800\" \/>\n\t<meta property=\"og:image:type\" content=\"image\/jpeg\" \/>\n<meta name=\"twitter:card\" content=\"summary_large_image\" \/>\n<meta name=\"twitter:label1\" content=\"Est. reading time\" \/>\n\t<meta name=\"twitter:data1\" content=\"1 minute\" \/>\n<script type=\"application\/ld+json\" class=\"yoast-schema-graph\">{\"@context\":\"https:\/\/schema.org\",\"@graph\":[{\"@type\":\"WebPage\",\"@id\":\"https:\/\/detallesboda.com\/?product=tara-lote-de-5-relojes-inteligente-macaron-en-caja\",\"url\":\"https:\/\/detallesboda.com\/?product=tara-lote-de-5-relojes-inteligente-macaron-en-caja\",\"name\":\"TARA- LOTE DE 5 RELOJES INTELIGENTE MACARON EN CAJA - detallesboda.com\",\"isPartOf\":{\"@id\":\"https:\/\/detallesboda.com\/#website\"},\"primaryImageOfPage\":{\"@id\":\"https:\/\/detallesboda.com\/?product=tara-lote-de-5-relojes-inteligente-macaron-en-caja#primaryimage\"},\"image\":{\"@id\":\"https:\/\/detallesboda.com\/?product=tara-lote-de-5-relojes-inteligente-macaron-en-caja#primaryimage\"},\"thumbnailUrl\":\"https:\/\/detallesboda.com\/wp-content\/uploads\/2025\/04\/12423.jpg\",\"datePublished\":\"2025-04-03T12:00:45+00:00\",\"dateModified\":\"2025-05-14T09:40:36+00:00\",\"breadcrumb\":{\"@id\":\"https:\/\/detallesboda.com\/?product=tara-lote-de-5-relojes-inteligente-macaron-en-caja#breadcrumb\"},\"inLanguage\":\"en-US\",\"potentialAction\":[{\"@type\":\"ReadAction\",\"target\":[\"https:\/\/detallesboda.com\/?product=tara-lote-de-5-relojes-inteligente-macaron-en-caja\"]}]},{\"@type\":\"ImageObject\",\"inLanguage\":\"en-US\",\"@id\":\"https:\/\/detallesboda.com\/?product=tara-lote-de-5-relojes-inteligente-macaron-en-caja#primaryimage\",\"url\":\"https:\/\/detallesboda.com\/wp-content\/uploads\/2025\/04\/12423.jpg\",\"contentUrl\":\"https:\/\/detallesboda.com\/wp-content\/uploads\/2025\/04\/12423.jpg\",\"width\":800,\"height\":800},{\"@type\":\"BreadcrumbList\",\"@id\":\"https:\/\/detallesboda.com\/?product=tara-lote-de-5-relojes-inteligente-macaron-en-caja#breadcrumb\",\"itemListElement\":[{\"@type\":\"ListItem\",\"position\":1,\"name\":\"Home\",\"item\":\"https:\/\/www.detallesboda.com\/\"},{\"@type\":\"ListItem\",\"position\":2,\"name\":\"Shop\",\"item\":\"https:\/\/www.detallesboda.com\/?page_id=6\"},{\"@type\":\"ListItem\",\"position\":3,\"name\":\"TARA- LOTE DE 5 RELOJES INTELIGENTE MACARON EN CAJA\"}]},{\"@type\":\"WebSite\",\"@id\":\"https:\/\/detallesboda.com\/#website\",\"url\":\"https:\/\/detallesboda.com\/\",\"name\":\"detallesboda.com\",\"description\":\"En detallesboda.com, tenemos una gran variedad de m\u00e1s de mil art\u00edculos para regalar como detalle a tus queridos invitados. Compra online y personaliza cualquiera de nuestro productos\",\"potentialAction\":[{\"@type\":\"SearchAction\",\"target\":{\"@type\":\"EntryPoint\",\"urlTemplate\":\"https:\/\/detallesboda.com\/?s={search_term_string}\"},\"query-input\":{\"@type\":\"PropertyValueSpecification\",\"valueRequired\":true,\"valueName\":\"search_term_string\"}}],\"inLanguage\":\"en-US\"}]}<\/script>\n<!-- \/ Yoast SEO Premium plugin. -->","yoast_head_json":{"title":"TARA- LOTE DE 5 RELOJES INTELIGENTE MACARON EN CAJA - detallesboda.com","robots":{"index":"index","follow":"follow","max-snippet":"max-snippet:-1","max-image-preview":"max-image-preview:large","max-video-preview":"max-video-preview:-1"},"canonical":"https:\/\/detallesboda.com\/?product=tara-lote-de-5-relojes-inteligente-macaron-en-caja","og_locale":"en_US","og_type":"article","og_title":"TARA- LOTE DE 5 RELOJES INTELIGENTE MACARON EN CAJA","og_description":"RELOJ INTELIGENTE MACARON APLICACI\u00d3N: FitPro\u00a0 Vers","og_url":"https:\/\/detallesboda.com\/?product=tara-lote-de-5-relojes-inteligente-macaron-en-caja","og_site_name":"detallesboda.com","article_modified_time":"2025-05-14T09:40:36+00:00","og_image":[{"width":800,"height":800,"url":"https:\/\/detallesboda.com\/wp-content\/uploads\/2025\/04\/12423.jpg","type":"image\/jpeg"}],"twitter_card":"summary_large_image","twitter_misc":{"Est. reading time":"1 minute"},"schema":{"@context":"https:\/\/schema.org","@graph":[{"@type":"WebPage","@id":"https:\/\/detallesboda.com\/?product=tara-lote-de-5-relojes-inteligente-macaron-en-caja","url":"https:\/\/detallesboda.com\/?product=tara-lote-de-5-relojes-inteligente-macaron-en-caja","name":"TARA- LOTE DE 5 RELOJES INTELIGENTE MACARON EN CAJA - detallesboda.com","isPartOf":{"@id":"https:\/\/detallesboda.com\/#website"},"primaryImageOfPage":{"@id":"https:\/\/detallesboda.com\/?product=tara-lote-de-5-relojes-inteligente-macaron-en-caja#primaryimage"},"image":{"@id":"https:\/\/detallesboda.com\/?product=tara-lote-de-5-relojes-inteligente-macaron-en-caja#primaryimage"},"thumbnailUrl":"https:\/\/detallesboda.com\/wp-content\/uploads\/2025\/04\/12423.jpg","datePublished":"2025-04-03T12:00:45+00:00","dateModified":"2025-05-14T09:40:36+00:00","breadcrumb":{"@id":"https:\/\/detallesboda.com\/?product=tara-lote-de-5-relojes-inteligente-macaron-en-caja#breadcrumb"},"inLanguage":"en-US","potentialAction":[{"@type":"ReadAction","target":["https:\/\/detallesboda.com\/?product=tara-lote-de-5-relojes-inteligente-macaron-en-caja"]}]},{"@type":"ImageObject","inLanguage":"en-US","@id":"https:\/\/detallesboda.com\/?product=tara-lote-de-5-relojes-inteligente-macaron-en-caja#primaryimage","url":"https:\/\/detallesboda.com\/wp-content\/uploads\/2025\/04\/12423.jpg","contentUrl":"https:\/\/detallesboda.com\/wp-content\/uploads\/2025\/04\/12423.jpg","width":800,"height":800},{"@type":"BreadcrumbList","@id":"https:\/\/detallesboda.com\/?product=tara-lote-de-5-relojes-inteligente-macaron-en-caja#breadcrumb","itemListElement":[{"@type":"ListItem","position":1,"name":"Home","item":"https:\/\/www.detallesboda.com\/"},{"@type":"ListItem","position":2,"name":"Shop","item":"https:\/\/www.detallesboda.com\/?page_id=6"},{"@type":"ListItem","position":3,"name":"TARA- LOTE DE 5 RELOJES INTELIGENTE MACARON EN CAJA"}]},{"@type":"WebSite","@id":"https:\/\/detallesboda.com\/#website","url":"https:\/\/detallesboda.com\/","name":"detallesboda.com","description":"En detallesboda.com, tenemos una gran variedad de m\u00e1s de mil art\u00edculos para regalar como detalle a tus queridos invitados. Compra online y personaliza cualquiera de nuestro productos","potentialAction":[{"@type":"SearchAction","target":{"@type":"EntryPoint","urlTemplate":"https:\/\/detallesboda.com\/?s={search_term_string}"},"query-input":{"@type":"PropertyValueSpecification","valueRequired":true,"valueName":"search_term_string"}}],"inLanguage":"en-US"}]}},"_links":{"self":[{"href":"https:\/\/detallesboda.com\/index.php?rest_route=\/wp\/v2\/product\/10404","targetHints":{"allow":["GET"]}}],"collection":[{"href":"https:\/\/detallesboda.com\/index.php?rest_route=\/wp\/v2\/product"}],"about":[{"href":"https:\/\/detallesboda.com\/index.php?rest_route=\/wp\/v2\/types\/product"}],"replies":[{"embeddable":true,"href":"https:\/\/detallesboda.com\/index.php?rest_route=%2Fwp%2Fv2%2Fcomments&post=10404"}],"wp:featuredmedia":[{"embeddable":true,"href":"https:\/\/detallesboda.com\/index.php?rest_route=\/wp\/v2\/media\/10429"}],"wp:attachment":[{"href":"https:\/\/detallesboda.com\/index.php?rest_route=%2Fwp%2Fv2%2Fmedia&parent=10404"}],"wp:term":[{"taxonomy":"product_brand","embeddable":true,"href":"https:\/\/detallesboda.com\/index.php?rest_route=%2Fwp%2Fv2%2Fproduct_brand&post=10404"},{"taxonomy":"product_cat","embeddable":true,"href":"https:\/\/detallesboda.com\/index.php?rest_route=%2Fwp%2Fv2%2Fproduct_cat&post=10404"},{"taxonomy":"product_tag","embeddable":true,"href":"https:\/\/detallesboda.com\/index.php?rest_route=%2Fwp%2Fv2%2Fproduct_tag&post=10404"}],"curies":[{"name":"wp","href":"https:\/\/api.w.org\/{rel}","templated":true}]}}